{"id":3578,"date":"2023-03-31T21:24:05","date_gmt":"2023-03-31T19:24:05","guid":{"rendered":"https:\/\/photocmb.art\/?page_id=3578"},"modified":"2023-04-15T15:32:08","modified_gmt":"2023-04-15T13:32:08","slug":"politique-de-confidentialite","status":"publish","type":"page","link":"https:\/\/photocmb.art\/ja\/politique-de-confidentialite\/","title":{"rendered":"Politique de confidentialit\u00e9"},"content":{"rendered":"<div data-elementor-type=\"wp-page\" data-elementor-id=\"3578\" class=\"elementor elementor-3578\">\n\t\t\t\t\t\t<section class=\"elementor-section elementor-top-section elementor-element elementor-element-5f27170 elementor-section-boxed elementor-section-height-default elementor-section-height-default\" data-id=\"5f27170\" data-element_type=\"section\" data-e-type=\"section\">\n\t\t\t\t\t\t<div class=\"elementor-container elementor-column-gap-default\">\n\t\t\t\t\t<div class=\"elementor-column elementor-col-100 elementor-top-column elementor-element elementor-element-c3bdb5d\" data-id=\"c3bdb5d\" data-element_type=\"column\" data-e-type=\"column\" data-settings=\"{&quot;background_background&quot;:&quot;classic&quot;}\">\n\t\t\t<div class=\"elementor-widget-wrap elementor-element-populated\">\n\t\t\t\t\t\t<div class=\"elementor-element elementor-element-65e30c4 elementor-widget elementor-widget-heading\" data-id=\"65e30c4\" data-element_type=\"widget\" data-e-type=\"widget\" data-widget_type=\"heading.default\">\n\t\t\t\t<div class=\"elementor-widget-container\">\n\t\t\t\t\t<h1 class=\"elementor-heading-title elementor-size-default\">Politique de confidentialit\u00e9<\/h1>\t\t\t\t<\/div>\n\t\t\t\t<\/div>\n\t\t\t\t<div class=\"elementor-element elementor-element-4402c2b elementor-widget elementor-widget-heading\" data-id=\"4402c2b\" data-element_type=\"widget\" data-e-type=\"widget\" data-widget_type=\"heading.default\">\n\t\t\t\t<div class=\"elementor-widget-container\">\n\t\t\t\t\t<h2 class=\"elementor-heading-title elementor-size-default\">Introduction<\/h2>\t\t\t\t<\/div>\n\t\t\t\t<\/div>\n\t\t\t\t<div class=\"elementor-element elementor-element-80371c6 elementor-widget elementor-widget-text-editor\" data-id=\"80371c6\" data-element_type=\"widget\" data-e-type=\"widget\" data-widget_type=\"text-editor.default\">\n\t\t\t\t<div class=\"elementor-widget-container translation-block\"><style>\/*! elementor - v3.12.1 - 02-04-2023 *\/\r\n.elementor-widget-text-editor.elementor-drop-cap-view-stacked .elementor-drop-cap{background-color:#69727d;color:#fff}.elementor-widget-text-editor.elementor-drop-cap-view-framed .elementor-drop-cap{color:#69727d;border:3px solid;background-color:transparent}.elementor-widget-text-editor:not(.elementor-drop-cap-view-default) .elementor-drop-cap{margin-top:8px}.elementor-widget-text-editor:not(.elementor-drop-cap-view-default) .elementor-drop-cap-letter{width:1em;height:1em}.elementor-widget-text-editor .elementor-drop-cap{float:left;text-align:center;line-height:1;font-size:50px}.elementor-widget-text-editor .elementor-drop-cap-letter{display:inline-block}<\/style>\t\t\t\tNotre site web, https:\/\/photocmb.art (ci-apr\u00e8s : \u00ab le site web \u00bb) utilise des cookies et autres technologies li\u00e9es (par simplification,<br> toutes ces technologies sont d\u00e9sign\u00e9es par le terme \u00ab cookies \u00bb). Des cookies sont \u00e9galement plac\u00e9s par des tierces parties que<br> nous avons engag\u00e9es. Dans le document ci-dessous, nous vous informons de l\u2019utilisation des cookies sur notre site web.<\/div>\n\t\t\t\t<\/div>\n\t\t\t\t<div class=\"elementor-element elementor-element-c49281c elementor-widget elementor-widget-heading\" data-id=\"c49281c\" data-element_type=\"widget\" data-e-type=\"widget\" data-widget_type=\"heading.default\">\n\t\t\t\t<div class=\"elementor-widget-container\">\n\t\t\t\t\t<h2 class=\"elementor-heading-title elementor-size-default\">Cookies<\/h2>\t\t\t\t<\/div>\n\t\t\t\t<\/div>\n\t\t\t\t<div class=\"elementor-element elementor-element-bc11fcd elementor-widget elementor-widget-text-editor\" data-id=\"bc11fcd\" data-element_type=\"widget\" data-e-type=\"widget\" data-widget_type=\"text-editor.default\">\n\t\t\t\t<div class=\"elementor-widget-container translation-block\">Un cookie est un petit fichier simple envoy\u00e9 avec les pages de ce site web et stock\u00e9 par votre navigateur sur le disque dur de votre<br> ordinateur ou d\u2019un autre appareil. Les informations qui y sont stock\u00e9es peuvent \u00eatre renvoy\u00e9es \u00e0 nos serveurs ou aux serveurs des<br> tierces parties concern\u00e9es lors d\u2019une visite ult\u00e9rieure.<\/div>\n\t\t\t\t<\/div>\n\t\t\t\t<div class=\"elementor-element elementor-element-a25a451 elementor-widget elementor-widget-heading\" data-id=\"a25a451\" data-element_type=\"widget\" data-e-type=\"widget\" data-widget_type=\"heading.default\">\n\t\t\t\t<div class=\"elementor-widget-container\">\n\t\t\t\t\t<h2 class=\"elementor-heading-title elementor-size-default\">Utilisation des cookies<\/h2>\t\t\t\t<\/div>\n\t\t\t\t<\/div>\n\t\t\t\t<div class=\"elementor-element elementor-element-d73c508 elementor-widget elementor-widget-text-editor\" data-id=\"d73c508\" data-element_type=\"widget\" data-e-type=\"widget\" data-widget_type=\"text-editor.default\">\n\t\t\t\t<div class=\"elementor-widget-container\">\n\t\t\t\t\t\t\t\t\t<p class=\"cmplz-subtitle\"><strong>Cookies techniques ou fonctionnels<\/strong><\/p><p class=\"translation-block\">Certains cookies assurent le fonctionnement correct de certaines parties du site web et la prise en compte de vos pr\u00e9f\u00e9rences<br>en tant qu\u2019utilisateur. En pla\u00e7ant des cookies fonctionnels, nous vous facilitons la visite de notre site web.<br>Ainsi, vous n\u2019avez pas besoin de saisir \u00e0 plusieurs reprises les m\u00eames informations lors de la visite de notre site web et, par exemple,<br>les \u00e9l\u00e9ments restent dans votre panier jusqu\u2019\u00e0 votre paiement. Nous pouvons placer ces cookies sans votre consentement.<\/p><p><strong>Cookies statistiques<\/strong><\/p><p class=\"translation-block\">Nous utilisons des cookies statistiques afin d\u2019optimiser l\u2019exp\u00e9rience des internautes sur notre site web. Avec ces cookies statistiques,<br>nous obtenons des observations sur l\u2019utilisation de notre site web.&nbsp;Nous demandons votre permission pour placer des cookies statistiques.<\/p><p class=\"cmplz-subtitle\"><strong>Cookies analytiques<\/strong><\/p><p class=\"translation-block\">Ce site utilise Google Analytics, un service d\u2019analyse de trafic pour les sites internet. Google Analytics utilise des cookies,<br>qui sont des fichiers texte plac\u00e9s sur votre ordinateur, pour aider le site internet \u00e0 analyser l\u2019utilisation du site par ses utilisateurs.<br>Les statistiques sont suivies de fa\u00e7on anonyme, aucune permission n\u2019est donc demand\u00e9e pour placer des cookies analytiques.<\/p><p><strong>Cookies de marketing\/suivi<\/strong><\/p><p class=\"translation-block\">Les cookies de marketing\/suivi sont des cookies ou toute autre forme de stockage local, utilis\u00e9s pour cr\u00e9er des profils d\u2019utilisateurs afin<br>d\u2019afficher de la publicit\u00e9 ou de suivre l\u2019utilisateur sur ce site web ou sur plusieurs sites web dans des finalit\u00e9s marketing similaires.<\/p><p class=\"cmplz-subtitle\"><strong>R\u00e9seaux sociaux<\/strong><\/p><p class=\"translation-block\">Sur notre site web, nous avons inclus du contenu provenant de Facebook pour promouvoir des pages web<br>(par exemple, \u00ab like \u00bb, \u00ab pin \u00bb) ou les partager (par exemple, \u00ab tweet \u00bb) sur des r\u00e9seaux sociaux comme Facebook.<br>Ce contenu est int\u00e9gr\u00e9 gr\u00e2ce un code obtenu de Facebook et place des cookies.<br>Ce contenu peut stocker et traiter certaines informations \u00e0 des fins de publicit\u00e9 personnalis\u00e9e.<\/p><p class=\"translation-block\">Veuillez lire la d\u00e9claration de confidentialit\u00e9 de ces r\u00e9seaux sociaux (qui peut \u00eatre modifi\u00e9e r\u00e9guli\u00e8rement) afin de savoir<br>ce qu\u2019ils font de vos donn\u00e9es (personnelles) trait\u00e9es en utilisant ces cookies.<br>Les donn\u00e9es r\u00e9cup\u00e9r\u00e9es sont anonymis\u00e9es autant que possible.<br>Facebook se trouve aux \u00c9tats-Unis.<\/p>\t\t\t\t\t\t\t\t<\/div>\n\t\t\t\t<\/div>\n\t\t\t\t<div class=\"elementor-element elementor-element-c9663a0 elementor-widget elementor-widget-heading\" data-id=\"c9663a0\" data-element_type=\"widget\" data-e-type=\"widget\" data-widget_type=\"heading.default\">\n\t\t\t\t<div class=\"elementor-widget-container\">\n\t\t\t\t\t<h2 class=\"elementor-heading-title elementor-size-default\">Cookies plac\u00e9s<\/h2>\t\t\t\t<\/div>\n\t\t\t\t<\/div>\n\t\t\t\t<div class=\"elementor-element elementor-element-54e698f elementor-widget elementor-widget-text-editor\" data-id=\"54e698f\" data-element_type=\"widget\" data-e-type=\"widget\" data-widget_type=\"text-editor.default\">\n\t\t\t\t<div class=\"elementor-widget-container\">\n\t\t\t\t\t\t\t\t\t<p>Nom : e_event-tracker <br \/>Nom : WP_PREFERENCES_USER_6 <br \/>Nom : e_globals\u00a0<br \/>Nom : e_kit-elements-defaults <br \/>Nom : WP_PREFERENCES_USER_4\u00a0<br \/>Nom : elementor <br \/>Nom : WP_DATA_USER_4 <br \/>Nom : wordpress_test_cookie\u00a0<br \/>Nom : wp_lang\u00a0<br \/>Nom : wp-settings-6 <br \/>Nom : wp-settings-time-6 <br \/>Nom : wordpress_logged_in_f843895cbb2577684f1ef0f8691e0238 <br \/>Nom : persist:hs-beacon-9db9417a-5e2f-41dd-8857-1421d5112aea <br \/>Nom : wistia-video-progress-j042jylrre <br \/>Nom : activetab <br \/>Nom : wistia <br \/>Nom : wistia-video-progress-z1qxl7s2zn <br \/>Nom : wistia-video-progress-fj42vucf99 <br \/>Nom : wpr-show-sidebar <br \/>Nom : wistia-video-progress-7seqacq2ol <br \/>Nom : wpr-hash <br \/>Nom : persist:hs-beacon-message-9db9417a-5e2f-41dd-8857-1421d5112aea <br \/>Nom : slider-2 <br \/>Nom : cmplz_banner-status\u00a0 \u00a0 \u00a0<\/p>\t\t\t\t\t\t\t\t<\/div>\n\t\t\t\t<\/div>\n\t\t\t\t<div class=\"elementor-element elementor-element-1ee48ff elementor-widget elementor-widget-heading\" data-id=\"1ee48ff\" data-element_type=\"widget\" data-e-type=\"widget\" data-widget_type=\"heading.default\">\n\t\t\t\t<div class=\"elementor-widget-container\">\n\t\t\t\t\t<h2 class=\"elementor-heading-title elementor-size-default\">Consentement <\/h2>\t\t\t\t<\/div>\n\t\t\t\t<\/div>\n\t\t\t\t<div class=\"elementor-element elementor-element-0adbdbf elementor-widget elementor-widget-text-editor\" data-id=\"0adbdbf\" data-element_type=\"widget\" data-e-type=\"widget\" data-widget_type=\"text-editor.default\">\n\t\t\t\t<div class=\"elementor-widget-container\">\n\t\t\t\t\t\t\t\t\t<p class=\"translation-block\">Lorsque vous visitez notre site web pour la premi\u00e8re fois, nous vous montrerons une fen\u00eatre contextuelle avec une explication<br>sur les cookies. D\u00e8s que vous cliquez sur \u00ab Enregistrer les pr\u00e9f\u00e9rences \u00bb vous nous autorisez \u00e0 utiliser les cat\u00e9gories de cookies<br>et d\u2019extensions que vous avez s\u00e9lectionn\u00e9s dans la fen\u00eatre contextuelle, comme d\u00e9crit dans la pr\u00e9sente politique de cookies.<br>Vous pouvez d\u00e9sactiver l\u2019utilisation des cookies via votre navigateur, mais veuillez noter que notre site web pourrait ne plus<br>fonctionner correctement.<\/p>\t\t\t\t\t\t\t\t<\/div>\n\t\t\t\t<\/div>\n\t\t\t\t<div class=\"elementor-element elementor-element-a2d9f07 elementor-widget elementor-widget-heading\" data-id=\"a2d9f07\" data-element_type=\"widget\" data-e-type=\"widget\" data-widget_type=\"heading.default\">\n\t\t\t\t<div class=\"elementor-widget-container\">\n\t\t\t\t\t<h2 class=\"elementor-heading-title elementor-size-default\">Activer\/d\u00e9sactiver et supprimer les cookies <\/h2>\t\t\t\t<\/div>\n\t\t\t\t<\/div>\n\t\t\t\t<div class=\"elementor-element elementor-element-2c17764 elementor-widget elementor-widget-text-editor\" data-id=\"2c17764\" data-element_type=\"widget\" data-e-type=\"widget\" data-widget_type=\"text-editor.default\">\n\t\t\t\t<div class=\"elementor-widget-container\">\n\t\t\t\t\t\t\t\t\t<p class=\"translation-block\">Vous pouvez utiliser votre navigateur internet pour supprimer automatiquement ou manuellement les cookies.<br>Vous pouvez \u00e9galement sp\u00e9cifier que certains cookies ne peuvent pas \u00eatre plac\u00e9s. Une autre option consiste \u00e0 modifier<br>les r\u00e9glages de votre navigateur Internet afin que vous receviez un message \u00e0 chaque fois qu\u2019un cookie est plac\u00e9.<br>Pour plus d\u2019informations sur ces options, reportez-vous aux instructions de la section \u00ab&nbsp;Aide&nbsp;\u00bb de votre navigateur.<br>Veuillez noter que notre site web peut ne pas marcher correctement si tous les cookies sont d\u00e9sactiv\u00e9s.<br>Si vous supprimez les cookies dans votre navigateur, ils seront de nouveau plac\u00e9s apr\u00e8s votre consentement lorsque vous<br>revisiterez nos sites web.<\/p>\t\t\t\t\t\t\t\t<\/div>\n\t\t\t\t<\/div>\n\t\t\t\t<div class=\"elementor-element elementor-element-8e40204 elementor-widget elementor-widget-heading\" data-id=\"8e40204\" data-element_type=\"widget\" data-e-type=\"widget\" data-widget_type=\"heading.default\">\n\t\t\t\t<div class=\"elementor-widget-container\">\n\t\t\t\t\t<h2 class=\"elementor-heading-title elementor-size-default\">Vos droits concernant les donn\u00e9es personnelles <\/h2>\t\t\t\t<\/div>\n\t\t\t\t<\/div>\n\t\t\t\t<div class=\"elementor-element elementor-element-ab93556 elementor-widget elementor-widget-text-editor\" data-id=\"ab93556\" data-element_type=\"widget\" data-e-type=\"widget\" data-widget_type=\"text-editor.default\">\n\t\t\t\t<div class=\"elementor-widget-container\">\n\t\t\t\t\t\t\t\t\t<p>Vous avez les droits suivants concernant vos donn\u00e9es personnelles :<\/p>\n<p class=\"translation-block\">Vous avez le droit de savoir pourquoi vos donn\u00e9es personnelles sont n\u00e9cessaires, ce qui leur arrivera<br>et combien de temps elles seront conserv\u00e9es.<\/p>\n<p>Droit d\u2019acc\u00e8s :<br>Vous avez le droit d\u2019acc\u00e9der \u00e0 vos donn\u00e9es personnelles que nous connaissons.<\/p>\n<p>Droit de rectification :<br>Vous avez le droit \u00e0 tout moment de compl\u00e9ter, corriger, faire supprimer ou bloquer vos donn\u00e9es personnelles.<br>Si vous nous donnez votre consentement pour le traitement de vos donn\u00e9es, vous avez le droit de r\u00e9voquer<br>ce consentement et de faire supprimer vos donn\u00e9es personnelles.<\/p>\n<p>Droit de transf\u00e9rer vos donn\u00e9es :<br>Vous avez le droit de demander toutes vos donn\u00e9es personnelles au responsable du traitement et de<br>les transf\u00e9rer dans leur int\u00e9gralit\u00e9 \u00e0 un autre responsable du traitement.<\/p>\n<p class=\"translation-block\">Droit d\u2019opposition :<br>Vous pouvez vous opposer au traitement de vos donn\u00e9es. Nous obtemp\u00e9rerons, \u00e0 moins que certaines raisons<br>ne justifient ce traitement.<\/p>\n<p>Pour exercer ces droits, veuillez nous contacter.<\/p>\n<p class=\"translation-block\">Veuillez vous r\u00e9f\u00e9rer aux coordonn\u00e9es au bas de cette politique de cookies. Si vous avez une plainte concernant la fa\u00e7on dont nous traitons<br>vos donn\u00e9es, nous aimerions en \u00eatre inform\u00e9s, mais vous avez \u00e9galement le droit de d\u00e9poser une plainte aupr\u00e8s de l\u2019autorit\u00e9 de contr\u00f4le<br>(l\u2019autorit\u00e9 charg\u00e9e de la protection des donn\u00e9es, comme le CEPD).<\/p>\t\t\t\t\t\t\t\t<\/div>\n\t\t\t\t<\/div>\n\t\t\t\t\t<\/div>\n\t\t<\/div>\n\t\t\t\t\t<\/div>\n\t\t<\/section>\n\t\t\t\t<\/div>","protected":false},"excerpt":{"rendered":"<p>Politique de confidentialit\u00e9 Introduction Notre site web, https:\/\/photocmb.art (ci-apr\u00e8s : \u00ab le site web \u00bb) utilise des cookies et autres technologies li\u00e9es (par simplification, toutes ces technologies sont d\u00e9sign\u00e9es par le terme \u00ab cookies \u00bb). Des cookies sont \u00e9galement plac\u00e9s par des tierces parties que nous avons engag\u00e9es. Dans le document ci-dessous, nous vous informons de l\u2019utilisation des cookies sur notre site web. Cookies Un cookie est un petit fichier simple envoy\u00e9 avec les pages de ce site web et stock\u00e9 par votre navigateur sur le disque dur de votre ordinateur ou d\u2019un autre appareil. Les informations qui y sont stock\u00e9es peuvent \u00eatre renvoy\u00e9es \u00e0 nos serveurs ou aux serveurs [&hellip;]<\/p>\n","protected":false},"author":6,"featured_media":0,"parent":0,"menu_order":0,"comment_status":"closed","ping_status":"closed","template":"","meta":{"_monsterinsights_skip_tracking":false,"_monsterinsights_sitenote_active":false,"_monsterinsights_sitenote_note":"","_monsterinsights_sitenote_category":0,"footnotes":""},"class_list":["post-3578","page","type-page","status-publish","hentry"],"yoast_head":"<!-- This site is optimized with the Yoast SEO plugin v27.3 - https:\/\/yoast.com\/product\/yoast-seo-wordpress\/ -->\n<title>Politique de confidentialit\u00e9<\/title>\n<meta name=\"robots\" content=\"index, follow, max-snippet:-1, max-image-preview:large, max-video-preview:-1\" \/>\n<link rel=\"canonical\" href=\"https:\/\/photocmb.art\/ja\/politique-de-confidentialite\/\" \/>\n<meta property=\"og:locale\" content=\"ja_JP\" \/>\n<meta property=\"og:type\" content=\"article\" \/>\n<meta property=\"og:title\" content=\"Politique de confidentialit\u00e9\" \/>\n<meta property=\"og:description\" content=\"Politique de confidentialit\u00e9 Introduction Notre site web, https:\/\/photocmb.art (ci-apr\u00e8s : \u00ab le site web \u00bb) utilise des cookies et autres technologies li\u00e9es (par simplification, toutes ces technologies sont d\u00e9sign\u00e9es par le terme \u00ab cookies \u00bb). Des cookies sont \u00e9galement plac\u00e9s par des tierces parties que nous avons engag\u00e9es. Dans le document ci-dessous, nous vous informons de l\u2019utilisation des cookies sur notre site web. Cookies Un cookie est un petit fichier simple envoy\u00e9 avec les pages de ce site web et stock\u00e9 par votre navigateur sur le disque dur de votre ordinateur ou d\u2019un autre appareil. Les informations qui y sont stock\u00e9es peuvent \u00eatre renvoy\u00e9es \u00e0 nos serveurs ou aux serveurs [&hellip;]\" \/>\n<meta property=\"og:url\" content=\"https:\/\/photocmb.art\/ja\/politique-de-confidentialite\/\" \/>\n<meta property=\"og:site_name\" content=\"McBurnie Communication\" \/>\n<meta property=\"article:modified_time\" content=\"2023-04-15T13:32:08+00:00\" \/>\n<meta name=\"twitter:label1\" content=\"\u63a8\u5b9a\u8aad\u307f\u53d6\u308a\u6642\u9593\" \/>\n\t<meta name=\"twitter:data1\" content=\"5\u5206\" \/>\n<script type=\"application\/ld+json\" class=\"yoast-schema-graph\">{\"@context\":\"https:\\\/\\\/schema.org\",\"@graph\":[{\"@type\":\"WebPage\",\"@id\":\"https:\\\/\\\/photocmb.art\\\/politique-de-confidentialite\\\/\",\"url\":\"https:\\\/\\\/photocmb.art\\\/politique-de-confidentialite\\\/\",\"name\":\"Politique de confidentialit\u00e9\",\"isPartOf\":{\"@id\":\"https:\\\/\\\/photocmb.art\\\/#website\"},\"datePublished\":\"2023-03-31T19:24:05+00:00\",\"dateModified\":\"2023-04-15T13:32:08+00:00\",\"breadcrumb\":{\"@id\":\"https:\\\/\\\/photocmb.art\\\/politique-de-confidentialite\\\/#breadcrumb\"},\"inLanguage\":\"ja\",\"potentialAction\":[{\"@type\":\"ReadAction\",\"target\":[\"https:\\\/\\\/photocmb.art\\\/politique-de-confidentialite\\\/\"]}]},{\"@type\":\"BreadcrumbList\",\"@id\":\"https:\\\/\\\/photocmb.art\\\/politique-de-confidentialite\\\/#breadcrumb\",\"itemListElement\":[{\"@type\":\"ListItem\",\"position\":1,\"name\":\"Accueil\",\"item\":\"https:\\\/\\\/photocmb.art\\\/\"},{\"@type\":\"ListItem\",\"position\":2,\"name\":\"Politique de confidentialit\u00e9\"}]},{\"@type\":\"WebSite\",\"@id\":\"https:\\\/\\\/photocmb.art\\\/#website\",\"url\":\"https:\\\/\\\/photocmb.art\\\/\",\"name\":\"McBurnie Communication\",\"description\":\"Claude MacBurnie... capteur d&#039;\u00e9motions\",\"publisher\":{\"@id\":\"https:\\\/\\\/photocmb.art\\\/#organization\"},\"potentialAction\":[{\"@type\":\"SearchAction\",\"target\":{\"@type\":\"EntryPoint\",\"urlTemplate\":\"https:\\\/\\\/photocmb.art\\\/?s={search_term_string}\"},\"query-input\":{\"@type\":\"PropertyValueSpecification\",\"valueRequired\":true,\"valueName\":\"search_term_string\"}}],\"inLanguage\":\"ja\"},{\"@type\":\"Organization\",\"@id\":\"https:\\\/\\\/photocmb.art\\\/#organization\",\"name\":\"McBurnie Communication\",\"url\":\"https:\\\/\\\/photocmb.art\\\/\",\"logo\":{\"@type\":\"ImageObject\",\"inLanguage\":\"ja\",\"@id\":\"https:\\\/\\\/photocmb.art\\\/#\\\/schema\\\/logo\\\/image\\\/\",\"url\":\"https:\\\/\\\/photocmb.art\\\/wp-content\\\/uploads\\\/2023\\\/03\\\/photocmb-Logo2024-WebTxBlanc_350.png?wsr\",\"contentUrl\":\"https:\\\/\\\/photocmb.art\\\/wp-content\\\/uploads\\\/2023\\\/03\\\/photocmb-Logo2024-WebTxBlanc_350.png?wsr\",\"width\":350,\"height\":140,\"caption\":\"McBurnie Communication\"},\"image\":{\"@id\":\"https:\\\/\\\/photocmb.art\\\/#\\\/schema\\\/logo\\\/image\\\/\"}}]}<\/script>\n<!-- \/ Yoast SEO plugin. -->","yoast_head_json":{"title":"Politique de confidentialit\u00e9","robots":{"index":"index","follow":"follow","max-snippet":"max-snippet:-1","max-image-preview":"max-image-preview:large","max-video-preview":"max-video-preview:-1"},"canonical":"https:\/\/photocmb.art\/ja\/politique-de-confidentialite\/","og_locale":"ja_JP","og_type":"article","og_title":"Politique de confidentialit\u00e9","og_description":"Politique de confidentialit\u00e9 Introduction Notre site web, https:\/\/photocmb.art (ci-apr\u00e8s : \u00ab le site web \u00bb) utilise des cookies et autres technologies li\u00e9es (par simplification, toutes ces technologies sont d\u00e9sign\u00e9es par le terme \u00ab cookies \u00bb). Des cookies sont \u00e9galement plac\u00e9s par des tierces parties que nous avons engag\u00e9es. Dans le document ci-dessous, nous vous informons de l\u2019utilisation des cookies sur notre site web. Cookies Un cookie est un petit fichier simple envoy\u00e9 avec les pages de ce site web et stock\u00e9 par votre navigateur sur le disque dur de votre ordinateur ou d\u2019un autre appareil. Les informations qui y sont stock\u00e9es peuvent \u00eatre renvoy\u00e9es \u00e0 nos serveurs ou aux serveurs [&hellip;]","og_url":"https:\/\/photocmb.art\/ja\/politique-de-confidentialite\/","og_site_name":"McBurnie Communication","article_modified_time":"2023-04-15T13:32:08+00:00","twitter_misc":{"\u63a8\u5b9a\u8aad\u307f\u53d6\u308a\u6642\u9593":"5\u5206"},"schema":{"@context":"https:\/\/schema.org","@graph":[{"@type":"WebPage","@id":"https:\/\/photocmb.art\/politique-de-confidentialite\/","url":"https:\/\/photocmb.art\/politique-de-confidentialite\/","name":"Politique de confidentialit\u00e9","isPartOf":{"@id":"https:\/\/photocmb.art\/#website"},"datePublished":"2023-03-31T19:24:05+00:00","dateModified":"2023-04-15T13:32:08+00:00","breadcrumb":{"@id":"https:\/\/photocmb.art\/politique-de-confidentialite\/#breadcrumb"},"inLanguage":"ja","potentialAction":[{"@type":"ReadAction","target":["https:\/\/photocmb.art\/politique-de-confidentialite\/"]}]},{"@type":"BreadcrumbList","@id":"https:\/\/photocmb.art\/politique-de-confidentialite\/#breadcrumb","itemListElement":[{"@type":"ListItem","position":1,"name":"Accueil","item":"https:\/\/photocmb.art\/"},{"@type":"ListItem","position":2,"name":"Politique de confidentialit\u00e9"}]},{"@type":"WebSite","@id":"https:\/\/photocmb.art\/#website","url":"https:\/\/photocmb.art\/","name":"McBurnie Communication","description":"Claude MacBurnie... capteur d&#039;\u00e9motions","publisher":{"@id":"https:\/\/photocmb.art\/#organization"},"potentialAction":[{"@type":"SearchAction","target":{"@type":"EntryPoint","urlTemplate":"https:\/\/photocmb.art\/?s={search_term_string}"},"query-input":{"@type":"PropertyValueSpecification","valueRequired":true,"valueName":"search_term_string"}}],"inLanguage":"ja"},{"@type":"Organization","@id":"https:\/\/photocmb.art\/#organization","name":"McBurnie Communication","url":"https:\/\/photocmb.art\/","logo":{"@type":"ImageObject","inLanguage":"ja","@id":"https:\/\/photocmb.art\/#\/schema\/logo\/image\/","url":"https:\/\/photocmb.art\/wp-content\/uploads\/2023\/03\/photocmb-Logo2024-WebTxBlanc_350.png?wsr","contentUrl":"https:\/\/photocmb.art\/wp-content\/uploads\/2023\/03\/photocmb-Logo2024-WebTxBlanc_350.png?wsr","width":350,"height":140,"caption":"McBurnie Communication"},"image":{"@id":"https:\/\/photocmb.art\/#\/schema\/logo\/image\/"}}]}},"_links":{"self":[{"href":"https:\/\/photocmb.art\/ja\/wp-json\/wp\/v2\/pages\/3578","targetHints":{"allow":["GET"]}}],"collection":[{"href":"https:\/\/photocmb.art\/ja\/wp-json\/wp\/v2\/pages"}],"about":[{"href":"https:\/\/photocmb.art\/ja\/wp-json\/wp\/v2\/types\/page"}],"author":[{"embeddable":true,"href":"https:\/\/photocmb.art\/ja\/wp-json\/wp\/v2\/users\/6"}],"replies":[{"embeddable":true,"href":"https:\/\/photocmb.art\/ja\/wp-json\/wp\/v2\/comments?post=3578"}],"version-history":[{"count":82,"href":"https:\/\/photocmb.art\/ja\/wp-json\/wp\/v2\/pages\/3578\/revisions"}],"predecessor-version":[{"id":4683,"href":"https:\/\/photocmb.art\/ja\/wp-json\/wp\/v2\/pages\/3578\/revisions\/4683"}],"wp:attachment":[{"href":"https:\/\/photocmb.art\/ja\/wp-json\/wp\/v2\/media?parent=3578"}],"curies":[{"name":"wp","href":"https:\/\/api.w.org\/{rel}","templated":true}]}}