{"id":3269,"date":"2023-03-28T22:55:20","date_gmt":"2023-03-28T20:55:20","guid":{"rendered":"https:\/\/photocmb.art\/?page_id=3269"},"modified":"2023-04-18T13:28:31","modified_gmt":"2023-04-18T11:28:31","slug":"galerie-montgolfieres","status":"publish","type":"page","link":"https:\/\/photocmb.art\/ja\/galerie-montgolfieres\/","title":{"rendered":"Galerie Montgolfi\u00e8res"},"content":{"rendered":"<div data-elementor-type=\"wp-page\" data-elementor-id=\"3269\" class=\"elementor elementor-3269\">\n\t\t\t\t\t\t<section class=\"elementor-section elementor-top-section elementor-element elementor-element-4182c2b elementor-section-boxed elementor-section-height-default elementor-section-height-default\" data-id=\"4182c2b\" data-element_type=\"section\" data-e-type=\"section\">\n\t\t\t\t\t\t<div class=\"elementor-container elementor-column-gap-default\">\n\t\t\t\t\t<div class=\"elementor-column elementor-col-100 elementor-top-column elementor-element elementor-element-7ba33b8\" data-id=\"7ba33b8\" data-element_type=\"column\" data-e-type=\"column\">\n\t\t\t<div class=\"elementor-widget-wrap elementor-element-populated\">\n\t\t\t\t\t\t<div class=\"elementor-element elementor-element-047a740 elementor-widget elementor-widget-video\" data-id=\"047a740\" data-element_type=\"widget\" data-e-type=\"widget\" data-settings=\"{&quot;youtube_url&quot;:&quot;https:\\\/\\\/www.youtube.com\\\/watch?v=Gwrc6eEz77k&quot;,&quot;yt_privacy&quot;:&quot;yes&quot;,&quot;video_type&quot;:&quot;youtube&quot;,&quot;controls&quot;:&quot;yes&quot;}\" data-widget_type=\"video.default\">\n\t\t\t\t<div class=\"elementor-widget-container\">\n\t\t\t\t\t\t\t<div class=\"elementor-wrapper elementor-open-inline\">\n\t\t\t<div class=\"elementor-video\"><\/div>\t\t<\/div>\n\t\t\t\t\t\t<\/div>\n\t\t\t\t<\/div>\n\t\t\t\t\t<\/div>\n\t\t<\/div>\n\t\t\t\t\t<\/div>\n\t\t<\/section>\n\t\t\t\t<section class=\"elementor-section elementor-top-section elementor-element elementor-element-aba6e9e elementor-section-boxed elementor-section-height-default elementor-section-height-default\" data-id=\"aba6e9e\" data-element_type=\"section\" data-e-type=\"section\">\n\t\t\t\t\t\t<div class=\"elementor-container elementor-column-gap-default\">\n\t\t\t\t\t<div class=\"elementor-column elementor-col-100 elementor-top-column elementor-element elementor-element-8fd7c0f\" data-id=\"8fd7c0f\" data-element_type=\"column\" data-e-type=\"column\">\n\t\t\t<div class=\"elementor-widget-wrap elementor-element-populated\">\n\t\t\t\t\t\t<div class=\"elementor-element elementor-element-752e904 elementor-widget elementor-widget-shortcode\" data-id=\"752e904\" data-element_type=\"widget\" data-e-type=\"widget\" data-widget_type=\"shortcode.default\">\n\t\t\t\t<div class=\"elementor-widget-container\">\n\t\t\t\t\t\t\t<div class=\"elementor-shortcode\"><style type=\"text\/css\">\n#foogallery-gallery-3427.fg-simple_portfolio { justify-content: center; --fg-gutter: 5px; }\n#foogallery-gallery-3427.fg-simple_portfolio .fg-item { flex-basis: 270px; }<\/style>\n\t\t\t<div class=\"foogallery foogallery-container foogallery-simple_portfolio foogallery-lightbox-foobox fg-simple_portfolio fg-ready fg-dark fg-border-thin fg-shadow-outline fg-loading-default fg-loaded-fade-in fg-caption-always fg-hover-fade fg-hover-zoom fg-caption-always\" id=\"foogallery-gallery-3427\" data-foogallery=\"{&quot;item&quot;:{&quot;showCaptionTitle&quot;:false,&quot;showCaptionDescription&quot;:false},&quot;lazy&quot;:true}\" style=\"--fg-title-line-clamp: 0; --fg-description-line-clamp: 0;\" >\n\t<div class=\"fg-item fg-type-image fg-idle\"><figure class=\"fg-item-inner\"><a href=\"https:\/\/photocmb.art\/wp-content\/uploads\/2010\/03\/Balloon-01wtmk.jpg\" data-caption-title=\"Balloon-01\" data-attachment-id=\"1521\" class=\"foogallery-thumb fg-thumb\" data-e-disable-page-transition=\"true\" data-type=\"image\"><span class=\"fg-image-wrap\"><img fetchpriority=\"high\" decoding=\"async\" title=\"Balloon-01\" class=\"bf-img skip-lazy fg-image\" height=\"200\" width=\"270\" data-src-fg=\"https:\/\/photocmb.art\/wp-content\/uploads\/cache\/2010\/03\/Balloon-01wtmk\/3983661918.jpg\" src=\"data:image\/svg+xml,%3Csvg%20xmlns%3D%22http%3A%2F%2Fwww.w3.org%2F2000%2Fsvg%22%20width%3D%22270%22%20height%3D%22200%22%20viewBox%3D%220%200%20270%20200%22%3E%3C%2Fsvg%3E\" loading=\"eager\"><\/span><span class=\"fg-image-overlay\"><\/span><\/a><\/figure><div class=\"fg-loader\"><\/div><\/div><div class=\"fg-item fg-type-image fg-idle\"><figure class=\"fg-item-inner\"><a href=\"https:\/\/photocmb.art\/wp-content\/uploads\/2010\/03\/Balloon-02wtmk.jpg\" data-caption-title=\"Balloon-02\" data-attachment-id=\"1522\" class=\"foogallery-thumb fg-thumb\" data-e-disable-page-transition=\"true\" data-type=\"image\"><span class=\"fg-image-wrap\"><img decoding=\"async\" title=\"Balloon-02\" class=\"bf-img skip-lazy fg-image\" height=\"200\" width=\"270\" data-src-fg=\"https:\/\/photocmb.art\/wp-content\/uploads\/cache\/2010\/03\/Balloon-02wtmk\/370707381.jpg\" src=\"data:image\/svg+xml,%3Csvg%20xmlns%3D%22http%3A%2F%2Fwww.w3.org%2F2000%2Fsvg%22%20width%3D%22270%22%20height%3D%22200%22%20viewBox%3D%220%200%20270%20200%22%3E%3C%2Fsvg%3E\" loading=\"eager\"><\/span><span class=\"fg-image-overlay\"><\/span><\/a><\/figure><div class=\"fg-loader\"><\/div><\/div><div class=\"fg-item fg-type-image fg-idle\"><figure class=\"fg-item-inner\"><a href=\"https:\/\/photocmb.art\/wp-content\/uploads\/2010\/03\/Balloon-03wtmk.jpg\" data-caption-title=\"Balloon-03\" data-attachment-id=\"1523\" class=\"foogallery-thumb fg-thumb\" data-e-disable-page-transition=\"true\" data-type=\"image\"><span class=\"fg-image-wrap\"><img decoding=\"async\" title=\"Balloon-03\" class=\"bf-img skip-lazy fg-image\" height=\"200\" width=\"270\" data-src-fg=\"https:\/\/photocmb.art\/wp-content\/uploads\/cache\/2010\/03\/Balloon-03wtmk\/4128291283.jpg\" src=\"data:image\/svg+xml,%3Csvg%20xmlns%3D%22http%3A%2F%2Fwww.w3.org%2F2000%2Fsvg%22%20width%3D%22270%22%20height%3D%22200%22%20viewBox%3D%220%200%20270%20200%22%3E%3C%2Fsvg%3E\" loading=\"eager\"><\/span><span class=\"fg-image-overlay\"><\/span><\/a><\/figure><div class=\"fg-loader\"><\/div><\/div><div class=\"fg-item fg-type-image fg-idle\"><figure class=\"fg-item-inner\"><a href=\"https:\/\/photocmb.art\/wp-content\/uploads\/2010\/03\/Balloon-04wtmk.jpg\" data-caption-title=\"Balloon-04\" data-attachment-id=\"1524\" class=\"foogallery-thumb fg-thumb\" data-e-disable-page-transition=\"true\" data-type=\"image\"><span class=\"fg-image-wrap\"><img decoding=\"async\" title=\"Balloon-04\" class=\"bf-img skip-lazy fg-image\" height=\"200\" width=\"270\" data-src-fg=\"https:\/\/photocmb.art\/wp-content\/uploads\/cache\/2010\/03\/Balloon-04wtmk\/1002122274.jpg\" src=\"data:image\/svg+xml,%3Csvg%20xmlns%3D%22http%3A%2F%2Fwww.w3.org%2F2000%2Fsvg%22%20width%3D%22270%22%20height%3D%22200%22%20viewBox%3D%220%200%20270%20200%22%3E%3C%2Fsvg%3E\" loading=\"eager\"><\/span><span class=\"fg-image-overlay\"><\/span><\/a><\/figure><div class=\"fg-loader\"><\/div><\/div><div class=\"fg-item fg-type-image fg-idle\"><figure class=\"fg-item-inner\"><a href=\"https:\/\/photocmb.art\/wp-content\/uploads\/2010\/03\/Balloon-05wtmk.jpg\" data-caption-title=\"Balloon-05\" data-attachment-id=\"1525\" class=\"foogallery-thumb fg-thumb\" data-e-disable-page-transition=\"true\" data-type=\"image\"><span class=\"fg-image-wrap\"><img decoding=\"async\" title=\"Balloon-05\" class=\"bf-img skip-lazy fg-image\" height=\"200\" width=\"270\" data-src-fg=\"https:\/\/photocmb.art\/wp-content\/uploads\/cache\/2010\/03\/Balloon-05wtmk\/3685948996.jpg\" src=\"data:image\/svg+xml,%3Csvg%20xmlns%3D%22http%3A%2F%2Fwww.w3.org%2F2000%2Fsvg%22%20width%3D%22270%22%20height%3D%22200%22%20viewBox%3D%220%200%20270%20200%22%3E%3C%2Fsvg%3E\" loading=\"eager\"><\/span><span class=\"fg-image-overlay\"><\/span><\/a><\/figure><div class=\"fg-loader\"><\/div><\/div><div class=\"fg-item fg-type-image fg-idle\"><figure class=\"fg-item-inner\"><a href=\"https:\/\/photocmb.art\/wp-content\/uploads\/2010\/03\/Balloon-06wtmk.jpg\" data-caption-title=\"Balloon-06\" data-attachment-id=\"1526\" class=\"foogallery-thumb fg-thumb\" data-e-disable-page-transition=\"true\" data-type=\"image\"><span class=\"fg-image-wrap\"><img decoding=\"async\" title=\"Balloon-06\" class=\"bf-img skip-lazy fg-image\" height=\"200\" width=\"270\" data-src-fg=\"https:\/\/photocmb.art\/wp-content\/uploads\/cache\/2010\/03\/Balloon-06wtmk\/551177903.jpg\" src=\"data:image\/svg+xml,%3Csvg%20xmlns%3D%22http%3A%2F%2Fwww.w3.org%2F2000%2Fsvg%22%20width%3D%22270%22%20height%3D%22200%22%20viewBox%3D%220%200%20270%20200%22%3E%3C%2Fsvg%3E\" loading=\"eager\"><\/span><span class=\"fg-image-overlay\"><\/span><\/a><\/figure><div class=\"fg-loader\"><\/div><\/div><div class=\"fg-item fg-type-image fg-idle\"><figure class=\"fg-item-inner\"><a href=\"https:\/\/photocmb.art\/wp-content\/uploads\/2010\/03\/Balloon-07wtmk.jpg\" data-caption-title=\"Balloon-07\" data-attachment-id=\"1527\" class=\"foogallery-thumb fg-thumb\" data-e-disable-page-transition=\"true\" data-type=\"image\"><span class=\"fg-image-wrap\"><img decoding=\"async\" title=\"Balloon-07\" class=\"bf-img skip-lazy fg-image\" height=\"200\" width=\"270\" data-src-fg=\"https:\/\/photocmb.art\/wp-content\/uploads\/cache\/2010\/03\/Balloon-07wtmk\/3235019977.jpg\" src=\"data:image\/svg+xml,%3Csvg%20xmlns%3D%22http%3A%2F%2Fwww.w3.org%2F2000%2Fsvg%22%20width%3D%22270%22%20height%3D%22200%22%20viewBox%3D%220%200%20270%20200%22%3E%3C%2Fsvg%3E\" loading=\"eager\"><\/span><span class=\"fg-image-overlay\"><\/span><\/a><\/figure><div class=\"fg-loader\"><\/div><\/div><div class=\"fg-item fg-type-image fg-idle\"><figure class=\"fg-item-inner\"><a href=\"https:\/\/photocmb.art\/wp-content\/uploads\/2010\/03\/Balloon-08wtmk.jpg\" data-caption-title=\"Balloon-08\" data-attachment-id=\"1528\" class=\"foogallery-thumb fg-thumb\" data-e-disable-page-transition=\"true\" data-type=\"image\"><span class=\"fg-image-wrap\"><img decoding=\"async\" title=\"Balloon-08\" class=\"bf-img skip-lazy fg-image\" height=\"200\" width=\"270\" data-src-fg=\"https:\/\/photocmb.art\/wp-content\/uploads\/cache\/2010\/03\/Balloon-08wtmk\/1627153164.jpg\" src=\"data:image\/svg+xml,%3Csvg%20xmlns%3D%22http%3A%2F%2Fwww.w3.org%2F2000%2Fsvg%22%20width%3D%22270%22%20height%3D%22200%22%20viewBox%3D%220%200%20270%20200%22%3E%3C%2Fsvg%3E\" loading=\"eager\"><\/span><span class=\"fg-image-overlay\"><\/span><\/a><\/figure><div class=\"fg-loader\"><\/div><\/div><div class=\"fg-item fg-type-image fg-idle\"><figure class=\"fg-item-inner\"><a href=\"https:\/\/photocmb.art\/wp-content\/uploads\/2010\/03\/Balloon-09wtmk.jpg\" data-caption-title=\"Balloon-09\" data-attachment-id=\"1529\" class=\"foogallery-thumb fg-thumb\" data-e-disable-page-transition=\"true\" data-type=\"image\"><span class=\"fg-image-wrap\"><img decoding=\"async\" title=\"Balloon-09\" class=\"bf-img skip-lazy fg-image\" height=\"200\" width=\"270\" data-src-fg=\"https:\/\/photocmb.art\/wp-content\/uploads\/cache\/2010\/03\/Balloon-09wtmk\/2163495274.jpg\" src=\"data:image\/svg+xml,%3Csvg%20xmlns%3D%22http%3A%2F%2Fwww.w3.org%2F2000%2Fsvg%22%20width%3D%22270%22%20height%3D%22200%22%20viewBox%3D%220%200%20270%20200%22%3E%3C%2Fsvg%3E\" loading=\"eager\"><\/span><span class=\"fg-image-overlay\"><\/span><\/a><\/figure><div class=\"fg-loader\"><\/div><\/div><div class=\"fg-item fg-type-image fg-idle\"><figure class=\"fg-item-inner\"><a href=\"https:\/\/photocmb.art\/wp-content\/uploads\/2010\/03\/Balloon-10wtmk.jpg\" data-caption-title=\"Balloon-10\" data-attachment-id=\"1530\" class=\"foogallery-thumb fg-thumb\" data-e-disable-page-transition=\"true\" data-type=\"image\"><span class=\"fg-image-wrap\"><img decoding=\"async\" title=\"Balloon-10\" class=\"bf-img skip-lazy fg-image\" height=\"200\" width=\"270\" data-src-fg=\"https:\/\/photocmb.art\/wp-content\/uploads\/cache\/2010\/03\/Balloon-10wtmk\/2840077671.jpg\" src=\"data:image\/svg+xml,%3Csvg%20xmlns%3D%22http%3A%2F%2Fwww.w3.org%2F2000%2Fsvg%22%20width%3D%22270%22%20height%3D%22200%22%20viewBox%3D%220%200%20270%20200%22%3E%3C%2Fsvg%3E\" loading=\"eager\"><\/span><span class=\"fg-image-overlay\"><\/span><\/a><\/figure><div class=\"fg-loader\"><\/div><\/div><div class=\"fg-item fg-type-image fg-idle\"><figure class=\"fg-item-inner\"><a href=\"https:\/\/photocmb.art\/wp-content\/uploads\/2010\/03\/Balloon-11wtmk.jpg\" data-caption-title=\"Balloon-11\" data-attachment-id=\"1531\" class=\"foogallery-thumb fg-thumb\" data-e-disable-page-transition=\"true\" data-type=\"image\"><span class=\"fg-image-wrap\"><img decoding=\"async\" title=\"Balloon-11\" class=\"bf-img skip-lazy fg-image\" height=\"200\" width=\"270\" data-src-fg=\"https:\/\/photocmb.art\/wp-content\/uploads\/cache\/2010\/03\/Balloon-11wtmk\/1228936961.jpg\" src=\"data:image\/svg+xml,%3Csvg%20xmlns%3D%22http%3A%2F%2Fwww.w3.org%2F2000%2Fsvg%22%20width%3D%22270%22%20height%3D%22200%22%20viewBox%3D%220%200%20270%20200%22%3E%3C%2Fsvg%3E\" loading=\"eager\"><\/span><span class=\"fg-image-overlay\"><\/span><\/a><\/figure><div class=\"fg-loader\"><\/div><\/div><div class=\"fg-item fg-type-image fg-idle\"><figure class=\"fg-item-inner\"><a href=\"https:\/\/photocmb.art\/wp-content\/uploads\/2010\/03\/Balloon-12wtmk.jpg\" data-caption-title=\"Balloon-12\" data-attachment-id=\"1532\" class=\"foogallery-thumb fg-thumb\" data-e-disable-page-transition=\"true\" data-type=\"image\"><span class=\"fg-image-wrap\"><img decoding=\"async\" title=\"Balloon-12\" class=\"bf-img skip-lazy fg-image\" height=\"200\" width=\"270\" data-src-fg=\"https:\/\/photocmb.art\/wp-content\/uploads\/cache\/2010\/03\/Balloon-12wtmk\/2989049834.jpg\" src=\"data:image\/svg+xml,%3Csvg%20xmlns%3D%22http%3A%2F%2Fwww.w3.org%2F2000%2Fsvg%22%20width%3D%22270%22%20height%3D%22200%22%20viewBox%3D%220%200%20270%20200%22%3E%3C%2Fsvg%3E\" loading=\"eager\"><\/span><span class=\"fg-image-overlay\"><\/span><\/a><\/figure><div class=\"fg-loader\"><\/div><\/div><div class=\"fg-item fg-type-image fg-idle\"><figure class=\"fg-item-inner\"><a href=\"https:\/\/photocmb.art\/wp-content\/uploads\/2010\/03\/S8F5193.jpg\" data-caption-title=\"Balloon-13\" data-attachment-id=\"686\" class=\"foogallery-thumb fg-thumb\" data-e-disable-page-transition=\"true\" data-type=\"image\"><span class=\"fg-image-wrap\"><img decoding=\"async\" title=\"Balloon-13\" class=\"bf-img skip-lazy fg-image\" height=\"200\" width=\"270\" data-src-fg=\"https:\/\/photocmb.art\/wp-content\/uploads\/cache\/2010\/03\/S8F5193\/418145191.jpg\" src=\"data:image\/svg+xml,%3Csvg%20xmlns%3D%22http%3A%2F%2Fwww.w3.org%2F2000%2Fsvg%22%20width%3D%22270%22%20height%3D%22200%22%20viewBox%3D%220%200%20270%20200%22%3E%3C%2Fsvg%3E\" loading=\"eager\"><\/span><span class=\"fg-image-overlay\"><\/span><\/a><\/figure><div class=\"fg-loader\"><\/div><\/div><div class=\"fg-item fg-type-image fg-idle\"><figure class=\"fg-item-inner\"><a href=\"https:\/\/photocmb.art\/wp-content\/uploads\/2010\/03\/S8F6171.jpg\" data-caption-title=\"Balloon-14\" data-attachment-id=\"688\" class=\"foogallery-thumb fg-thumb\" data-e-disable-page-transition=\"true\" data-type=\"image\"><span class=\"fg-image-wrap\"><img decoding=\"async\" title=\"Balloon-14\" class=\"bf-img skip-lazy fg-image\" height=\"200\" width=\"270\" data-src-fg=\"https:\/\/photocmb.art\/wp-content\/uploads\/cache\/2010\/03\/S8F6171\/734319057.jpg\" src=\"data:image\/svg+xml,%3Csvg%20xmlns%3D%22http%3A%2F%2Fwww.w3.org%2F2000%2Fsvg%22%20width%3D%22270%22%20height%3D%22200%22%20viewBox%3D%220%200%20270%20200%22%3E%3C%2Fsvg%3E\" loading=\"eager\"><\/span><span class=\"fg-image-overlay\"><\/span><\/a><\/figure><div class=\"fg-loader\"><\/div><\/div><div class=\"fg-item fg-type-image fg-idle\"><figure class=\"fg-item-inner\"><a href=\"https:\/\/photocmb.art\/wp-content\/uploads\/2010\/03\/286-1026U65B.jpg\" data-caption-title=\"Balloon-15\" data-attachment-id=\"689\" class=\"foogallery-thumb fg-thumb\" data-e-disable-page-transition=\"true\" data-type=\"image\"><span class=\"fg-image-wrap\"><img decoding=\"async\" title=\"Balloon-15\" class=\"bf-img skip-lazy fg-image\" height=\"200\" width=\"270\" data-src-fg=\"https:\/\/photocmb.art\/wp-content\/uploads\/cache\/2010\/03\/286-1026U65B\/2017582096.jpg\" src=\"data:image\/svg+xml,%3Csvg%20xmlns%3D%22http%3A%2F%2Fwww.w3.org%2F2000%2Fsvg%22%20width%3D%22270%22%20height%3D%22200%22%20viewBox%3D%220%200%20270%20200%22%3E%3C%2Fsvg%3E\" loading=\"eager\"><\/span><span class=\"fg-image-overlay\"><\/span><\/a><\/figure><div class=\"fg-loader\"><\/div><\/div><div class=\"fg-item fg-type-image fg-idle\"><figure class=\"fg-item-inner\"><a href=\"https:\/\/photocmb.art\/wp-content\/uploads\/2010\/03\/286-1321U65B.jpg\" data-caption-title=\"Balloon-16\" data-attachment-id=\"690\" class=\"foogallery-thumb fg-thumb\" data-e-disable-page-transition=\"true\" data-type=\"image\"><span class=\"fg-image-wrap\"><img decoding=\"async\" title=\"Balloon-16\" class=\"bf-img skip-lazy fg-image\" height=\"200\" width=\"270\" data-src-fg=\"https:\/\/photocmb.art\/wp-content\/uploads\/cache\/2010\/03\/286-1321U65B\/1081039638.jpg\" src=\"data:image\/svg+xml,%3Csvg%20xmlns%3D%22http%3A%2F%2Fwww.w3.org%2F2000%2Fsvg%22%20width%3D%22270%22%20height%3D%22200%22%20viewBox%3D%220%200%20270%20200%22%3E%3C%2Fsvg%3E\" loading=\"eager\"><\/span><span class=\"fg-image-overlay\"><\/span><\/a><\/figure><div class=\"fg-loader\"><\/div><\/div><div class=\"fg-item fg-type-image fg-idle\"><figure class=\"fg-item-inner\"><a href=\"https:\/\/photocmb.art\/wp-content\/uploads\/2010\/03\/286-1349U65B.jpg\" data-caption-title=\"Balloon-17\" data-attachment-id=\"691\" class=\"foogallery-thumb fg-thumb\" data-e-disable-page-transition=\"true\" data-type=\"image\"><span class=\"fg-image-wrap\"><img decoding=\"async\" title=\"Balloon-17\" class=\"bf-img skip-lazy fg-image\" height=\"200\" width=\"270\" data-src-fg=\"https:\/\/photocmb.art\/wp-content\/uploads\/cache\/2010\/03\/286-1349U65B\/3745536612.jpg\" src=\"data:image\/svg+xml,%3Csvg%20xmlns%3D%22http%3A%2F%2Fwww.w3.org%2F2000%2Fsvg%22%20width%3D%22270%22%20height%3D%22200%22%20viewBox%3D%220%200%20270%20200%22%3E%3C%2Fsvg%3E\" loading=\"eager\"><\/span><span class=\"fg-image-overlay\"><\/span><\/a><\/figure><div class=\"fg-loader\"><\/div><\/div><div class=\"fg-item fg-type-image fg-idle\"><figure class=\"fg-item-inner\"><a href=\"https:\/\/photocmb.art\/wp-content\/uploads\/2010\/03\/Lor07-0110.jpg\" data-caption-title=\"Balloon-18\" data-attachment-id=\"692\" class=\"foogallery-thumb fg-thumb\" data-e-disable-page-transition=\"true\" data-type=\"image\"><span class=\"fg-image-wrap\"><img decoding=\"async\" title=\"Balloon-18\" class=\"bf-img skip-lazy fg-image\" height=\"200\" width=\"270\" data-src-fg=\"https:\/\/photocmb.art\/wp-content\/uploads\/cache\/2010\/03\/Lor07-0110\/2836683509.jpg\" src=\"data:image\/svg+xml,%3Csvg%20xmlns%3D%22http%3A%2F%2Fwww.w3.org%2F2000%2Fsvg%22%20width%3D%22270%22%20height%3D%22200%22%20viewBox%3D%220%200%20270%20200%22%3E%3C%2Fsvg%3E\" loading=\"eager\"><\/span><span class=\"fg-image-overlay\"><\/span><\/a><\/figure><div class=\"fg-loader\"><\/div><\/div><div class=\"fg-item fg-type-image fg-idle\"><figure class=\"fg-item-inner\"><a href=\"https:\/\/photocmb.art\/wp-content\/uploads\/2010\/03\/Lor07-0302.jpg\" data-caption-title=\"Balloon-19\" data-attachment-id=\"693\" class=\"foogallery-thumb fg-thumb\" data-e-disable-page-transition=\"true\" data-type=\"image\"><span class=\"fg-image-wrap\"><img decoding=\"async\" title=\"Balloon-19\" class=\"bf-img skip-lazy fg-image\" height=\"200\" width=\"270\" data-src-fg=\"https:\/\/photocmb.art\/wp-content\/uploads\/cache\/2010\/03\/Lor07-0302\/1494729806.jpg\" src=\"data:image\/svg+xml,%3Csvg%20xmlns%3D%22http%3A%2F%2Fwww.w3.org%2F2000%2Fsvg%22%20width%3D%22270%22%20height%3D%22200%22%20viewBox%3D%220%200%20270%20200%22%3E%3C%2Fsvg%3E\" loading=\"eager\"><\/span><span class=\"fg-image-overlay\"><\/span><\/a><\/figure><div class=\"fg-loader\"><\/div><\/div><div class=\"fg-item fg-type-image fg-idle\"><figure class=\"fg-item-inner\"><a href=\"https:\/\/photocmb.art\/wp-content\/uploads\/2010\/03\/Lor07-0932.jpg\" data-caption-title=\"Balloon-20\" data-attachment-id=\"695\" class=\"foogallery-thumb fg-thumb\" data-e-disable-page-transition=\"true\" data-type=\"image\"><span class=\"fg-image-wrap\"><img decoding=\"async\" title=\"Balloon-20\" class=\"bf-img skip-lazy fg-image\" height=\"200\" width=\"270\" data-src-fg=\"https:\/\/photocmb.art\/wp-content\/uploads\/cache\/2010\/03\/Lor07-0932\/78358864.jpg\" src=\"data:image\/svg+xml,%3Csvg%20xmlns%3D%22http%3A%2F%2Fwww.w3.org%2F2000%2Fsvg%22%20width%3D%22270%22%20height%3D%22200%22%20viewBox%3D%220%200%20270%20200%22%3E%3C%2Fsvg%3E\" loading=\"eager\"><\/span><span class=\"fg-image-overlay\"><\/span><\/a><\/figure><div class=\"fg-loader\"><\/div><\/div><div class=\"fg-item fg-type-image fg-idle\"><figure class=\"fg-item-inner\"><a href=\"https:\/\/photocmb.art\/wp-content\/uploads\/2010\/03\/S8F5653.jpg\" data-caption-title=\"Balloon-21\" data-attachment-id=\"687\" class=\"foogallery-thumb fg-thumb\" data-e-disable-page-transition=\"true\" data-type=\"image\"><span class=\"fg-image-wrap\"><img decoding=\"async\" title=\"Balloon-21\" class=\"bf-img skip-lazy fg-image\" height=\"200\" width=\"270\" data-src-fg=\"https:\/\/photocmb.art\/wp-content\/uploads\/cache\/2010\/03\/S8F5653\/3588805267.jpg\" src=\"data:image\/svg+xml,%3Csvg%20xmlns%3D%22http%3A%2F%2Fwww.w3.org%2F2000%2Fsvg%22%20width%3D%22270%22%20height%3D%22200%22%20viewBox%3D%220%200%20270%20200%22%3E%3C%2Fsvg%3E\" loading=\"eager\"><\/span><span class=\"fg-image-overlay\"><\/span><\/a><\/figure><div class=\"fg-loader\"><\/div><\/div><\/div><\/div>\n\t\t\t\t\t\t<\/div>\n\t\t\t\t<\/div>\n\t\t\t\t\t<\/div>\n\t\t<\/div>\n\t\t\t\t\t<\/div>\n\t\t<\/section>\n\t\t\t\t<section class=\"elementor-section elementor-top-section elementor-element elementor-element-759f3a5 elementor-section-boxed elementor-section-height-default elementor-section-height-default\" data-id=\"759f3a5\" data-element_type=\"section\" data-e-type=\"section\">\n\t\t\t\t\t\t<div class=\"elementor-container elementor-column-gap-default\">\n\t\t\t\t\t<div class=\"elementor-column elementor-col-100 elementor-top-column elementor-element elementor-element-967f1f4\" data-id=\"967f1f4\" data-element_type=\"column\" data-e-type=\"column\" data-settings=\"{&quot;background_background&quot;:&quot;classic&quot;}\">\n\t\t\t<div class=\"elementor-widget-wrap elementor-element-populated\">\n\t\t\t\t\t\t<div class=\"elementor-element elementor-element-326e297 elementor-widget elementor-widget-text-editor\" data-id=\"326e297\" data-element_type=\"widget\" data-e-type=\"widget\" data-widget_type=\"text-editor.default\">\n\t\t\t\t<div class=\"elementor-widget-container\">\n\t\t\t\t\t\t\t\t\t<p>GEMAB - \u30b0\u30e9\u30f3\u30a8\u30b9\u30c8\u30e2\u30f3\u30c7\u30a3\u30a2\u30eb\u30a8\u30a2\u30d0\u30eb\u30fc\u30f3<\/p><p>1989\u5e74\u4ee5\u6765\u3001\u4e16\u754c\u6700\u5927\u306e\u71b1\u6c17\u7403\u5927\u4f1a\uff01<\/p>\t\t\t\t\t\t\t\t<\/div>\n\t\t\t\t<\/div>\n\t\t\t\t<div class=\"elementor-element elementor-element-a9ef1c3 elementor-widget elementor-widget-text-editor\" data-id=\"a9ef1c3\" data-element_type=\"widget\" data-e-type=\"widget\" data-widget_type=\"text-editor.default\">\n\t\t\t\t<div class=\"elementor-widget-container\">\n\t\t\t\t\t\t\t\t\t\u30af\u30ed\u30fc\u30c9-\u30de\u30af\u30d0\u30fc\u30cb\u30fc\u306e\u672c <a style=\"all: unset; cursor: pointer;\" href=\"https:\/\/photocmb.art\/ja\/livres\/\"\nonmouseover=\"this.style.color='yellow'\"   onmouseout=\"this.style.color='white'\"\n>D&rsquo;AIR ET DE FEU<\/a> \u3092\u767a\u898b\u3001<br>\n\u3053\u306e\u5049\u5927\u306a\u30a4\u30d9\u30f3\u30c8\u306b\u6367\u3052\u3089\u308c\u3001\u71b1\u6c17\u7403\u306e\u8a69\u7684\u306a\u30d3\u30b8\u30e7\u30f3\n<br>\u30ed\u30ec\u30fc\u30cc\u5730\u65b9\u306e\u7a7a\u306b\u71b1\u6c17\u7403\u306e \uff01\t\t\t\t\t\t\t\t<\/div>\n\t\t\t\t<\/div>\n\t\t\t\t\t<\/div>\n\t\t<\/div>\n\t\t\t\t\t<\/div>\n\t\t<\/section>\n\t\t\t\t<\/div>","protected":false},"excerpt":{"rendered":"<p>https:\/\/www.youtube.com\/watch?v=Gwrc6eEz77k GEMAB \u2013 Grand Est Mondial Air Ballon Le plus grand rassemblement de montgolfi\u00e8res au monde, depuis 1989 ! D\u00e9couvrez le livre de Claude MacBurnie \u00ab D&rsquo;AIR ET DE FEU \u00bb, d\u00e9di\u00e9 \u00e0 l&rsquo;\u00e9v\u00e9nement, vision po\u00e9tique des montgolfi\u00e8res dans le ciel de Lorraine.<\/p>","protected":false},"author":6,"featured_media":0,"parent":0,"menu_order":0,"comment_status":"closed","ping_status":"closed","template":"","meta":{"footnotes":""},"class_list":["post-3269","page","type-page","status-publish","hentry"],"_links":{"self":[{"href":"https:\/\/photocmb.art\/ja\/wp-json\/wp\/v2\/pages\/3269","targetHints":{"allow":["GET"]}}],"collection":[{"href":"https:\/\/photocmb.art\/ja\/wp-json\/wp\/v2\/pages"}],"about":[{"href":"https:\/\/photocmb.art\/ja\/wp-json\/wp\/v2\/types\/page"}],"author":[{"embeddable":true,"href":"https:\/\/photocmb.art\/ja\/wp-json\/wp\/v2\/users\/6"}],"replies":[{"embeddable":true,"href":"https:\/\/photocmb.art\/ja\/wp-json\/wp\/v2\/comments?post=3269"}],"version-history":[{"count":106,"href":"https:\/\/photocmb.art\/ja\/wp-json\/wp\/v2\/pages\/3269\/revisions"}],"predecessor-version":[{"id":4752,"href":"https:\/\/photocmb.art\/ja\/wp-json\/wp\/v2\/pages\/3269\/revisions\/4752"}],"wp:attachment":[{"href":"https:\/\/photocmb.art\/ja\/wp-json\/wp\/v2\/media?parent=3269"}],"curies":[{"name":"wp","href":"https:\/\/api.w.org\/{rel}","templated":true}]}}