{"id":3265,"date":"2023-03-28T22:54:06","date_gmt":"2023-03-28T20:54:06","guid":{"rendered":"https:\/\/photocmb.art\/?page_id=3265"},"modified":"2025-01-07T17:12:03","modified_gmt":"2025-01-07T15:12:03","slug":"galerie-welcome-to-japan","status":"publish","type":"page","link":"https:\/\/photocmb.art\/ja\/galerie-welcome-to-japan\/","title":{"rendered":"Galerie Welcome to Japan !"},"content":{"rendered":"<div data-elementor-type=\"wp-page\" data-elementor-id=\"3265\" class=\"elementor elementor-3265\">\n\t\t\t\t\t\t<section class=\"elementor-section elementor-top-section elementor-element elementor-element-2f41734 elementor-section-boxed elementor-section-height-default elementor-section-height-default\" data-id=\"2f41734\" data-element_type=\"section\" data-e-type=\"section\">\n\t\t\t\t\t\t<div class=\"elementor-container elementor-column-gap-default\">\n\t\t\t\t\t<div class=\"elementor-column elementor-col-100 elementor-top-column elementor-element elementor-element-98f4859\" data-id=\"98f4859\" data-element_type=\"column\" data-e-type=\"column\">\n\t\t\t<div class=\"elementor-widget-wrap elementor-element-populated\">\n\t\t\t\t\t\t<div class=\"elementor-element elementor-element-bc53ecb elementor-widget elementor-widget-image\" data-id=\"bc53ecb\" data-element_type=\"widget\" data-e-type=\"widget\" data-widget_type=\"image.default\">\n\t\t\t\t<div class=\"elementor-widget-container\">\n\t\t\t\t\t\t\t\t\t\t\t\t\t\t\t<img fetchpriority=\"high\" decoding=\"async\" width=\"740\" height=\"493\" src=\"https:\/\/photocmb.art\/wp-content\/uploads\/2010\/03\/145-4540.jpg\" class=\"attachment-large size-large wp-image-738\" alt=\"\" srcset=\"https:\/\/photocmb.art\/wp-content\/uploads\/2010\/03\/145-4540.jpg 740w, https:\/\/photocmb.art\/wp-content\/uploads\/2010\/03\/145-4540-300x199.jpg 300w\" sizes=\"(max-width: 740px) 100vw, 740px\" \/>\t\t\t\t\t\t\t\t\t\t\t\t\t\t\t<\/div>\n\t\t\t\t<\/div>\n\t\t\t\t\t<\/div>\n\t\t<\/div>\n\t\t\t\t\t<\/div>\n\t\t<\/section>\n\t\t\t\t<section class=\"elementor-section elementor-top-section elementor-element elementor-element-5491008 elementor-section-boxed elementor-section-height-default elementor-section-height-default\" data-id=\"5491008\" data-element_type=\"section\" data-e-type=\"section\">\n\t\t\t\t\t\t<div class=\"elementor-container elementor-column-gap-default\">\n\t\t\t\t\t<div class=\"elementor-column elementor-col-100 elementor-top-column elementor-element elementor-element-e292b08\" data-id=\"e292b08\" data-element_type=\"column\" data-e-type=\"column\">\n\t\t\t<div class=\"elementor-widget-wrap elementor-element-populated\">\n\t\t\t\t\t\t<div class=\"elementor-element elementor-element-cd5e72b elementor-widget elementor-widget-shortcode\" data-id=\"cd5e72b\" data-element_type=\"widget\" data-e-type=\"widget\" data-widget_type=\"shortcode.default\">\n\t\t\t\t<div class=\"elementor-widget-container\">\n\t\t\t\t\t\t\t<div class=\"elementor-shortcode\"><style type=\"text\/css\">\n#foogallery-gallery-3400.fg-simple_portfolio { justify-content: center; --fg-gutter: 5px; }\n#foogallery-gallery-3400.fg-simple_portfolio .fg-item { flex-basis: 270px; }<\/style>\n\t\t\t<div class=\"foogallery foogallery-container foogallery-simple_portfolio foogallery-lightbox-foobox fg-simple_portfolio fg-ready fg-dark fg-border-thin fg-shadow-outline fg-loading-default fg-loaded-fade-in fg-caption-always fg-hover-fade fg-hover-zoom fg-caption-always\" id=\"foogallery-gallery-3400\" data-foogallery=\"{&quot;item&quot;:{&quot;showCaptionTitle&quot;:false,&quot;showCaptionDescription&quot;:false},&quot;lazy&quot;:true}\" style=\"--fg-title-line-clamp: 0; --fg-description-line-clamp: 0;\" >\n\t<div class=\"fg-item fg-type-image fg-idle\"><figure class=\"fg-item-inner\"><a href=\"https:\/\/photocmb.art\/wp-content\/uploads\/2010\/03\/286-1721U65B-V2.jpg\" data-attachment-id=\"800\" class=\"foogallery-thumb fg-thumb\" data-e-disable-page-transition=\"true\" data-type=\"image\"><span class=\"fg-image-wrap\"><img decoding=\"async\" class=\"bf-img skip-lazy fg-image\" height=\"200\" width=\"270\" data-src-fg=\"https:\/\/photocmb.art\/wp-content\/uploads\/cache\/2010\/03\/286-1721U65B-V2\/3743903848.jpg\" src=\"data:image\/svg+xml,%3Csvg%20xmlns%3D%22http%3A%2F%2Fwww.w3.org%2F2000%2Fsvg%22%20width%3D%22270%22%20height%3D%22200%22%20viewBox%3D%220%200%20270%20200%22%3E%3C%2Fsvg%3E\" loading=\"eager\"><\/span><span class=\"fg-image-overlay\"><\/span><\/a><\/figure><div class=\"fg-loader\"><\/div><\/div><div class=\"fg-item fg-type-image fg-idle\"><figure class=\"fg-item-inner\"><a href=\"https:\/\/photocmb.art\/wp-content\/uploads\/2010\/03\/S8F8641.jpg\" data-attachment-id=\"737\" class=\"foogallery-thumb fg-thumb\" data-e-disable-page-transition=\"true\" data-type=\"image\"><span class=\"fg-image-wrap\"><img decoding=\"async\" class=\"bf-img skip-lazy fg-image\" height=\"200\" width=\"270\" data-src-fg=\"https:\/\/photocmb.art\/wp-content\/uploads\/cache\/2010\/03\/S8F8641\/1083468001.jpg\" src=\"data:image\/svg+xml,%3Csvg%20xmlns%3D%22http%3A%2F%2Fwww.w3.org%2F2000%2Fsvg%22%20width%3D%22270%22%20height%3D%22200%22%20viewBox%3D%220%200%20270%20200%22%3E%3C%2Fsvg%3E\" loading=\"eager\"><\/span><span class=\"fg-image-overlay\"><\/span><\/a><\/figure><div class=\"fg-loader\"><\/div><\/div><div class=\"fg-item fg-type-image fg-idle\"><figure class=\"fg-item-inner\"><a href=\"https:\/\/photocmb.art\/wp-content\/uploads\/2010\/03\/S8F2015.jpg\" data-attachment-id=\"735\" class=\"foogallery-thumb fg-thumb\" data-e-disable-page-transition=\"true\" data-type=\"image\"><span class=\"fg-image-wrap\"><img decoding=\"async\" class=\"bf-img skip-lazy fg-image\" height=\"200\" width=\"270\" data-src-fg=\"https:\/\/photocmb.art\/wp-content\/uploads\/cache\/2010\/03\/S8F2015\/693223268.jpg\" src=\"data:image\/svg+xml,%3Csvg%20xmlns%3D%22http%3A%2F%2Fwww.w3.org%2F2000%2Fsvg%22%20width%3D%22270%22%20height%3D%22200%22%20viewBox%3D%220%200%20270%20200%22%3E%3C%2Fsvg%3E\" loading=\"eager\"><\/span><span class=\"fg-image-overlay\"><\/span><\/a><\/figure><div class=\"fg-loader\"><\/div><\/div><div class=\"fg-item fg-type-image fg-idle\"><figure class=\"fg-item-inner\"><a href=\"https:\/\/photocmb.art\/wp-content\/uploads\/2010\/03\/S8F1723.jpg\" data-attachment-id=\"734\" class=\"foogallery-thumb fg-thumb\" data-e-disable-page-transition=\"true\" data-type=\"image\"><span class=\"fg-image-wrap\"><img decoding=\"async\" class=\"bf-img skip-lazy fg-image\" height=\"200\" width=\"270\" data-src-fg=\"https:\/\/photocmb.art\/wp-content\/uploads\/cache\/2010\/03\/S8F1723\/1684123143.jpg\" src=\"data:image\/svg+xml,%3Csvg%20xmlns%3D%22http%3A%2F%2Fwww.w3.org%2F2000%2Fsvg%22%20width%3D%22270%22%20height%3D%22200%22%20viewBox%3D%220%200%20270%20200%22%3E%3C%2Fsvg%3E\" loading=\"eager\"><\/span><span class=\"fg-image-overlay\"><\/span><\/a><\/figure><div class=\"fg-loader\"><\/div><\/div><div class=\"fg-item fg-type-image fg-idle\"><figure class=\"fg-item-inner\"><a href=\"https:\/\/photocmb.art\/wp-content\/uploads\/2010\/03\/S8F0653.jpg\" data-attachment-id=\"733\" class=\"foogallery-thumb fg-thumb\" data-e-disable-page-transition=\"true\" data-type=\"image\"><span class=\"fg-image-wrap\"><img decoding=\"async\" class=\"bf-img skip-lazy fg-image\" height=\"200\" width=\"270\" data-src-fg=\"https:\/\/photocmb.art\/wp-content\/uploads\/cache\/2010\/03\/S8F0653\/1046147964.jpg\" src=\"data:image\/svg+xml,%3Csvg%20xmlns%3D%22http%3A%2F%2Fwww.w3.org%2F2000%2Fsvg%22%20width%3D%22270%22%20height%3D%22200%22%20viewBox%3D%220%200%20270%20200%22%3E%3C%2Fsvg%3E\" loading=\"eager\"><\/span><span class=\"fg-image-overlay\"><\/span><\/a><\/figure><div class=\"fg-loader\"><\/div><\/div><div class=\"fg-item fg-type-image fg-idle\"><figure class=\"fg-item-inner\"><a href=\"https:\/\/photocmb.art\/wp-content\/uploads\/2010\/03\/145-4540.jpg\" data-attachment-id=\"738\" class=\"foogallery-thumb fg-thumb\" data-e-disable-page-transition=\"true\" data-type=\"image\"><span class=\"fg-image-wrap\"><img decoding=\"async\" class=\"bf-img skip-lazy fg-image\" height=\"200\" width=\"270\" data-src-fg=\"https:\/\/photocmb.art\/wp-content\/uploads\/cache\/2010\/03\/145-4540\/471490213.jpg\" src=\"data:image\/svg+xml,%3Csvg%20xmlns%3D%22http%3A%2F%2Fwww.w3.org%2F2000%2Fsvg%22%20width%3D%22270%22%20height%3D%22200%22%20viewBox%3D%220%200%20270%20200%22%3E%3C%2Fsvg%3E\" loading=\"eager\"><\/span><span class=\"fg-image-overlay\"><\/span><\/a><\/figure><div class=\"fg-loader\"><\/div><\/div><div class=\"fg-item fg-type-image fg-idle\"><figure class=\"fg-item-inner\"><a href=\"https:\/\/photocmb.art\/wp-content\/uploads\/2010\/03\/286-1460U65B_2.jpg\" data-attachment-id=\"739\" class=\"foogallery-thumb fg-thumb\" data-e-disable-page-transition=\"true\" data-type=\"image\"><span class=\"fg-image-wrap\"><img decoding=\"async\" class=\"bf-img skip-lazy fg-image\" height=\"200\" width=\"270\" data-src-fg=\"https:\/\/photocmb.art\/wp-content\/uploads\/cache\/2010\/03\/286-1460U65B_2\/2634187960.jpg\" src=\"data:image\/svg+xml,%3Csvg%20xmlns%3D%22http%3A%2F%2Fwww.w3.org%2F2000%2Fsvg%22%20width%3D%22270%22%20height%3D%22200%22%20viewBox%3D%220%200%20270%20200%22%3E%3C%2Fsvg%3E\" loading=\"eager\"><\/span><span class=\"fg-image-overlay\"><\/span><\/a><\/figure><div class=\"fg-loader\"><\/div><\/div><div class=\"fg-item fg-type-image fg-idle\"><figure class=\"fg-item-inner\"><a href=\"https:\/\/photocmb.art\/wp-content\/uploads\/2010\/03\/S8F8301.jpg\" data-attachment-id=\"736\" class=\"foogallery-thumb fg-thumb\" data-e-disable-page-transition=\"true\" data-type=\"image\"><span class=\"fg-image-wrap\"><img decoding=\"async\" class=\"bf-img skip-lazy fg-image\" height=\"200\" width=\"270\" data-src-fg=\"https:\/\/photocmb.art\/wp-content\/uploads\/cache\/2010\/03\/S8F8301\/851291120.jpg\" src=\"data:image\/svg+xml,%3Csvg%20xmlns%3D%22http%3A%2F%2Fwww.w3.org%2F2000%2Fsvg%22%20width%3D%22270%22%20height%3D%22200%22%20viewBox%3D%220%200%20270%20200%22%3E%3C%2Fsvg%3E\" loading=\"eager\"><\/span><span class=\"fg-image-overlay\"><\/span><\/a><\/figure><div class=\"fg-loader\"><\/div><\/div><div class=\"fg-item fg-type-image fg-idle\"><figure class=\"fg-item-inner\"><a href=\"https:\/\/photocmb.art\/wp-content\/uploads\/2010\/03\/VS8F3638.jpg\" data-attachment-id=\"742\" class=\"foogallery-thumb fg-thumb\" data-e-disable-page-transition=\"true\" data-type=\"image\"><span class=\"fg-image-wrap\"><img decoding=\"async\" class=\"bf-img skip-lazy fg-image\" height=\"200\" width=\"270\" data-src-fg=\"https:\/\/photocmb.art\/wp-content\/uploads\/cache\/2010\/03\/VS8F3638\/1178874957.jpg\" src=\"data:image\/svg+xml,%3Csvg%20xmlns%3D%22http%3A%2F%2Fwww.w3.org%2F2000%2Fsvg%22%20width%3D%22270%22%20height%3D%22200%22%20viewBox%3D%220%200%20270%20200%22%3E%3C%2Fsvg%3E\" loading=\"eager\"><\/span><span class=\"fg-image-overlay\"><\/span><\/a><\/figure><div class=\"fg-loader\"><\/div><\/div><div class=\"fg-item fg-type-image fg-idle\"><figure class=\"fg-item-inner\"><a href=\"https:\/\/photocmb.art\/wp-content\/uploads\/2010\/03\/VS8F3436.jpg\" data-attachment-id=\"741\" class=\"foogallery-thumb fg-thumb\" data-e-disable-page-transition=\"true\" data-type=\"image\"><span class=\"fg-image-wrap\"><img decoding=\"async\" class=\"bf-img skip-lazy fg-image\" height=\"200\" width=\"270\" data-src-fg=\"https:\/\/photocmb.art\/wp-content\/uploads\/cache\/2010\/03\/VS8F3436\/1639577945.jpg\" src=\"data:image\/svg+xml,%3Csvg%20xmlns%3D%22http%3A%2F%2Fwww.w3.org%2F2000%2Fsvg%22%20width%3D%22270%22%20height%3D%22200%22%20viewBox%3D%220%200%20270%20200%22%3E%3C%2Fsvg%3E\" loading=\"eager\"><\/span><span class=\"fg-image-overlay\"><\/span><\/a><\/figure><div class=\"fg-loader\"><\/div><\/div><div class=\"fg-item fg-type-image fg-idle\"><figure class=\"fg-item-inner\"><a href=\"https:\/\/photocmb.art\/wp-content\/uploads\/2010\/03\/Jap-S1-05.jpg\" data-attachment-id=\"1714\" class=\"foogallery-thumb fg-thumb\" data-e-disable-page-transition=\"true\" data-type=\"image\"><span class=\"fg-image-wrap\"><img decoding=\"async\" class=\"bf-img skip-lazy fg-image\" height=\"200\" width=\"270\" data-src-fg=\"https:\/\/photocmb.art\/wp-content\/uploads\/cache\/2010\/03\/Jap-S1-05\/3421479089.jpg\" src=\"data:image\/svg+xml,%3Csvg%20xmlns%3D%22http%3A%2F%2Fwww.w3.org%2F2000%2Fsvg%22%20width%3D%22270%22%20height%3D%22200%22%20viewBox%3D%220%200%20270%20200%22%3E%3C%2Fsvg%3E\" loading=\"eager\"><\/span><span class=\"fg-image-overlay\"><\/span><\/a><\/figure><div class=\"fg-loader\"><\/div><\/div><div class=\"fg-item fg-type-image fg-idle\"><figure class=\"fg-item-inner\"><a href=\"https:\/\/photocmb.art\/wp-content\/uploads\/2010\/03\/Jap-S1-01.jpg\" data-attachment-id=\"1715\" class=\"foogallery-thumb fg-thumb\" data-e-disable-page-transition=\"true\" data-type=\"image\"><span class=\"fg-image-wrap\"><img decoding=\"async\" class=\"bf-img skip-lazy fg-image\" height=\"200\" width=\"270\" data-src-fg=\"https:\/\/photocmb.art\/wp-content\/uploads\/cache\/2010\/03\/Jap-S1-01\/913008874.jpg\" src=\"data:image\/svg+xml,%3Csvg%20xmlns%3D%22http%3A%2F%2Fwww.w3.org%2F2000%2Fsvg%22%20width%3D%22270%22%20height%3D%22200%22%20viewBox%3D%220%200%20270%20200%22%3E%3C%2Fsvg%3E\" loading=\"eager\"><\/span><span class=\"fg-image-overlay\"><\/span><\/a><\/figure><div class=\"fg-loader\"><\/div><\/div><div class=\"fg-item fg-type-image fg-idle\"><figure class=\"fg-item-inner\"><a href=\"https:\/\/photocmb.art\/wp-content\/uploads\/2010\/03\/Jap-S1-04.jpg\" data-attachment-id=\"1716\" class=\"foogallery-thumb fg-thumb\" data-e-disable-page-transition=\"true\" data-type=\"image\"><span class=\"fg-image-wrap\"><img decoding=\"async\" class=\"bf-img skip-lazy fg-image\" height=\"200\" width=\"270\" data-src-fg=\"https:\/\/photocmb.art\/wp-content\/uploads\/cache\/2010\/03\/Jap-S1-04\/4107808109.jpg\" src=\"data:image\/svg+xml,%3Csvg%20xmlns%3D%22http%3A%2F%2Fwww.w3.org%2F2000%2Fsvg%22%20width%3D%22270%22%20height%3D%22200%22%20viewBox%3D%220%200%20270%20200%22%3E%3C%2Fsvg%3E\" loading=\"eager\"><\/span><span class=\"fg-image-overlay\"><\/span><\/a><\/figure><div class=\"fg-loader\"><\/div><\/div><\/div><\/div>\n\t\t\t\t\t\t<\/div>\n\t\t\t\t<\/div>\n\t\t\t\t\t<\/div>\n\t\t<\/div>\n\t\t\t\t\t<\/div>\n\t\t<\/section>\n\t\t\t\t<section class=\"elementor-section elementor-top-section elementor-element elementor-element-88a9ef0 elementor-section-boxed elementor-section-height-default elementor-section-height-default\" data-id=\"88a9ef0\" data-element_type=\"section\" data-e-type=\"section\">\n\t\t\t\t\t\t<div class=\"elementor-container elementor-column-gap-default\">\n\t\t\t\t\t<div class=\"elementor-column elementor-col-100 elementor-top-column elementor-element elementor-element-86c5626\" data-id=\"86c5626\" data-element_type=\"column\" data-e-type=\"column\" data-settings=\"{&quot;background_background&quot;:&quot;classic&quot;}\">\n\t\t\t<div class=\"elementor-widget-wrap elementor-element-populated\">\n\t\t\t\t\t\t<div class=\"elementor-element elementor-element-49558e8 elementor-widget elementor-widget-text-editor\" data-id=\"49558e8\" data-element_type=\"widget\" data-e-type=\"widget\" data-widget_type=\"text-editor.default\">\n\t\t\t\t<div class=\"elementor-widget-container\">\n\t\t\t\t\t\t\t\t\t<p>\u7d20\u6674\u3089\u3057\u3044\u65c5\u3060\uff01<br>\u73fe\u4ee3\u751f\u6d3b\u3068<br \/>\u6df1\u304f\u6839\u4ed8\u3044\u305f\u60c5\u71b1\u7684\u306b\u5b88\u308a\u7d9a\u3051\u3089\u308c\u3066\u3044\u308b\u4f1d\u7d71\u3068\u306e<\/p>\t\t\t\t\t\t\t\t<\/div>\n\t\t\t\t<\/div>\n\t\t\t\t\t<\/div>\n\t\t<\/div>\n\t\t\t\t\t<\/div>\n\t\t<\/section>\n\t\t\t\t<\/div>","protected":false},"excerpt":{"rendered":"<p>D\u00e9couvertes, surprises ! Frappant contraste entre monde moderneet traditions profond\u00e9ment enracin\u00e9es et passionn\u00e9ment entretenues.<\/p>","protected":false},"author":6,"featured_media":0,"parent":0,"menu_order":0,"comment_status":"closed","ping_status":"closed","template":"","meta":{"_monsterinsights_skip_tracking":false,"_monsterinsights_sitenote_active":false,"_monsterinsights_sitenote_note":"","_monsterinsights_sitenote_category":0,"footnotes":""},"class_list":["post-3265","page","type-page","status-publish","hentry"],"yoast_head":"<!-- This site is optimized with the Yoast SEO plugin v27.3 - https:\/\/yoast.com\/product\/yoast-seo-wordpress\/ -->\n<title>Galerie Welcome to Japan !<\/title>\n<meta name=\"robots\" content=\"index, follow, max-snippet:-1, max-image-preview:large, max-video-preview:-1\" \/>\n<link rel=\"canonical\" href=\"https:\/\/photocmb.art\/ja\/galerie-welcome-to-japan\/\" \/>\n<meta property=\"og:locale\" content=\"ja_JP\" \/>\n<meta property=\"og:type\" content=\"article\" \/>\n<meta property=\"og:title\" content=\"Galerie Welcome to Japan !\" \/>\n<meta property=\"og:description\" content=\"D\u00e9couvertes, surprises ! Frappant contraste entre monde moderneet traditions profond\u00e9ment enracin\u00e9es et passionn\u00e9ment entretenues.\" \/>\n<meta property=\"og:url\" content=\"https:\/\/photocmb.art\/ja\/galerie-welcome-to-japan\/\" \/>\n<meta property=\"og:site_name\" content=\"McBurnie Communication\" \/>\n<meta property=\"article:modified_time\" content=\"2025-01-07T15:12:03+00:00\" \/>\n<meta property=\"og:image\" content=\"https:\/\/photocmb.art\/wp-content\/uploads\/2010\/03\/145-4540.jpg\" \/>\n<meta name=\"twitter:label1\" content=\"\u63a8\u5b9a\u8aad\u307f\u53d6\u308a\u6642\u9593\" \/>\n\t<meta name=\"twitter:data1\" content=\"1\u5206\" \/>\n<script type=\"application\/ld+json\" class=\"yoast-schema-graph\">{\"@context\":\"https:\\\/\\\/schema.org\",\"@graph\":[{\"@type\":\"WebPage\",\"@id\":\"https:\\\/\\\/photocmb.art\\\/galerie-welcome-to-japan\\\/\",\"url\":\"https:\\\/\\\/photocmb.art\\\/galerie-welcome-to-japan\\\/\",\"name\":\"Galerie Welcome to Japan !\",\"isPartOf\":{\"@id\":\"https:\\\/\\\/photocmb.art\\\/#website\"},\"primaryImageOfPage\":{\"@id\":\"https:\\\/\\\/photocmb.art\\\/galerie-welcome-to-japan\\\/#primaryimage\"},\"image\":{\"@id\":\"https:\\\/\\\/photocmb.art\\\/galerie-welcome-to-japan\\\/#primaryimage\"},\"thumbnailUrl\":\"https:\\\/\\\/photocmb.art\\\/wp-content\\\/uploads\\\/2010\\\/03\\\/145-4540.jpg\",\"datePublished\":\"2023-03-28T20:54:06+00:00\",\"dateModified\":\"2025-01-07T15:12:03+00:00\",\"breadcrumb\":{\"@id\":\"https:\\\/\\\/photocmb.art\\\/galerie-welcome-to-japan\\\/#breadcrumb\"},\"inLanguage\":\"ja\",\"potentialAction\":[{\"@type\":\"ReadAction\",\"target\":[\"https:\\\/\\\/photocmb.art\\\/galerie-welcome-to-japan\\\/\"]}]},{\"@type\":\"ImageObject\",\"inLanguage\":\"ja\",\"@id\":\"https:\\\/\\\/photocmb.art\\\/galerie-welcome-to-japan\\\/#primaryimage\",\"url\":\"https:\\\/\\\/photocmb.art\\\/wp-content\\\/uploads\\\/2010\\\/03\\\/145-4540.jpg\",\"contentUrl\":\"https:\\\/\\\/photocmb.art\\\/wp-content\\\/uploads\\\/2010\\\/03\\\/145-4540.jpg\"},{\"@type\":\"BreadcrumbList\",\"@id\":\"https:\\\/\\\/photocmb.art\\\/galerie-welcome-to-japan\\\/#breadcrumb\",\"itemListElement\":[{\"@type\":\"ListItem\",\"position\":1,\"name\":\"Accueil\",\"item\":\"https:\\\/\\\/photocmb.art\\\/\"},{\"@type\":\"ListItem\",\"position\":2,\"name\":\"Galerie Welcome to Japan !\"}]},{\"@type\":\"WebSite\",\"@id\":\"https:\\\/\\\/photocmb.art\\\/#website\",\"url\":\"https:\\\/\\\/photocmb.art\\\/\",\"name\":\"McBurnie Communication\",\"description\":\"Claude MacBurnie... capteur d&#039;\u00e9motions\",\"publisher\":{\"@id\":\"https:\\\/\\\/photocmb.art\\\/#organization\"},\"potentialAction\":[{\"@type\":\"SearchAction\",\"target\":{\"@type\":\"EntryPoint\",\"urlTemplate\":\"https:\\\/\\\/photocmb.art\\\/?s={search_term_string}\"},\"query-input\":{\"@type\":\"PropertyValueSpecification\",\"valueRequired\":true,\"valueName\":\"search_term_string\"}}],\"inLanguage\":\"ja\"},{\"@type\":\"Organization\",\"@id\":\"https:\\\/\\\/photocmb.art\\\/#organization\",\"name\":\"McBurnie Communication\",\"url\":\"https:\\\/\\\/photocmb.art\\\/\",\"logo\":{\"@type\":\"ImageObject\",\"inLanguage\":\"ja\",\"@id\":\"https:\\\/\\\/photocmb.art\\\/#\\\/schema\\\/logo\\\/image\\\/\",\"url\":\"https:\\\/\\\/photocmb.art\\\/wp-content\\\/uploads\\\/2023\\\/03\\\/photocmb-Logo2024-WebTxBlanc_350.png?wsr\",\"contentUrl\":\"https:\\\/\\\/photocmb.art\\\/wp-content\\\/uploads\\\/2023\\\/03\\\/photocmb-Logo2024-WebTxBlanc_350.png?wsr\",\"width\":350,\"height\":140,\"caption\":\"McBurnie Communication\"},\"image\":{\"@id\":\"https:\\\/\\\/photocmb.art\\\/#\\\/schema\\\/logo\\\/image\\\/\"}}]}<\/script>\n<!-- \/ Yoast SEO plugin. -->","yoast_head_json":{"title":"Galerie Welcome to Japan !","robots":{"index":"index","follow":"follow","max-snippet":"max-snippet:-1","max-image-preview":"max-image-preview:large","max-video-preview":"max-video-preview:-1"},"canonical":"https:\/\/photocmb.art\/ja\/galerie-welcome-to-japan\/","og_locale":"ja_JP","og_type":"article","og_title":"Galerie Welcome to Japan !","og_description":"D\u00e9couvertes, surprises ! Frappant contraste entre monde moderneet traditions profond\u00e9ment enracin\u00e9es et passionn\u00e9ment entretenues.","og_url":"https:\/\/photocmb.art\/ja\/galerie-welcome-to-japan\/","og_site_name":"McBurnie Communication","article_modified_time":"2025-01-07T15:12:03+00:00","og_image":[{"url":"https:\/\/photocmb.art\/wp-content\/uploads\/2010\/03\/145-4540.jpg","type":"","width":"","height":""}],"twitter_misc":{"\u63a8\u5b9a\u8aad\u307f\u53d6\u308a\u6642\u9593":"1\u5206"},"schema":{"@context":"https:\/\/schema.org","@graph":[{"@type":"WebPage","@id":"https:\/\/photocmb.art\/galerie-welcome-to-japan\/","url":"https:\/\/photocmb.art\/galerie-welcome-to-japan\/","name":"Galerie Welcome to Japan !","isPartOf":{"@id":"https:\/\/photocmb.art\/#website"},"primaryImageOfPage":{"@id":"https:\/\/photocmb.art\/galerie-welcome-to-japan\/#primaryimage"},"image":{"@id":"https:\/\/photocmb.art\/galerie-welcome-to-japan\/#primaryimage"},"thumbnailUrl":"https:\/\/photocmb.art\/wp-content\/uploads\/2010\/03\/145-4540.jpg","datePublished":"2023-03-28T20:54:06+00:00","dateModified":"2025-01-07T15:12:03+00:00","breadcrumb":{"@id":"https:\/\/photocmb.art\/galerie-welcome-to-japan\/#breadcrumb"},"inLanguage":"ja","potentialAction":[{"@type":"ReadAction","target":["https:\/\/photocmb.art\/galerie-welcome-to-japan\/"]}]},{"@type":"ImageObject","inLanguage":"ja","@id":"https:\/\/photocmb.art\/galerie-welcome-to-japan\/#primaryimage","url":"https:\/\/photocmb.art\/wp-content\/uploads\/2010\/03\/145-4540.jpg","contentUrl":"https:\/\/photocmb.art\/wp-content\/uploads\/2010\/03\/145-4540.jpg"},{"@type":"BreadcrumbList","@id":"https:\/\/photocmb.art\/galerie-welcome-to-japan\/#breadcrumb","itemListElement":[{"@type":"ListItem","position":1,"name":"Accueil","item":"https:\/\/photocmb.art\/"},{"@type":"ListItem","position":2,"name":"Galerie Welcome to Japan !"}]},{"@type":"WebSite","@id":"https:\/\/photocmb.art\/#website","url":"https:\/\/photocmb.art\/","name":"McBurnie Communication","description":"Claude MacBurnie... capteur d&#039;\u00e9motions","publisher":{"@id":"https:\/\/photocmb.art\/#organization"},"potentialAction":[{"@type":"SearchAction","target":{"@type":"EntryPoint","urlTemplate":"https:\/\/photocmb.art\/?s={search_term_string}"},"query-input":{"@type":"PropertyValueSpecification","valueRequired":true,"valueName":"search_term_string"}}],"inLanguage":"ja"},{"@type":"Organization","@id":"https:\/\/photocmb.art\/#organization","name":"McBurnie Communication","url":"https:\/\/photocmb.art\/","logo":{"@type":"ImageObject","inLanguage":"ja","@id":"https:\/\/photocmb.art\/#\/schema\/logo\/image\/","url":"https:\/\/photocmb.art\/wp-content\/uploads\/2023\/03\/photocmb-Logo2024-WebTxBlanc_350.png?wsr","contentUrl":"https:\/\/photocmb.art\/wp-content\/uploads\/2023\/03\/photocmb-Logo2024-WebTxBlanc_350.png?wsr","width":350,"height":140,"caption":"McBurnie Communication"},"image":{"@id":"https:\/\/photocmb.art\/#\/schema\/logo\/image\/"}}]}},"_links":{"self":[{"href":"https:\/\/photocmb.art\/ja\/wp-json\/wp\/v2\/pages\/3265","targetHints":{"allow":["GET"]}}],"collection":[{"href":"https:\/\/photocmb.art\/ja\/wp-json\/wp\/v2\/pages"}],"about":[{"href":"https:\/\/photocmb.art\/ja\/wp-json\/wp\/v2\/types\/page"}],"author":[{"embeddable":true,"href":"https:\/\/photocmb.art\/ja\/wp-json\/wp\/v2\/users\/6"}],"replies":[{"embeddable":true,"href":"https:\/\/photocmb.art\/ja\/wp-json\/wp\/v2\/comments?post=3265"}],"version-history":[{"count":34,"href":"https:\/\/photocmb.art\/ja\/wp-json\/wp\/v2\/pages\/3265\/revisions"}],"predecessor-version":[{"id":6048,"href":"https:\/\/photocmb.art\/ja\/wp-json\/wp\/v2\/pages\/3265\/revisions\/6048"}],"wp:attachment":[{"href":"https:\/\/photocmb.art\/ja\/wp-json\/wp\/v2\/media?parent=3265"}],"curies":[{"name":"wp","href":"https:\/\/api.w.org\/{rel}","templated":true}]}}