{"id":2823,"date":"2023-03-25T11:15:05","date_gmt":"2023-03-25T09:15:05","guid":{"rendered":"https:\/\/photocmb.art\/?page_id=2823"},"modified":"2024-12-18T19:26:30","modified_gmt":"2024-12-18T17:26:30","slug":"references","status":"publish","type":"page","link":"https:\/\/photocmb.art\/ja\/references\/","title":{"rendered":"\u79c1\u306b\u3064\u3044\u3066"},"content":{"rendered":"<div data-elementor-type=\"wp-page\" data-elementor-id=\"2823\" class=\"elementor elementor-2823\">\n\t\t\t\t\t\t<section class=\"elementor-section elementor-top-section elementor-element elementor-element-2ad5365 elementor-section-boxed elementor-section-height-default elementor-section-height-default\" data-id=\"2ad5365\" data-element_type=\"section\" data-e-type=\"section\">\n\t\t\t\t\t\t<div class=\"elementor-container elementor-column-gap-default\">\n\t\t\t\t\t<div class=\"elementor-column elementor-col-50 elementor-top-column elementor-element elementor-element-c211635\" data-id=\"c211635\" data-element_type=\"column\" data-e-type=\"column\">\n\t\t\t<div class=\"elementor-widget-wrap elementor-element-populated\">\n\t\t\t\t\t\t<div class=\"elementor-element elementor-element-7eab3be elementor-widget elementor-widget-eael-feature-list\" data-id=\"7eab3be\" data-element_type=\"widget\" data-e-type=\"widget\" data-widget_type=\"eael-feature-list.default\">\n\t\t\t\t<div class=\"elementor-widget-container\">\n\t\t\t\t\t\t\t<div class=\"-icon-position-left -tablet-icon-position-left -mobile-icon-position-left\">\n\t\t\t<ul id=\"eael-feature-list-7eab3be\" class=\"eael-feature-list-items circle stacked  eael-feature-list-vertical\" data-layout-tablet=\"vertical\" data-layout-mobile=\"vertical\">\n\t\t\t                <li class=\"eael-feature-list-item elementor-repeater-item-0747d86\">\n                    \n\t\t\t\t\t\t<div class=\"eael-feature-list-icon-box\">\n\t\t\t\t\t\t\t<div class=\"eael-feature-list-icon-inner\">\n\n\t\t\t\t\t\t\t\t<span class=\"eael-feature-list-icon fl-icon-0\">\n\n\t\t<i aria-hidden=\"true\" class=\"fas fa-photo-video\"><\/i>\t\t\t\t\t\t\t\t<\/span>\n\t\t\t\t\t\t\t<\/div>\n\t\t\t\t\t\t<\/div>\n\t\t\t\t\t\t<div class=\"eael-feature-list-content-box\">\n                            <h2 class=\"eael-feature-list-title\">\u5199\u771f\u64ae\u5f71<\/h2>\t\t\t\t\t\t<p class=\"eael-feature-list-content\">\u30c7\u30b8\u30bf\u30eb\u9ad8\u89e3\u50cf\u5ea6\u5199\u771f\u64ae\u5f71<\/p>\n\t\t\t\t\t\t<\/div>\n\n\t\t\t\t\t<\/li>\n\t\t\t\t                <li class=\"eael-feature-list-item elementor-repeater-item-635e518\">\n                    \n\t\t\t\t\t\t<div class=\"eael-feature-list-icon-box\">\n\t\t\t\t\t\t\t<div class=\"eael-feature-list-icon-inner\">\n\n\t\t\t\t\t\t\t\t<span class=\"eael-feature-list-icon fl-icon-1\">\n\n\t\t<i aria-hidden=\"true\" class=\"fas fa-photo-video\"><\/i>\t\t\t\t\t\t\t\t<\/span>\n\t\t\t\t\t\t\t<\/div>\n\t\t\t\t\t\t<\/div>\n\t\t\t\t\t\t<div class=\"eael-feature-list-content-box\">\n                            <h2 class=\"eael-feature-list-title\">\u30ec\u30bf\u30c3\u30c1\u3068\u30d5\u30a9\u30c8\u30e2\u30f3\u30bf\u30fc\u30b8\u30e5<\/h2>\t\t\t\t\t\t<p class=\"eael-feature-list-content\">\u5efa\u7bc9\u3001\u8096\u50cf\u3001\u5275\u9020<\/p>\n\t\t\t\t\t\t<\/div>\n\n\t\t\t\t\t<\/li>\n\t\t\t\t                <li class=\"eael-feature-list-item elementor-repeater-item-3743a97\">\n                    \n\t\t\t\t\t\t<div class=\"eael-feature-list-icon-box\">\n\t\t\t\t\t\t\t<div class=\"eael-feature-list-icon-inner\">\n\n\t\t\t\t\t\t\t\t<span class=\"eael-feature-list-icon fl-icon-2\">\n\n\t\t<i aria-hidden=\"true\" class=\"fas fa-photo-video\"><\/i>\t\t\t\t\t\t\t\t<\/span>\n\t\t\t\t\t\t\t<\/div>\n\t\t\t\t\t\t<\/div>\n\t\t\t\t\t\t<div class=\"eael-feature-list-content-box\">\n                            <h2 class=\"eael-feature-list-title\">\u30a4\u30f3\u30c6\u30ea\u30a2\u30c7\u30b6\u30a4\u30f3<\/h2>\t\t\t\t\t\t<p class=\"eael-feature-list-content translation-block\">\u30d7\u30ed\u30d5\u30a7\u30c3\u30b7\u30e7\u30ca\u30eb\u5411\u3051\u5c55\u793a\u4f1a <br>\u5efa\u7bc9\u5bb6\u3001\u30a4\u30f3\u30c6\u30ea\u30a2\u30c7\u30b6\u30a4\u30ca\u30fc\u3001\u51fa\u5c55\u8005\u5411\u3051\u306e\u5199\u771f\u64ae\u5f71 <br>\u5546\u696d\u7528\u5efa\u7269\u3001\u6577\u5730\u3001\u8a2d\u5099\u3001\u5099\u54c1\u5168\u822c <br>\u6b74\u53f2\u7684\u5efa\u9020\u7269\u304a\u3088\u3073\u73fe\u4ee3\u5efa\u7bc9\u3001\u30f4\u30a3\u30e9 <br>\u30db\u30c6\u30eb\u3001\u30ec\u30b9\u30c8\u30e9\u30f3<\/p>\n\t\t\t\t\t\t<\/div>\n\n\t\t\t\t\t<\/li>\n\t\t\t\t                <li class=\"eael-feature-list-item elementor-repeater-item-61d5508\">\n                    \n\t\t\t\t\t\t<div class=\"eael-feature-list-icon-box\">\n\t\t\t\t\t\t\t<div class=\"eael-feature-list-icon-inner\">\n\n\t\t\t\t\t\t\t\t<span class=\"eael-feature-list-icon fl-icon-3\">\n\n\t\t<i aria-hidden=\"true\" class=\"fas fa-photo-video\"><\/i>\t\t\t\t\t\t\t\t<\/span>\n\t\t\t\t\t\t\t<\/div>\n\t\t\t\t\t\t<\/div>\n\t\t\t\t\t\t<div class=\"eael-feature-list-content-box\">\n                            <h2 class=\"eael-feature-list-title translation-block\">\u30d3\u30b8\u30cd\u30b9\u30a4\u30d9\u30f3\u30c8<br>\u30d5\u30a9\u30c8\u30b3\u30fc\u30eb<\/h2>\t\t\t\t\t\t<p class=\"eael-feature-list-content translation-block\">\u30d6\u30fc\u30b9\u3084\u5546\u696d\u65bd\u8a2d\u5185\u3067\u306e\u30df\u30fc\u30c6\u30a3\u30f3\u30b0<br>\u65b0\u88fd\u54c1\u767a\u8868<\/p>\n\t\t\t\t\t\t<\/div>\n\n\t\t\t\t\t<\/li>\n\t\t\t\t\t\t\t<\/ul>\n\t\t<\/div>\n\t\t\t\t\t\t<\/div>\n\t\t\t\t<\/div>\n\t\t\t\t\t<\/div>\n\t\t<\/div>\n\t\t\t\t<div class=\"elementor-column elementor-col-50 elementor-top-column elementor-element elementor-element-130b28a\" data-id=\"130b28a\" data-element_type=\"column\" data-e-type=\"column\">\n\t\t\t<div class=\"elementor-widget-wrap elementor-element-populated\">\n\t\t\t\t\t\t<div class=\"elementor-element elementor-element-6aba5c1 elementor-widget elementor-widget-eael-feature-list\" data-id=\"6aba5c1\" data-element_type=\"widget\" data-e-type=\"widget\" data-widget_type=\"eael-feature-list.default\">\n\t\t\t\t<div class=\"elementor-widget-container\">\n\t\t\t\t\t\t\t<div class=\"-icon-position-left -tablet-icon-position-left -mobile-icon-position-left\">\n\t\t\t<ul id=\"eael-feature-list-6aba5c1\" class=\"eael-feature-list-items circle stacked  eael-feature-list-vertical\" data-layout-tablet=\"vertical\" data-layout-mobile=\"vertical\">\n\t\t\t                <li class=\"eael-feature-list-item elementor-repeater-item-c123dad\">\n                    \n\t\t\t\t\t\t<div class=\"eael-feature-list-icon-box\">\n\t\t\t\t\t\t\t<div class=\"eael-feature-list-icon-inner\">\n\n\t\t\t\t\t\t\t\t<span class=\"eael-feature-list-icon fl-icon-0\">\n\n\t\t<i aria-hidden=\"true\" class=\"fas fa-photo-video\"><\/i>\t\t\t\t\t\t\t\t<\/span>\n\t\t\t\t\t\t\t<\/div>\n\t\t\t\t\t\t<\/div>\n\t\t\t\t\t\t<div class=\"eael-feature-list-content-box\">\n                            <h2 class=\"eael-feature-list-title\">\u71b1\u6c17\u7403<\/h2>\t\t\t\t\t\t<p class=\"eael-feature-list-content\">\u5f62\u3068\u8272\u306e\u30b7\u30f3\u30d5\u30a9\u30cb\u30fc\uff01<br>\n1989\u5e74\u3088\u308a\u3001Grand Est Mondial Air Ballons\n<\/p>\n\t\t\t\t\t\t<\/div>\n\n\t\t\t\t\t<\/li>\n\t\t\t\t                <li class=\"eael-feature-list-item elementor-repeater-item-bc24756\">\n                    \n\t\t\t\t\t\t<div class=\"eael-feature-list-icon-box\">\n\t\t\t\t\t\t\t<div class=\"eael-feature-list-icon-inner\">\n\n\t\t\t\t\t\t\t\t<span class=\"eael-feature-list-icon fl-icon-1\">\n\n\t\t<i aria-hidden=\"true\" class=\"fas fa-photo-video\"><\/i>\t\t\t\t\t\t\t\t<\/span>\n\t\t\t\t\t\t\t<\/div>\n\t\t\t\t\t\t<\/div>\n\t\t\t\t\t\t<div class=\"eael-feature-list-content-box\">\n                            <h2 class=\"eael-feature-list-title\">\u65e5\u672c<\/h2>\t\t\t\t\t\t<p class=\"eael-feature-list-content\">\u65e5\u51fa\u305a\u308b\u56fd\u306b\u3064\u3044\u3066\u306e\u3055\u307e\u3056\u307e\u306a\u30c6\u30fc\u30de<br>\n\u5efa\u7bc9\u3001\u4f1d\u7d71\u3001\u751f\u6d3b\u8853\u3001\u81ea\u7136\u3001\u9b5a \n<\/p>\n\t\t\t\t\t\t<\/div>\n\n\t\t\t\t\t<\/li>\n\t\t\t\t                <li class=\"eael-feature-list-item elementor-repeater-item-93e049d\">\n                    \n\t\t\t\t\t\t<div class=\"eael-feature-list-icon-box\">\n\t\t\t\t\t\t\t<div class=\"eael-feature-list-icon-inner\">\n\n\t\t\t\t\t\t\t\t<span class=\"eael-feature-list-icon fl-icon-2\">\n\n\t\t<i aria-hidden=\"true\" class=\"fas fa-photo-video\"><\/i>\t\t\t\t\t\t\t\t<\/span>\n\t\t\t\t\t\t\t<\/div>\n\t\t\t\t\t\t<\/div>\n\t\t\t\t\t\t<div class=\"eael-feature-list-content-box\">\n                            <h2 class=\"eael-feature-list-title\">\u30d3\u30b8\u30e7\u30f3<\/h2>\t\t\t\t\t\t<p class=\"eael-feature-list-content\">\u9650\u754c\u306f\u306a\u3044\u2026 \u767a\u898b\u3057\u3001\u60f3\u50cf\u3057\u3066\u307f\u3088\u3046\u2026<\/p>\n\t\t\t\t\t\t<\/div>\n\n\t\t\t\t\t<\/li>\n\t\t\t\t                <li class=\"eael-feature-list-item elementor-repeater-item-02bc635\">\n                    \n\t\t\t\t\t\t<div class=\"eael-feature-list-icon-box\">\n\t\t\t\t\t\t\t<div class=\"eael-feature-list-icon-inner\">\n\n\t\t\t\t\t\t\t\t<span class=\"eael-feature-list-icon fl-icon-3\">\n\n\t\t<i aria-hidden=\"true\" class=\"fas fa-photo-video\"><\/i>\t\t\t\t\t\t\t\t<\/span>\n\t\t\t\t\t\t\t<\/div>\n\t\t\t\t\t\t<\/div>\n\t\t\t\t\t\t<div class=\"eael-feature-list-content-box\">\n                            <h2 class=\"eael-feature-list-title\">\u30aa\u30da\u30e9<\/h2>\t\t\t\t\t\t<p class=\"eael-feature-list-content\">\u30cb\u30fc\u30b9\u6b4c\u5287\u5834\u5236\u4f5c\uff1a1987\u5e74\uff5e2007\u5e74<br>\n\u30e2\u30f3\u30c6\u30ab\u30eb\u30ed\u6b4c\u5287\u5834\u5236\u4f5c\uff1a1987\u5e74\uff5e2000\u5e74\n<br>\n<br>\n\u30d5\u30e9\u30f3\u30b9\u5ba4\u5185\u6b4c\u5287\u5834\u5236\u4f5c<br>\n\u30e1\u30f3\u30c8\u30f3\u3067\u306e\u5275\u4f5c\uff1a2001\u5e74\uff5e2005\u5e74<\/p>\n\t\t\t\t\t\t<\/div>\n\n\t\t\t\t\t<\/li>\n\t\t\t\t\t\t\t<\/ul>\n\t\t<\/div>\n\t\t\t\t\t\t<\/div>\n\t\t\t\t<\/div>\n\t\t\t\t\t<\/div>\n\t\t<\/div>\n\t\t\t\t\t<\/div>\n\t\t<\/section>\n\t\t\t\t<section class=\"elementor-section elementor-top-section elementor-element elementor-element-c8bb8b7 elementor-section-boxed elementor-section-height-default elementor-section-height-default\" data-id=\"c8bb8b7\" data-element_type=\"section\" data-e-type=\"section\">\n\t\t\t\t\t\t<div class=\"elementor-container elementor-column-gap-default\">\n\t\t\t\t\t<div class=\"elementor-column elementor-col-100 elementor-top-column elementor-element elementor-element-2ae2575\" data-id=\"2ae2575\" data-element_type=\"column\" data-e-type=\"column\">\n\t\t\t<div class=\"elementor-widget-wrap elementor-element-populated\">\n\t\t\t\t\t\t<div class=\"elementor-element elementor-element-47fc388 elementor-widget elementor-widget-image-carousel\" data-id=\"47fc388\" data-element_type=\"widget\" data-e-type=\"widget\" data-settings=\"{&quot;slides_to_show&quot;:&quot;1&quot;,&quot;navigation&quot;:&quot;none&quot;,&quot;pause_on_hover&quot;:&quot;no&quot;,&quot;pause_on_interaction&quot;:&quot;no&quot;,&quot;effect&quot;:&quot;fade&quot;,&quot;speed&quot;:3000,&quot;autoplay&quot;:&quot;yes&quot;,&quot;autoplay_speed&quot;:5000,&quot;infinite&quot;:&quot;yes&quot;}\" data-widget_type=\"image-carousel.default\">\n\t\t\t\t<div class=\"elementor-widget-container\">\n\t\t\t\t\t\t\t<div class=\"elementor-image-carousel-wrapper swiper\" role=\"region\" aria-roledescription=\"carousel\" aria-label=\"Carrousel d\u2019images\" dir=\"ltr\">\n\t\t\t<div class=\"elementor-image-carousel swiper-wrapper\" aria-live=\"off\">\n\t\t\t\t\t\t\t\t<div class=\"swiper-slide\" role=\"group\" aria-roledescription=\"slide\" aria-label=\"1 of 3\" data-no-translation-aria-label=\"\"><figure class=\"swiper-slide-inner\"><img decoding=\"async\" class=\"swiper-slide-image\" src=\"https:\/\/photocmb.art\/wp-content\/uploads\/2023\/04\/sliderp1.jpg\" alt=\"sliderp1\" \/><\/figure><\/div><div class=\"swiper-slide\" role=\"group\" aria-roledescription=\"slide\" aria-label=\"2 of 3\" data-no-translation-aria-label=\"\"><figure class=\"swiper-slide-inner\"><img decoding=\"async\" class=\"swiper-slide-image\" src=\"https:\/\/photocmb.art\/wp-content\/uploads\/2023\/04\/sliderp2.jpg\" alt=\"sliderp2\" \/><\/figure><\/div><div class=\"swiper-slide\" role=\"group\" aria-roledescription=\"slide\" aria-label=\"3 of 3\" data-no-translation-aria-label=\"\"><figure class=\"swiper-slide-inner\"><img decoding=\"async\" class=\"swiper-slide-image\" src=\"https:\/\/photocmb.art\/wp-content\/uploads\/2023\/04\/sliderp3.jpg\" alt=\"sliderp3\" \/><\/figure><\/div>\t\t\t<\/div>\n\t\t\t\t\t\t\t\n\t\t\t\t\t\t\t\t\t<\/div>\n\t\t\t\t\t\t<\/div>\n\t\t\t\t<\/div>\n\t\t\t\t\t<\/div>\n\t\t<\/div>\n\t\t\t\t\t<\/div>\n\t\t<\/section>\n\t\t\t\t<\/div>","protected":false},"excerpt":{"rendered":"<p>PRISE DE VUE Photo num\u00e9rique en haute r\u00e9solution RETOUCHE ET PHOTOMONTAGE Architecture, portrait, cr\u00e9ation ARCHITECTURE INT\u00c9RIEURE Salons professionnels Prise de vue pour architectes, d\u00e9corateurs et exposants Tous locaux et agencements commerciaux Immeubles anciens et contemporains, villas, H\u00f4tels, restaurants \u00c9V\u00c9NEMENTIEL D&rsquo;ENTREPRISE PHOTOCALL R\u00e9unions sur stands, dans entreprises et commerces Lancement de produit A\u00c9ROSTATION Symphonie de formes et de couleurs ! Grand Est Mondial Air Ballons, depuis 1989 JAPON Diff\u00e9rents sujets sur le pays du soleil levant Architecture, traditions, art de vivre, nature, poisson VISIONS Sans limites&#8230; Je vous laisse d\u00e9couvrir&#8230; OP\u00c9RA Productions de l&rsquo;Op\u00e9ra de Nice : 1987-2007 Productions de l&rsquo;Op\u00e9ra de Monte-Carlo : 1987-2000 Productions de l&rsquo;Op\u00e9ra de Chambre de [&hellip;]<\/p>\n","protected":false},"author":4,"featured_media":0,"parent":0,"menu_order":0,"comment_status":"closed","ping_status":"closed","template":"","meta":{"footnotes":""},"class_list":["post-2823","page","type-page","status-publish","hentry"],"_links":{"self":[{"href":"https:\/\/photocmb.art\/ja\/wp-json\/wp\/v2\/pages\/2823","targetHints":{"allow":["GET"]}}],"collection":[{"href":"https:\/\/photocmb.art\/ja\/wp-json\/wp\/v2\/pages"}],"about":[{"href":"https:\/\/photocmb.art\/ja\/wp-json\/wp\/v2\/types\/page"}],"author":[{"embeddable":true,"href":"https:\/\/photocmb.art\/ja\/wp-json\/wp\/v2\/users\/4"}],"replies":[{"embeddable":true,"href":"https:\/\/photocmb.art\/ja\/wp-json\/wp\/v2\/comments?post=2823"}],"version-history":[{"count":105,"href":"https:\/\/photocmb.art\/ja\/wp-json\/wp\/v2\/pages\/2823\/revisions"}],"predecessor-version":[{"id":5851,"href":"https:\/\/photocmb.art\/ja\/wp-json\/wp\/v2\/pages\/2823\/revisions\/5851"}],"wp:attachment":[{"href":"https:\/\/photocmb.art\/ja\/wp-json\/wp\/v2\/media?parent=2823"}],"curies":[{"name":"wp","href":"https:\/\/api.w.org\/{rel}","templated":true}]}}