{"id":2792,"date":"2023-03-26T00:14:41","date_gmt":"2023-03-25T22:14:41","guid":{"rendered":"https:\/\/photocmb.art\/?page_id=2792"},"modified":"2023-04-15T17:26:56","modified_gmt":"2023-04-15T15:26:56","slug":"mentions-legales","status":"publish","type":"page","link":"https:\/\/photocmb.art\/ja\/mentions-legales\/","title":{"rendered":"Mentions l\u00e9gales"},"content":{"rendered":"<div data-elementor-type=\"wp-page\" data-elementor-id=\"2792\" class=\"elementor elementor-2792\">\n\t\t\t\t\t\t<section class=\"elementor-section elementor-top-section elementor-element elementor-element-d978ec4 elementor-section-boxed elementor-section-height-default elementor-section-height-default\" data-id=\"d978ec4\" data-element_type=\"section\" data-e-type=\"section\">\n\t\t\t\t\t\t<div class=\"elementor-container elementor-column-gap-default\">\n\t\t\t\t\t<div class=\"elementor-column elementor-col-100 elementor-top-column elementor-element elementor-element-270bfa3\" data-id=\"270bfa3\" data-element_type=\"column\" data-e-type=\"column\" data-settings=\"{&quot;background_background&quot;:&quot;classic&quot;}\">\n\t\t\t<div class=\"elementor-widget-wrap elementor-element-populated\">\n\t\t\t\t\t\t<div class=\"elementor-element elementor-element-f306aa7 elementor-widget elementor-widget-heading\" data-id=\"f306aa7\" data-element_type=\"widget\" data-e-type=\"widget\" data-widget_type=\"heading.default\">\n\t\t\t\t<div class=\"elementor-widget-container\">\n\t\t\t\t\t<h1 class=\"elementor-heading-title elementor-size-default\">Mentions L\u00e9gales<\/h1>\t\t\t\t<\/div>\n\t\t\t\t<\/div>\n\t\t\t\t<div class=\"elementor-element elementor-element-3beb372 elementor-widget elementor-widget-heading\" data-id=\"3beb372\" data-element_type=\"widget\" data-e-type=\"widget\" data-widget_type=\"heading.default\">\n\t\t\t\t<div class=\"elementor-widget-container\">\n\t\t\t\t\t<h2 class=\"elementor-heading-title elementor-size-default\">\u00c9diteur<\/h2>\t\t\t\t<\/div>\n\t\t\t\t<\/div>\n\t\t\t\t<div class=\"elementor-element elementor-element-44e6133 elementor-widget elementor-widget-text-editor\" data-id=\"44e6133\" data-element_type=\"widget\" data-e-type=\"widget\" data-widget_type=\"text-editor.default\">\n\t\t\t\t<div class=\"elementor-widget-container\">\n\t\t\t\t\t\t\t\t\t<p>McBURNIE COMMUNICATION<br>\n<span style=\"color: var( --e-global-color-text ); font-family: var( --e-global-typography-text-font-family ), Sans-serif; font-size: var( --e-global-typography-text-font-size ); font-weight: var( --e-global-typography-text-font-weight ); background-color: var( --e-global-color-secondary );\">Claude MacBurnie<\/span><br><span style=\"background-color: var( --e-global-color-secondary ); color: var( --e-global-color-text ); font-family: var( --e-global-typography-text-font-family ), Sans-serif; font-size: var( --e-global-typography-text-font-size ); font-weight: var( --e-global-typography-text-font-weight );\">Entrepreneur Individuel&nbsp;<\/span><br><span style=\"background-color: var( --e-global-color-secondary ); color: var( --e-global-color-text ); font-family: var( --e-global-typography-text-font-family ), Sans-serif; font-size: var( --e-global-typography-text-font-size ); font-weight: var( --e-global-typography-text-font-weight );\">28, rue de Paris&nbsp;<\/span><br><span style=\"background-color: var( --e-global-color-secondary ); color: var( --e-global-color-text ); font-family: var( --e-global-typography-text-font-family ), Sans-serif; font-size: var( --e-global-typography-text-font-size ); font-weight: var( --e-global-typography-text-font-weight );\">06000 Nice<\/span><br><\/p>\n<p class=\"translation-block\"><span style=\"color: var( --e-global-color-text ); font-family: var( --e-global-typography-text-font-family ), Sans-serif; font-size: var( --e-global-typography-text-font-size ); font-weight: var( --e-global-typography-text-font-weight ); background-color: var( --e-global-color-secondary );\">Num\u00e9ro&nbsp;<\/span><span style=\"background-color: var( --e-global-color-secondary ); color: var( --e-global-color-text ); font-family: var( --e-global-typography-text-font-family ), Sans-serif; font-size: var( --e-global-typography-text-font-size ); font-weight: var( --e-global-typography-text-font-weight );\">SIRET : 32564769100022<\/span><\/p>\n<p>Code APE : Activit\u00e9s photographiques (7420Z)<\/p>\n<p>TVA intracommunautaire : FR19325647691<\/p>\n<p>T\u00e9l\u00e9phone : +33 (0)6 14 63 21 20<\/p>\n<p>Email :&nbsp;<a style=\"font-family: var( --e-global-typography-text-font-family ), Sans-serif; font-size: var( --e-global-typography-text-font-size ); font-weight: var( --e-global-typography-text-font-weight );\" href=\"mailto: claude@photocmb.art\" target=\"_blank\" rel=\"noopener\">claude@photocmb.art<\/a>&nbsp;<\/p>\t\t\t\t\t\t\t\t<\/div>\n\t\t\t\t<\/div>\n\t\t\t\t<div class=\"elementor-element elementor-element-d79a089 elementor-widget elementor-widget-heading\" data-id=\"d79a089\" data-element_type=\"widget\" data-e-type=\"widget\" data-widget_type=\"heading.default\">\n\t\t\t\t<div class=\"elementor-widget-container\">\n\t\t\t\t\t<h2 class=\"elementor-heading-title elementor-size-default\">H\u00e9bergement<\/h2>\t\t\t\t<\/div>\n\t\t\t\t<\/div>\n\t\t\t\t<div class=\"elementor-element elementor-element-ec2e126 elementor-widget elementor-widget-text-editor\" data-id=\"ec2e126\" data-element_type=\"widget\" data-e-type=\"widget\" data-widget_type=\"text-editor.default\">\n\t\t\t\t<div class=\"elementor-widget-container\">\n\t\t\t\t\t\t\t\t\t<p>1&amp;1 IONOS SARL<br \/>\u00a0<span style=\"color: var( --e-global-color-text ); font-family: var( --e-global-typography-text-font-family ), Sans-serif; font-size: var( --e-global-typography-text-font-size ); font-weight: var( --e-global-typography-text-font-weight ); background-color: var( --e-global-color-secondary );\">7, place de la Gare<br \/>BP 70109<br \/>57201 Sarreguemines Cedex<\/span><\/p><p>Tel : 09 70 80 89 11<\/p><p>support@1and1.fr<\/p><p>www.1and1.fr<\/p><p>RCS : Sarreguemines B 431 303 775<\/p><p>SIRET : 431 303 775 000 16\u00a0<\/p>\t\t\t\t\t\t\t\t<\/div>\n\t\t\t\t<\/div>\n\t\t\t\t<div class=\"elementor-element elementor-element-bb8bfa4 elementor-widget elementor-widget-heading\" data-id=\"bb8bfa4\" data-element_type=\"widget\" data-e-type=\"widget\" data-widget_type=\"heading.default\">\n\t\t\t\t<div class=\"elementor-widget-container\">\n\t\t\t\t\t<h2 class=\"elementor-heading-title elementor-size-default\">R\u00e9alisation<\/h2>\t\t\t\t<\/div>\n\t\t\t\t<\/div>\n\t\t\t\t<div class=\"elementor-element elementor-element-473899e elementor-widget elementor-widget-text-editor\" data-id=\"473899e\" data-element_type=\"widget\" data-e-type=\"widget\" data-widget_type=\"text-editor.default\">\n\t\t\t\t<div class=\"elementor-widget-container\">\n\t\t\t\t\t\t\t\t\t<a style=\"all: unset; cursor: pointer;\" href=\"https:\/\/aquaketa.net\/\" target=\"_blank\" rel=\"noopener\">Aquaketa, Strat\u00e9gie Web et D\u00e9veloppement<\/a>\t\t\t\t\t\t\t\t<\/div>\n\t\t\t\t<\/div>\n\t\t\t\t<div class=\"elementor-element elementor-element-ede63d0 elementor-widget elementor-widget-heading\" data-id=\"ede63d0\" data-element_type=\"widget\" data-e-type=\"widget\" data-widget_type=\"heading.default\">\n\t\t\t\t<div class=\"elementor-widget-container\">\n\t\t\t\t\t<h2 class=\"elementor-heading-title elementor-size-default\">Propri\u00e9t\u00e9 intellectuelle<\/h2>\t\t\t\t<\/div>\n\t\t\t\t<\/div>\n\t\t\t\t<div class=\"elementor-element elementor-element-0a92be7 elementor-widget elementor-widget-text-editor\" data-id=\"0a92be7\" data-element_type=\"widget\" data-e-type=\"widget\" data-widget_type=\"text-editor.default\">\n\t\t\t\t<div class=\"elementor-widget-container translation-block\">\u00c0 l\u2019exception de l\u2019utilisation priv\u00e9e \u00e0 des fins strictement personnelles, toute reproduction, toute repr\u00e9sentation totale ou partielle,<br> toute utilisation, toute adaptation, toute mise \u00e0 disposition ou modification des \u0153uvres, images, textes, documents t\u00e9l\u00e9chargeables,<br> fichiers vid\u00e9o ou sonores du site Internet, par quelque proc\u00e9d\u00e9 que ce soit, par quelque personne que ce soit et par quelque moyen<br> que ce soit (notamment la vente, la commercialisation, etc.) sans l\u2019autorisation expresse de McBURNIE COMMUNICATION,<br> des \u00e9ventuels auteurs ou de leurs ayants droits, est strictement interdite et constitue un d\u00e9lit de contrefa\u00e7on au sens du code<br> de la propri\u00e9t\u00e9 intellectuelle.<\/div>\n\t\t\t\t<\/div>\n\t\t\t\t<div class=\"elementor-element elementor-element-7ca0de3 elementor-widget elementor-widget-heading\" data-id=\"7ca0de3\" data-element_type=\"widget\" data-e-type=\"widget\" data-widget_type=\"heading.default\">\n\t\t\t\t<div class=\"elementor-widget-container\">\n\t\t\t\t\t<h2 class=\"elementor-heading-title elementor-size-default\">Droit moral<\/h2>\t\t\t\t<\/div>\n\t\t\t\t<\/div>\n\t\t\t\t<div class=\"elementor-element elementor-element-abc8e3c elementor-widget elementor-widget-text-editor\" data-id=\"abc8e3c\" data-element_type=\"widget\" data-e-type=\"widget\" data-widget_type=\"text-editor.default\">\n\t\t\t\t<div class=\"elementor-widget-container translation-block\">Conform\u00e9ment au code de la propri\u00e9t\u00e9 intellectuelle, tout auteur a droit au respect de son nom et de l\u2019int\u00e9grit\u00e9 de son \u0153uvre.<br> Ainsi toute utilisation de contenu prot\u00e9g\u00e9 en tant qu\u2019\u0153uvre par le code de la propri\u00e9t\u00e9 intellectuelle devra \u00eatre fait sans modification<br> et comporter le nom de son auteur et du cessionnaire des droits le cas \u00e9ch\u00e9ant.<\/div>\n\t\t\t\t<\/div>\n\t\t\t\t<div class=\"elementor-element elementor-element-043795b elementor-widget elementor-widget-heading\" data-id=\"043795b\" data-element_type=\"widget\" data-e-type=\"widget\" data-widget_type=\"heading.default\">\n\t\t\t\t<div class=\"elementor-widget-container\">\n\t\t\t\t\t<h2 class=\"elementor-heading-title elementor-size-default\">Liens hypertextes<\/h2>\t\t\t\t<\/div>\n\t\t\t\t<\/div>\n\t\t\t\t<div class=\"elementor-element elementor-element-424d759 elementor-widget elementor-widget-text-editor\" data-id=\"424d759\" data-element_type=\"widget\" data-e-type=\"widget\" data-widget_type=\"text-editor.default\">\n\t\t\t\t<div class=\"elementor-widget-container\">\n\t\t\t\t\t\t\t\t\t<p class=\"translation-block\">La mise en place d\u2019un lien hypertexte pointant vers le contenu du site Internet de McBURNIE COMMUNICATION ou de l\u2019un<br>de ses \u00e9l\u00e9ments, est autoris\u00e9e sous r\u00e9serve de :<\/p><ul><li style=\"list-style-type: none;\"><ul><li>Le rendre accessible par l\u2019ouverture d\u2019une nouvelle fen\u00eatre ;<\/li><li>Mentionner la source qui pointera gr\u00e2ce \u00e0 un lien hypertexte directement sur le contenu vis\u00e9 ;<\/li><li>Ne pas utiliser ces informations \u00e0 des fins commerciales ou publicitaires.<\/li><\/ul><\/li><\/ul><p><span style=\"color: var( --e-global-color-text ); font-family: var( --e-global-typography-text-font-family ), Sans-serif; font-size: var( --e-global-typography-text-font-size ); font-weight: var( --e-global-typography-text-font-weight ); background-color: var( --e-global-color-secondary );\"><br \/>Cette autorisation ne s\u2019applique pas aux sites Internet diffusant des informations \u00e0 caract\u00e8re pol\u00e9mique, pornographique, x\u00e9nophobe<br \/>ou pouvant, dans une plus large mesure, porter atteinte \u00e0 la sensibilit\u00e9 du plus grand nombre.<\/span><\/p><p class=\"translation-block\">Le site www.photocmb.art propose de nombreux liens vers d\u2019autres sites, essentiellement des sites officiels<br>(institutions, organismes publics, etc.) mais aussi vers des sites d\u2019associations ou d\u2019entreprises partenaires.<br>Ces pages web, dont les adresses sont r\u00e9guli\u00e8rement v\u00e9rifi\u00e9es, ne font pas partie du site public et officiel www.photocmb.art.<\/p><p>McBURNIE COMMUNICATION n\u2019est pas responsable de la teneur desdits autres sites, et ne sera tenu responsable d\u2019aucun dommage<br \/>ou pr\u00e9judice en d\u00e9coulant.\u00a0<\/p>\t\t\t\t\t\t\t\t<\/div>\n\t\t\t\t<\/div>\n\t\t\t\t\t<\/div>\n\t\t<\/div>\n\t\t\t\t\t<\/div>\n\t\t<\/section>\n\t\t\t\t<\/div>","protected":false},"excerpt":{"rendered":"<p>Mentions L\u00e9gales \u00c9diteur McBURNIE COMMUNICATION Claude MacBurnieEntrepreneur Individuel&nbsp;28, rue de Paris&nbsp;06000 Nice Num\u00e9ro&nbsp;SIRET : 32564769100022 Code APE : Activit\u00e9s photographiques (7420Z) TVA intracommunautaire : FR19325647691 T\u00e9l\u00e9phone : +33 (0)6 14 63 21 20 Email :&nbsp;claude@photocmb.art&nbsp; H\u00e9bergement 1&amp;1 IONOS SARL\u00a07, place de la GareBP 7010957201 Sarreguemines Cedex Tel : 09 70 80 89 11 support@1and1.fr www.1and1.fr RCS : Sarreguemines B 431 303 775 SIRET : 431 303 775 000 16\u00a0 R\u00e9alisation Aquaketa, Strat\u00e9gie Web et D\u00e9veloppement Propri\u00e9t\u00e9 intellectuelle \u00c0 l\u2019exception de l\u2019utilisation priv\u00e9e \u00e0 des fins strictement personnelles, toute reproduction, toute repr\u00e9sentation totale ou partielle, toute utilisation, toute adaptation, toute mise \u00e0 disposition ou modification des \u0153uvres, images, textes, documents t\u00e9l\u00e9chargeables, [&hellip;]<\/p>\n","protected":false},"author":4,"featured_media":0,"parent":0,"menu_order":0,"comment_status":"closed","ping_status":"closed","template":"","meta":{"footnotes":""},"class_list":["post-2792","page","type-page","status-publish","hentry"],"_links":{"self":[{"href":"https:\/\/photocmb.art\/ja\/wp-json\/wp\/v2\/pages\/2792","targetHints":{"allow":["GET"]}}],"collection":[{"href":"https:\/\/photocmb.art\/ja\/wp-json\/wp\/v2\/pages"}],"about":[{"href":"https:\/\/photocmb.art\/ja\/wp-json\/wp\/v2\/types\/page"}],"author":[{"embeddable":true,"href":"https:\/\/photocmb.art\/ja\/wp-json\/wp\/v2\/users\/4"}],"replies":[{"embeddable":true,"href":"https:\/\/photocmb.art\/ja\/wp-json\/wp\/v2\/comments?post=2792"}],"version-history":[{"count":83,"href":"https:\/\/photocmb.art\/ja\/wp-json\/wp\/v2\/pages\/2792\/revisions"}],"predecessor-version":[{"id":4689,"href":"https:\/\/photocmb.art\/ja\/wp-json\/wp\/v2\/pages\/2792\/revisions\/4689"}],"wp:attachment":[{"href":"https:\/\/photocmb.art\/ja\/wp-json\/wp\/v2\/media?parent=2792"}],"curies":[{"name":"wp","href":"https:\/\/api.w.org\/{rel}","templated":true}]}}