{"id":3578,"date":"2023-03-31T21:24:05","date_gmt":"2023-03-31T19:24:05","guid":{"rendered":"https:\/\/photocmb.art\/?page_id=3578"},"modified":"2023-04-15T15:32:08","modified_gmt":"2023-04-15T13:32:08","slug":"politique-de-confidentialite","status":"publish","type":"page","link":"https:\/\/photocmb.art\/en\/politique-de-confidentialite\/","title":{"rendered":"Privacy Policy"},"content":{"rendered":"<div data-elementor-type=\"wp-page\" data-elementor-id=\"3578\" class=\"elementor elementor-3578\">\n\t\t\t\t\t\t<section class=\"elementor-section elementor-top-section elementor-element elementor-element-5f27170 elementor-section-boxed elementor-section-height-default elementor-section-height-default\" data-id=\"5f27170\" data-element_type=\"section\" data-e-type=\"section\">\n\t\t\t\t\t\t<div class=\"elementor-container elementor-column-gap-default\">\n\t\t\t\t\t<div class=\"elementor-column elementor-col-100 elementor-top-column elementor-element elementor-element-c3bdb5d\" data-id=\"c3bdb5d\" data-element_type=\"column\" data-e-type=\"column\" data-settings=\"{&quot;background_background&quot;:&quot;classic&quot;}\">\n\t\t\t<div class=\"elementor-widget-wrap elementor-element-populated\">\n\t\t\t\t\t\t<div class=\"elementor-element elementor-element-65e30c4 elementor-widget elementor-widget-heading\" data-id=\"65e30c4\" data-element_type=\"widget\" data-e-type=\"widget\" data-widget_type=\"heading.default\">\n\t\t\t\t<div class=\"elementor-widget-container\">\n\t\t\t\t\t<h1 class=\"elementor-heading-title elementor-size-default\">Privacy Policy<\/h1>\t\t\t\t<\/div>\n\t\t\t\t<\/div>\n\t\t\t\t<div class=\"elementor-element elementor-element-4402c2b elementor-widget elementor-widget-heading\" data-id=\"4402c2b\" data-element_type=\"widget\" data-e-type=\"widget\" data-widget_type=\"heading.default\">\n\t\t\t\t<div class=\"elementor-widget-container\">\n\t\t\t\t\t<h2 class=\"elementor-heading-title elementor-size-default\">Introduction<\/h2>\t\t\t\t<\/div>\n\t\t\t\t<\/div>\n\t\t\t\t<div class=\"elementor-element elementor-element-80371c6 elementor-widget elementor-widget-text-editor\" data-id=\"80371c6\" data-element_type=\"widget\" data-e-type=\"widget\" data-widget_type=\"text-editor.default\">\n\t\t\t\t<div class=\"elementor-widget-container translation-block\">Our website, https:\/\/photocmb.art (hereinafter: \u201cthe website\u201d) uses cookies and other related technologies<br>\n(for simplicity, all such technologies are referred to as \u201ccookies\u201d). Cookies are also placed by third parties engaged by us.<br>\nIn the document below, we inform you about the use of cookies on our website.<\/div>\n\t\t\t\t<\/div>\n\t\t\t\t<div class=\"elementor-element elementor-element-c49281c elementor-widget elementor-widget-heading\" data-id=\"c49281c\" data-element_type=\"widget\" data-e-type=\"widget\" data-widget_type=\"heading.default\">\n\t\t\t\t<div class=\"elementor-widget-container\">\n\t\t\t\t\t<h2 class=\"elementor-heading-title elementor-size-default\">Cookies<\/h2>\t\t\t\t<\/div>\n\t\t\t\t<\/div>\n\t\t\t\t<div class=\"elementor-element elementor-element-bc11fcd elementor-widget elementor-widget-text-editor\" data-id=\"bc11fcd\" data-element_type=\"widget\" data-e-type=\"widget\" data-widget_type=\"text-editor.default\">\n\t\t\t\t<div class=\"elementor-widget-container translation-block\">A cookie is a small, simple file sent with pages from this website and stored by your browser on the hard drive<br>\nof your computer or other device. The information stored there may be sent back to our servers or the servers<br>\nof the relevant third parties on a subsequent visit.<\/div>\n\t\t\t\t<\/div>\n\t\t\t\t<div class=\"elementor-element elementor-element-a25a451 elementor-widget elementor-widget-heading\" data-id=\"a25a451\" data-element_type=\"widget\" data-e-type=\"widget\" data-widget_type=\"heading.default\">\n\t\t\t\t<div class=\"elementor-widget-container\">\n\t\t\t\t\t<h2 class=\"elementor-heading-title elementor-size-default\">Use of cookies<\/h2>\t\t\t\t<\/div>\n\t\t\t\t<\/div>\n\t\t\t\t<div class=\"elementor-element elementor-element-d73c508 elementor-widget elementor-widget-text-editor\" data-id=\"d73c508\" data-element_type=\"widget\" data-e-type=\"widget\" data-widget_type=\"text-editor.default\">\n\t\t\t\t<div class=\"elementor-widget-container\">\n\t\t\t\t\t\t\t\t\t<p class=\"cmplz-subtitle\"><strong>Technical or functional cookies<\/strong><\/p><p class=\"translation-block\">Some cookies ensure that certain parts of the website work correctly and that your preferences as a user<br>\nare taken into account. By placing functional cookies, we make it easier for you to visit our website.<br>\nThis way, you do not have to repeatedly enter the same information when visiting our website and, for example,<br>\nthe items remain in your shopping cart until you pay. We may place these cookies without your consent.<\/p><p><strong>Statistical cookies<\/strong><\/p><p class=\"translation-block\">We use statistical cookies to optimize the experience of Internet users on our website. With these statistical cookies,<br>\nwe obtain observations on the use of our website. We ask your permission to place statistical cookies.<\/p><p class=\"cmplz-subtitle\"><strong>Analytical cookies<\/strong><\/p><p class=\"translation-block\">This site uses Google Analytics, a traffic analysis service for websites. Google Analytics uses cookies, which are text files<br>\nplaced on your computer, to help the website analyze how users use the site.<br>\nThe statistics are tracked anonymously, so no permission is required to place analytical cookies.<\/p><p><strong>Marketing\/tracking cookies<\/strong><\/p><p class=\"translation-block\">Marketing\/tracking cookies are cookies or any other form of local storage, used to create user profiles in order to display<br>\nadvertising or to track the user on this website or on several websites for the purposes similar marketing.<\/p><p class=\"cmplz-subtitle\"><strong>Social networks<\/strong><\/p><p class=\"translation-block\">On our website, we have included content from Facebook to promote web pages (eg \"like\", \"pin\") or share them (eg \"tweet\")<br>\non social networks such as Facebook. This content is integrated using a code obtained from Facebook and places cookies.<br>\nThis content may store and process certain information for personalized advertising purposes.<\/p><p class=\"translation-block\">Please read the privacy statement of these social networks (which may change regularly) to find out what they do<br> with your\n(personal) data processed using these cookies.\nThe data retrieved is anonymized as much as possible.<br> Facebook is located in the United States.<\/p>\t\t\t\t\t\t\t\t<\/div>\n\t\t\t\t<\/div>\n\t\t\t\t<div class=\"elementor-element elementor-element-c9663a0 elementor-widget elementor-widget-heading\" data-id=\"c9663a0\" data-element_type=\"widget\" data-e-type=\"widget\" data-widget_type=\"heading.default\">\n\t\t\t\t<div class=\"elementor-widget-container\">\n\t\t\t\t\t<h2 class=\"elementor-heading-title elementor-size-default\">Cookies placed<\/h2>\t\t\t\t<\/div>\n\t\t\t\t<\/div>\n\t\t\t\t<div class=\"elementor-element elementor-element-54e698f elementor-widget elementor-widget-text-editor\" data-id=\"54e698f\" data-element_type=\"widget\" data-e-type=\"widget\" data-widget_type=\"text-editor.default\">\n\t\t\t\t<div class=\"elementor-widget-container\">\n\t\t\t\t\t\t\t\t\t<p>Nom : e_event-tracker <br \/>Nom : WP_PREFERENCES_USER_6 <br \/>Nom : e_globals\u00a0<br \/>Nom : e_kit-elements-defaults <br \/>Nom : WP_PREFERENCES_USER_4\u00a0<br \/>Nom : elementor <br \/>Nom : WP_DATA_USER_4 <br \/>Nom : wordpress_test_cookie\u00a0<br \/>Nom : wp_lang\u00a0<br \/>Nom : wp-settings-6 <br \/>Nom : wp-settings-time-6 <br \/>Nom : wordpress_logged_in_f843895cbb2577684f1ef0f8691e0238 <br \/>Nom : persist:hs-beacon-9db9417a-5e2f-41dd-8857-1421d5112aea <br \/>Nom : wistia-video-progress-j042jylrre <br \/>Nom : activetab <br \/>Nom : wistia <br \/>Nom : wistia-video-progress-z1qxl7s2zn <br \/>Nom : wistia-video-progress-fj42vucf99 <br \/>Nom : wpr-show-sidebar <br \/>Nom : wistia-video-progress-7seqacq2ol <br \/>Nom : wpr-hash <br \/>Nom : persist:hs-beacon-message-9db9417a-5e2f-41dd-8857-1421d5112aea <br \/>Nom : slider-2 <br \/>Nom : cmplz_banner-status\u00a0 \u00a0 \u00a0<\/p>\t\t\t\t\t\t\t\t<\/div>\n\t\t\t\t<\/div>\n\t\t\t\t<div class=\"elementor-element elementor-element-1ee48ff elementor-widget elementor-widget-heading\" data-id=\"1ee48ff\" data-element_type=\"widget\" data-e-type=\"widget\" data-widget_type=\"heading.default\">\n\t\t\t\t<div class=\"elementor-widget-container\">\n\t\t\t\t\t<h2 class=\"elementor-heading-title elementor-size-default\">Consent <\/h2>\t\t\t\t<\/div>\n\t\t\t\t<\/div>\n\t\t\t\t<div class=\"elementor-element elementor-element-0adbdbf elementor-widget elementor-widget-text-editor\" data-id=\"0adbdbf\" data-element_type=\"widget\" data-e-type=\"widget\" data-widget_type=\"text-editor.default\">\n\t\t\t\t<div class=\"elementor-widget-container\">\n\t\t\t\t\t\t\t\t\t<p class=\"translation-block\">When you visit our website for the first time, we will show you a pop-up window with an explanation about cookies.<br>\nAs soon as you click on \u201cSave preferences\u201d you authorize us to use the categories of cookies and extensions that<br>\nyou have selected in the pop-up window, as described in this cookie policy. You can disable the use of cookies<br>\nvia your browser, but please note that our website may no longer function properly.<\/p>\t\t\t\t\t\t\t\t<\/div>\n\t\t\t\t<\/div>\n\t\t\t\t<div class=\"elementor-element elementor-element-a2d9f07 elementor-widget elementor-widget-heading\" data-id=\"a2d9f07\" data-element_type=\"widget\" data-e-type=\"widget\" data-widget_type=\"heading.default\">\n\t\t\t\t<div class=\"elementor-widget-container\">\n\t\t\t\t\t<h2 class=\"elementor-heading-title elementor-size-default\">Enable\/disable and delete cookies <\/h2>\t\t\t\t<\/div>\n\t\t\t\t<\/div>\n\t\t\t\t<div class=\"elementor-element elementor-element-2c17764 elementor-widget elementor-widget-text-editor\" data-id=\"2c17764\" data-element_type=\"widget\" data-e-type=\"widget\" data-widget_type=\"text-editor.default\">\n\t\t\t\t<div class=\"elementor-widget-container\">\n\t\t\t\t\t\t\t\t\t<p class=\"translation-block\">You can use your internet browser to automatically or manually delete cookies.<br>\nYou can also specify that some cookies cannot be placed. Another option is to change your Internet browser settings<br>\nso that you receive a message each time a cookie is placed. For more information on these options, refer to the instructions<br>\nin the section Help from your browser.<br>\nPlease note that our website may not function properly if all cookies are disabled.<br>\nIf you delete the cookies in your browser, they will be placed again after your consent when you revisit our websites.<\/p>\t\t\t\t\t\t\t\t<\/div>\n\t\t\t\t<\/div>\n\t\t\t\t<div class=\"elementor-element elementor-element-8e40204 elementor-widget elementor-widget-heading\" data-id=\"8e40204\" data-element_type=\"widget\" data-e-type=\"widget\" data-widget_type=\"heading.default\">\n\t\t\t\t<div class=\"elementor-widget-container\">\n\t\t\t\t\t<h2 class=\"elementor-heading-title elementor-size-default\">Your rights regarding personal data <\/h2>\t\t\t\t<\/div>\n\t\t\t\t<\/div>\n\t\t\t\t<div class=\"elementor-element elementor-element-ab93556 elementor-widget elementor-widget-text-editor\" data-id=\"ab93556\" data-element_type=\"widget\" data-e-type=\"widget\" data-widget_type=\"text-editor.default\">\n\t\t\t\t<div class=\"elementor-widget-container\">\n\t\t\t\t\t\t\t\t\t<p>You have the following rights regarding your personal data :<\/p>\n<p class=\"translation-block\">You have the right to know why your personal data is needed, what will happen to it and how long it will be kept.<\/p>\n<p>Right of access :<br>You have the right to access your personal data known to us.<\/p>\n<p>Right of rectification :<br>You have the right at any time to complete, correct, delete or block your personal data.<br>If you give us your consent for the processing of your data, you have the right to revoke this consent and to<br>delete your personal data.<\/p>\n<p>Right to transfer your data :<br>You have the right to request all your personal data from the data controller and to transfer them<br>in their entirety to another controller.<\/p>\n<p class=\"translation-block\">Right of opposition : <br> You can oppose the processing of your data. We will comply, unless certain reasons justify this treatment.<\/p>\n<p>To exercise these rights, please contact us. Please refer to the contact details at the bottom of this cookie policy.<\/p>\n<p class=\"translation-block\">If you have a complaint about how we process your data, we would like to know about it, but you also have the right to lodge<br>\na complaint with the supervisory authority (the data protection authority, such as the EDPS).<\/p>\t\t\t\t\t\t\t\t<\/div>\n\t\t\t\t<\/div>\n\t\t\t\t\t<\/div>\n\t\t<\/div>\n\t\t\t\t\t<\/div>\n\t\t<\/section>\n\t\t\t\t<\/div>","protected":false},"excerpt":{"rendered":"<p>Politique de confidentialit\u00e9 Introduction Notre site web, https:\/\/photocmb.art (ci-apr\u00e8s : \u00ab le site web \u00bb) utilise des cookies et autres technologies li\u00e9es (par simplification, toutes ces technologies sont d\u00e9sign\u00e9es par le terme \u00ab cookies \u00bb). Des cookies sont \u00e9galement plac\u00e9s par des tierces parties que nous avons engag\u00e9es. Dans le document ci-dessous, nous vous informons [&hellip;]<\/p>\n","protected":false},"author":6,"featured_media":0,"parent":0,"menu_order":0,"comment_status":"closed","ping_status":"closed","template":"","meta":{"_monsterinsights_skip_tracking":false,"_monsterinsights_sitenote_active":false,"_monsterinsights_sitenote_note":"","_monsterinsights_sitenote_category":0,"footnotes":""},"class_list":["post-3578","page","type-page","status-publish","hentry"],"yoast_head":"<!-- This site is optimized with the Yoast SEO plugin v27.3 - https:\/\/yoast.com\/product\/yoast-seo-wordpress\/ -->\n<title>Politique de confidentialit\u00e9<\/title>\n<meta name=\"robots\" content=\"index, follow, max-snippet:-1, max-image-preview:large, max-video-preview:-1\" \/>\n<link rel=\"canonical\" href=\"https:\/\/photocmb.art\/en\/politique-de-confidentialite\/\" \/>\n<meta property=\"og:locale\" content=\"en_GB\" \/>\n<meta property=\"og:type\" content=\"article\" \/>\n<meta property=\"og:title\" content=\"Politique de confidentialit\u00e9\" \/>\n<meta property=\"og:description\" content=\"Politique de confidentialit\u00e9 Introduction Notre site web, https:\/\/photocmb.art (ci-apr\u00e8s : \u00ab le site web \u00bb) utilise des cookies et autres technologies li\u00e9es (par simplification, toutes ces technologies sont d\u00e9sign\u00e9es par le terme \u00ab cookies \u00bb). Des cookies sont \u00e9galement plac\u00e9s par des tierces parties que nous avons engag\u00e9es. Dans le document ci-dessous, nous vous informons [&hellip;]\" \/>\n<meta property=\"og:url\" content=\"https:\/\/photocmb.art\/en\/politique-de-confidentialite\/\" \/>\n<meta property=\"og:site_name\" content=\"McBurnie Communication\" \/>\n<meta property=\"article:modified_time\" content=\"2023-04-15T13:32:08+00:00\" \/>\n<meta name=\"twitter:label1\" content=\"Estimated reading time\" \/>\n\t<meta name=\"twitter:data1\" content=\"5 minutes\" \/>\n<script type=\"application\/ld+json\" class=\"yoast-schema-graph\">{\"@context\":\"https:\\\/\\\/schema.org\",\"@graph\":[{\"@type\":\"WebPage\",\"@id\":\"https:\\\/\\\/photocmb.art\\\/politique-de-confidentialite\\\/\",\"url\":\"https:\\\/\\\/photocmb.art\\\/politique-de-confidentialite\\\/\",\"name\":\"Politique de confidentialit\u00e9\",\"isPartOf\":{\"@id\":\"https:\\\/\\\/photocmb.art\\\/#website\"},\"datePublished\":\"2023-03-31T19:24:05+00:00\",\"dateModified\":\"2023-04-15T13:32:08+00:00\",\"breadcrumb\":{\"@id\":\"https:\\\/\\\/photocmb.art\\\/politique-de-confidentialite\\\/#breadcrumb\"},\"inLanguage\":\"en-GB\",\"potentialAction\":[{\"@type\":\"ReadAction\",\"target\":[\"https:\\\/\\\/photocmb.art\\\/politique-de-confidentialite\\\/\"]}]},{\"@type\":\"BreadcrumbList\",\"@id\":\"https:\\\/\\\/photocmb.art\\\/politique-de-confidentialite\\\/#breadcrumb\",\"itemListElement\":[{\"@type\":\"ListItem\",\"position\":1,\"name\":\"Accueil\",\"item\":\"https:\\\/\\\/photocmb.art\\\/\"},{\"@type\":\"ListItem\",\"position\":2,\"name\":\"Politique de confidentialit\u00e9\"}]},{\"@type\":\"WebSite\",\"@id\":\"https:\\\/\\\/photocmb.art\\\/#website\",\"url\":\"https:\\\/\\\/photocmb.art\\\/\",\"name\":\"McBurnie Communication\",\"description\":\"Claude MacBurnie... capteur d&#039;\u00e9motions\",\"publisher\":{\"@id\":\"https:\\\/\\\/photocmb.art\\\/#organization\"},\"potentialAction\":[{\"@type\":\"SearchAction\",\"target\":{\"@type\":\"EntryPoint\",\"urlTemplate\":\"https:\\\/\\\/photocmb.art\\\/?s={search_term_string}\"},\"query-input\":{\"@type\":\"PropertyValueSpecification\",\"valueRequired\":true,\"valueName\":\"search_term_string\"}}],\"inLanguage\":\"en-GB\"},{\"@type\":\"Organization\",\"@id\":\"https:\\\/\\\/photocmb.art\\\/#organization\",\"name\":\"McBurnie Communication\",\"url\":\"https:\\\/\\\/photocmb.art\\\/\",\"logo\":{\"@type\":\"ImageObject\",\"inLanguage\":\"en-GB\",\"@id\":\"https:\\\/\\\/photocmb.art\\\/#\\\/schema\\\/logo\\\/image\\\/\",\"url\":\"https:\\\/\\\/photocmb.art\\\/wp-content\\\/uploads\\\/2023\\\/03\\\/photocmb-Logo2024-WebTxBlanc_350.png?wsr\",\"contentUrl\":\"https:\\\/\\\/photocmb.art\\\/wp-content\\\/uploads\\\/2023\\\/03\\\/photocmb-Logo2024-WebTxBlanc_350.png?wsr\",\"width\":350,\"height\":140,\"caption\":\"McBurnie Communication\"},\"image\":{\"@id\":\"https:\\\/\\\/photocmb.art\\\/#\\\/schema\\\/logo\\\/image\\\/\"}}]}<\/script>\n<!-- \/ Yoast SEO plugin. -->","yoast_head_json":{"title":"Privacy Policy","robots":{"index":"index","follow":"follow","max-snippet":"max-snippet:-1","max-image-preview":"max-image-preview:large","max-video-preview":"max-video-preview:-1"},"canonical":"https:\/\/photocmb.art\/en\/politique-de-confidentialite\/","og_locale":"en_GB","og_type":"article","og_title":"Politique de confidentialit\u00e9","og_description":"Politique de confidentialit\u00e9 Introduction Notre site web, https:\/\/photocmb.art (ci-apr\u00e8s : \u00ab le site web \u00bb) utilise des cookies et autres technologies li\u00e9es (par simplification, toutes ces technologies sont d\u00e9sign\u00e9es par le terme \u00ab cookies \u00bb). Des cookies sont \u00e9galement plac\u00e9s par des tierces parties que nous avons engag\u00e9es. Dans le document ci-dessous, nous vous informons [&hellip;]","og_url":"https:\/\/photocmb.art\/en\/politique-de-confidentialite\/","og_site_name":"McBurnie Communication","article_modified_time":"2023-04-15T13:32:08+00:00","twitter_misc":{"Estimated reading time":"5 minutes"},"schema":{"@context":"https:\/\/schema.org","@graph":[{"@type":"WebPage","@id":"https:\/\/photocmb.art\/politique-de-confidentialite\/","url":"https:\/\/photocmb.art\/politique-de-confidentialite\/","name":"Privacy Policy","isPartOf":{"@id":"https:\/\/photocmb.art\/#website"},"datePublished":"2023-03-31T19:24:05+00:00","dateModified":"2023-04-15T13:32:08+00:00","breadcrumb":{"@id":"https:\/\/photocmb.art\/politique-de-confidentialite\/#breadcrumb"},"inLanguage":"en-GB","potentialAction":[{"@type":"ReadAction","target":["https:\/\/photocmb.art\/politique-de-confidentialite\/"]}]},{"@type":"BreadcrumbList","@id":"https:\/\/photocmb.art\/politique-de-confidentialite\/#breadcrumb","itemListElement":[{"@type":"ListItem","position":1,"name":"Accueil","item":"https:\/\/photocmb.art\/"},{"@type":"ListItem","position":2,"name":"Politique de confidentialit\u00e9"}]},{"@type":"WebSite","@id":"https:\/\/photocmb.art\/#website","url":"https:\/\/photocmb.art\/","name":"McBurnie Communication","description":"Claude MacBurnie... capteur d&#039;\u00e9motions","publisher":{"@id":"https:\/\/photocmb.art\/#organization"},"potentialAction":[{"@type":"SearchAction","target":{"@type":"EntryPoint","urlTemplate":"https:\/\/photocmb.art\/?s={search_term_string}"},"query-input":{"@type":"PropertyValueSpecification","valueRequired":true,"valueName":"search_term_string"}}],"inLanguage":"en-GB"},{"@type":"Organization","@id":"https:\/\/photocmb.art\/#organization","name":"McBurnie Communication","url":"https:\/\/photocmb.art\/","logo":{"@type":"ImageObject","inLanguage":"en-GB","@id":"https:\/\/photocmb.art\/#\/schema\/logo\/image\/","url":"https:\/\/photocmb.art\/wp-content\/uploads\/2023\/03\/photocmb-Logo2024-WebTxBlanc_350.png?wsr","contentUrl":"https:\/\/photocmb.art\/wp-content\/uploads\/2023\/03\/photocmb-Logo2024-WebTxBlanc_350.png?wsr","width":350,"height":140,"caption":"McBurnie Communication"},"image":{"@id":"https:\/\/photocmb.art\/#\/schema\/logo\/image\/"}}]}},"_links":{"self":[{"href":"https:\/\/photocmb.art\/en\/wp-json\/wp\/v2\/pages\/3578","targetHints":{"allow":["GET"]}}],"collection":[{"href":"https:\/\/photocmb.art\/en\/wp-json\/wp\/v2\/pages"}],"about":[{"href":"https:\/\/photocmb.art\/en\/wp-json\/wp\/v2\/types\/page"}],"author":[{"embeddable":true,"href":"https:\/\/photocmb.art\/en\/wp-json\/wp\/v2\/users\/6"}],"replies":[{"embeddable":true,"href":"https:\/\/photocmb.art\/en\/wp-json\/wp\/v2\/comments?post=3578"}],"version-history":[{"count":82,"href":"https:\/\/photocmb.art\/en\/wp-json\/wp\/v2\/pages\/3578\/revisions"}],"predecessor-version":[{"id":4683,"href":"https:\/\/photocmb.art\/en\/wp-json\/wp\/v2\/pages\/3578\/revisions\/4683"}],"wp:attachment":[{"href":"https:\/\/photocmb.art\/en\/wp-json\/wp\/v2\/media?parent=3578"}],"curies":[{"name":"wp","href":"https:\/\/api.w.org\/{rel}","templated":true}]}}