{"id":3271,"date":"2023-03-28T22:55:46","date_gmt":"2023-03-28T20:55:46","guid":{"rendered":"https:\/\/photocmb.art\/?page_id=3271"},"modified":"2025-01-07T13:58:43","modified_gmt":"2025-01-07T11:58:43","slug":"galerie-visit-my-country","status":"publish","type":"page","link":"https:\/\/photocmb.art\/en\/galerie-visit-my-country\/","title":{"rendered":"Galerie Visit My Country !"},"content":{"rendered":"<div data-elementor-type=\"wp-page\" data-elementor-id=\"3271\" class=\"elementor elementor-3271\">\n\t\t\t\t\t\t<section class=\"elementor-section elementor-top-section elementor-element elementor-element-0ffe231 elementor-section-boxed elementor-section-height-default elementor-section-height-default\" data-id=\"0ffe231\" data-element_type=\"section\" data-e-type=\"section\">\n\t\t\t\t\t\t<div class=\"elementor-container elementor-column-gap-default\">\n\t\t\t\t\t<div class=\"elementor-column elementor-col-100 elementor-top-column elementor-element elementor-element-3784fc3\" data-id=\"3784fc3\" data-element_type=\"column\" data-e-type=\"column\">\n\t\t\t<div class=\"elementor-widget-wrap elementor-element-populated\">\n\t\t\t\t\t\t<div class=\"elementor-element elementor-element-fbf9ce5 elementor-widget elementor-widget-image\" data-id=\"fbf9ce5\" data-element_type=\"widget\" data-e-type=\"widget\" data-widget_type=\"image.default\">\n\t\t\t\t<div class=\"elementor-widget-container\">\n\t\t\t\t\t\t\t\t\t\t\t\t\t\t\t<img fetchpriority=\"high\" decoding=\"async\" width=\"740\" height=\"490\" src=\"https:\/\/photocmb.art\/wp-content\/uploads\/2010\/03\/CA-S1-08.jpg\" class=\"attachment-large size-large wp-image-310\" alt=\"C\u00f4te d&#039;Azur Cap d&#039;Ail villa\" srcset=\"https:\/\/photocmb.art\/wp-content\/uploads\/2010\/03\/CA-S1-08.jpg 740w, https:\/\/photocmb.art\/wp-content\/uploads\/2010\/03\/CA-S1-08-300x198.jpg 300w\" sizes=\"(max-width: 740px) 100vw, 740px\" \/>\t\t\t\t\t\t\t\t\t\t\t\t\t\t\t<\/div>\n\t\t\t\t<\/div>\n\t\t\t\t\t<\/div>\n\t\t<\/div>\n\t\t\t\t\t<\/div>\n\t\t<\/section>\n\t\t\t\t<section class=\"elementor-section elementor-top-section elementor-element elementor-element-4737cc9 elementor-section-boxed elementor-section-height-default elementor-section-height-default\" data-id=\"4737cc9\" data-element_type=\"section\" data-e-type=\"section\">\n\t\t\t\t\t\t<div class=\"elementor-container elementor-column-gap-default\">\n\t\t\t\t\t<div class=\"elementor-column elementor-col-100 elementor-top-column elementor-element elementor-element-e78bcda\" data-id=\"e78bcda\" data-element_type=\"column\" data-e-type=\"column\">\n\t\t\t<div class=\"elementor-widget-wrap elementor-element-populated\">\n\t\t\t\t\t\t<div class=\"elementor-element elementor-element-e7d6049 elementor-widget elementor-widget-shortcode\" data-id=\"e7d6049\" data-element_type=\"widget\" data-e-type=\"widget\" data-widget_type=\"shortcode.default\">\n\t\t\t\t<div class=\"elementor-widget-container\">\n\t\t\t\t\t\t\t<div class=\"elementor-shortcode\"><style type=\"text\/css\">\n#foogallery-gallery-3462.fg-simple_portfolio { justify-content: center; --fg-gutter: 5px; }\n#foogallery-gallery-3462.fg-simple_portfolio .fg-item { flex-basis: 270px; }<\/style>\n\t\t\t<div class=\"foogallery foogallery-container foogallery-simple_portfolio foogallery-lightbox-foobox fg-simple_portfolio fg-ready fg-dark fg-border-thin fg-shadow-outline fg-loading-default fg-loaded-fade-in fg-caption-always fg-hover-fade fg-hover-zoom fg-caption-always\" id=\"foogallery-gallery-3462\" data-foogallery=\"{&quot;item&quot;:{&quot;showCaptionTitle&quot;:false,&quot;showCaptionDescription&quot;:false},&quot;lazy&quot;:true}\" style=\"--fg-title-line-clamp: 0; --fg-description-line-clamp: 0;\" >\n\t<div class=\"fg-item fg-type-image fg-idle\"><figure class=\"fg-item-inner\"><a href=\"https:\/\/photocmb.art\/wp-content\/uploads\/2010\/03\/CA-S1-08.jpg\" data-attachment-id=\"310\" class=\"foogallery-thumb fg-thumb\" data-e-disable-page-transition=\"true\" data-type=\"image\"><span class=\"fg-image-wrap\"><img decoding=\"async\" alt=\"C\u00f4te d&#039;Azur Cap d&#039;Ail villa\" class=\"bf-img skip-lazy fg-image\" height=\"200\" width=\"270\" data-src-fg=\"https:\/\/photocmb.art\/wp-content\/uploads\/cache\/2010\/03\/CA-S1-08\/2467803760.jpg\" src=\"data:image\/svg+xml,%3Csvg%20xmlns%3D%22http%3A%2F%2Fwww.w3.org%2F2000%2Fsvg%22%20width%3D%22270%22%20height%3D%22200%22%20viewBox%3D%220%200%20270%20200%22%3E%3C%2Fsvg%3E\" loading=\"eager\"><\/span><span class=\"fg-image-overlay\"><\/span><\/a><\/figure><div class=\"fg-loader\"><\/div><\/div><div class=\"fg-item fg-type-image fg-idle\"><figure class=\"fg-item-inner\"><a href=\"https:\/\/photocmb.art\/wp-content\/uploads\/2010\/03\/CA-S1-05.jpg\" data-attachment-id=\"307\" class=\"foogallery-thumb fg-thumb\" data-e-disable-page-transition=\"true\" data-type=\"image\"><span class=\"fg-image-wrap\"><img decoding=\"async\" alt=\"Monte-Carlo casino opera\" class=\"bf-img skip-lazy fg-image\" height=\"200\" width=\"270\" data-src-fg=\"https:\/\/photocmb.art\/wp-content\/uploads\/cache\/2010\/03\/CA-S1-05\/245791295.jpg\" src=\"data:image\/svg+xml,%3Csvg%20xmlns%3D%22http%3A%2F%2Fwww.w3.org%2F2000%2Fsvg%22%20width%3D%22270%22%20height%3D%22200%22%20viewBox%3D%220%200%20270%20200%22%3E%3C%2Fsvg%3E\" loading=\"eager\"><\/span><span class=\"fg-image-overlay\"><\/span><\/a><\/figure><div class=\"fg-loader\"><\/div><\/div><div class=\"fg-item fg-type-image fg-idle\"><figure class=\"fg-item-inner\"><a href=\"https:\/\/photocmb.art\/wp-content\/uploads\/2010\/03\/CA-S1-04.jpg\" data-attachment-id=\"306\" class=\"foogallery-thumb fg-thumb\" data-e-disable-page-transition=\"true\" data-type=\"image\"><span class=\"fg-image-wrap\"><img decoding=\"async\" alt=\"Monaco Palais princier garde rel\u00e8ve\" class=\"bf-img skip-lazy fg-image\" height=\"200\" width=\"270\" data-src-fg=\"https:\/\/photocmb.art\/wp-content\/uploads\/cache\/2010\/03\/CA-S1-04\/3497164712.jpg\" src=\"data:image\/svg+xml,%3Csvg%20xmlns%3D%22http%3A%2F%2Fwww.w3.org%2F2000%2Fsvg%22%20width%3D%22270%22%20height%3D%22200%22%20viewBox%3D%220%200%20270%20200%22%3E%3C%2Fsvg%3E\" loading=\"eager\"><\/span><span class=\"fg-image-overlay\"><\/span><\/a><\/figure><div class=\"fg-loader\"><\/div><\/div><div class=\"fg-item fg-type-image fg-idle\"><figure class=\"fg-item-inner\"><a href=\"https:\/\/photocmb.art\/wp-content\/uploads\/2010\/03\/CA-S1-06.jpg\" data-attachment-id=\"308\" class=\"foogallery-thumb fg-thumb\" data-e-disable-page-transition=\"true\" data-type=\"image\"><span class=\"fg-image-wrap\"><img decoding=\"async\" alt=\"Monaco jardin exotique rocher cactus vue\" class=\"bf-img skip-lazy fg-image\" height=\"200\" width=\"270\" data-src-fg=\"https:\/\/photocmb.art\/wp-content\/uploads\/cache\/2010\/03\/CA-S1-06\/1822641835.jpg\" src=\"data:image\/svg+xml,%3Csvg%20xmlns%3D%22http%3A%2F%2Fwww.w3.org%2F2000%2Fsvg%22%20width%3D%22270%22%20height%3D%22200%22%20viewBox%3D%220%200%20270%20200%22%3E%3C%2Fsvg%3E\" loading=\"eager\"><\/span><span class=\"fg-image-overlay\"><\/span><\/a><\/figure><div class=\"fg-loader\"><\/div><\/div><div class=\"fg-item fg-type-image fg-idle\"><figure class=\"fg-item-inner\"><a href=\"https:\/\/photocmb.art\/wp-content\/uploads\/2010\/03\/CA-S1-03.jpg\" data-attachment-id=\"305\" class=\"foogallery-thumb fg-thumb\" data-e-disable-page-transition=\"true\" data-type=\"image\"><span class=\"fg-image-wrap\"><img decoding=\"async\" alt=\"Monte-Carlo place du Casino Ferrari blanche\" class=\"bf-img skip-lazy fg-image\" height=\"200\" width=\"270\" data-src-fg=\"https:\/\/photocmb.art\/wp-content\/uploads\/cache\/2010\/03\/CA-S1-03\/3962927530.jpg\" src=\"data:image\/svg+xml,%3Csvg%20xmlns%3D%22http%3A%2F%2Fwww.w3.org%2F2000%2Fsvg%22%20width%3D%22270%22%20height%3D%22200%22%20viewBox%3D%220%200%20270%20200%22%3E%3C%2Fsvg%3E\" loading=\"eager\"><\/span><span class=\"fg-image-overlay\"><\/span><\/a><\/figure><div class=\"fg-loader\"><\/div><\/div><div class=\"fg-item fg-type-image fg-idle\"><figure class=\"fg-item-inner\"><a href=\"https:\/\/photocmb.art\/wp-content\/uploads\/2010\/03\/CA-S1-07.jpg\" data-attachment-id=\"309\" class=\"foogallery-thumb fg-thumb\" data-e-disable-page-transition=\"true\" data-type=\"image\"><span class=\"fg-image-wrap\"><img decoding=\"async\" alt=\"Monte-Carlo restaurant gastronomique Ducasse\" class=\"bf-img skip-lazy fg-image\" height=\"200\" width=\"270\" data-src-fg=\"https:\/\/photocmb.art\/wp-content\/uploads\/cache\/2010\/03\/CA-S1-07\/2994162492.jpg\" src=\"data:image\/svg+xml,%3Csvg%20xmlns%3D%22http%3A%2F%2Fwww.w3.org%2F2000%2Fsvg%22%20width%3D%22270%22%20height%3D%22200%22%20viewBox%3D%220%200%20270%20200%22%3E%3C%2Fsvg%3E\" loading=\"eager\"><\/span><span class=\"fg-image-overlay\"><\/span><\/a><\/figure><div class=\"fg-loader\"><\/div><\/div><div class=\"fg-item fg-type-image fg-idle\"><figure class=\"fg-item-inner\"><a href=\"https:\/\/photocmb.art\/wp-content\/uploads\/2010\/03\/CA-S1-02.jpg\" data-attachment-id=\"304\" class=\"foogallery-thumb fg-thumb\" data-e-disable-page-transition=\"true\" data-type=\"image\"><span class=\"fg-image-wrap\"><img decoding=\"async\" alt=\"Nice cours Saleya strore ray\u00e9\" class=\"bf-img skip-lazy fg-image\" height=\"200\" width=\"270\" data-src-fg=\"https:\/\/photocmb.art\/wp-content\/uploads\/cache\/2010\/03\/CA-S1-02\/853638205.jpg\" src=\"data:image\/svg+xml,%3Csvg%20xmlns%3D%22http%3A%2F%2Fwww.w3.org%2F2000%2Fsvg%22%20width%3D%22270%22%20height%3D%22200%22%20viewBox%3D%220%200%20270%20200%22%3E%3C%2Fsvg%3E\" loading=\"eager\"><\/span><span class=\"fg-image-overlay\"><\/span><\/a><\/figure><div class=\"fg-loader\"><\/div><\/div><div class=\"fg-item fg-type-image fg-idle\"><figure class=\"fg-item-inner\"><a href=\"https:\/\/photocmb.art\/wp-content\/uploads\/2010\/03\/CA-S1-01.jpg\" data-attachment-id=\"292\" class=\"foogallery-thumb fg-thumb\" data-e-disable-page-transition=\"true\" data-type=\"image\"><span class=\"fg-image-wrap\"><img decoding=\"async\" alt=\"place Massena tram\" class=\"bf-img skip-lazy fg-image\" height=\"200\" width=\"270\" data-src-fg=\"https:\/\/photocmb.art\/wp-content\/uploads\/cache\/2010\/03\/CA-S1-01\/1905837947.jpg\" src=\"data:image\/svg+xml,%3Csvg%20xmlns%3D%22http%3A%2F%2Fwww.w3.org%2F2000%2Fsvg%22%20width%3D%22270%22%20height%3D%22200%22%20viewBox%3D%220%200%20270%20200%22%3E%3C%2Fsvg%3E\" loading=\"eager\"><\/span><span class=\"fg-image-overlay\"><\/span><\/a><\/figure><div class=\"fg-loader\"><\/div><\/div><\/div><\/div>\n\t\t\t\t\t\t<\/div>\n\t\t\t\t<\/div>\n\t\t\t\t\t<\/div>\n\t\t<\/div>\n\t\t\t\t\t<\/div>\n\t\t<\/section>\n\t\t\t\t<section class=\"elementor-section elementor-top-section elementor-element elementor-element-44fb3bf elementor-section-boxed elementor-section-height-default elementor-section-height-default\" data-id=\"44fb3bf\" data-element_type=\"section\" data-e-type=\"section\">\n\t\t\t\t\t\t<div class=\"elementor-container elementor-column-gap-default\">\n\t\t\t\t\t<div class=\"elementor-column elementor-col-100 elementor-top-column elementor-element elementor-element-ef6525f\" data-id=\"ef6525f\" data-element_type=\"column\" data-e-type=\"column\" data-settings=\"{&quot;background_background&quot;:&quot;classic&quot;}\">\n\t\t\t<div class=\"elementor-widget-wrap elementor-element-populated\">\n\t\t\t\t\t\t<div class=\"elementor-element elementor-element-08ec754 elementor-widget elementor-widget-text-editor\" data-id=\"08ec754\" data-element_type=\"widget\" data-e-type=\"widget\" data-widget_type=\"text-editor.default\">\n\t\t\t\t<div class=\"elementor-widget-container\">\n\t\t\t\t\t\t\t\t\t<p class=\"translation-block\">My native country, my French Riviera ! <br>\nA paradise of sun, sea and mountains, <br>\nfor an unforgettable trip !<\/p>\t\t\t\t\t\t\t\t<\/div>\n\t\t\t\t<\/div>\n\t\t\t\t\t<\/div>\n\t\t<\/div>\n\t\t\t\t\t<\/div>\n\t\t<\/section>\n\t\t\t\t<section class=\"elementor-section elementor-top-section elementor-element elementor-element-b75326e elementor-section-boxed elementor-section-height-default elementor-section-height-default\" data-id=\"b75326e\" data-element_type=\"section\" data-e-type=\"section\">\n\t\t\t\t\t\t<div class=\"elementor-container elementor-column-gap-default\">\n\t\t\t\t\t<div class=\"elementor-column elementor-col-100 elementor-top-column elementor-element elementor-element-9b153a9\" data-id=\"9b153a9\" data-element_type=\"column\" data-e-type=\"column\">\n\t\t\t<div class=\"elementor-widget-wrap elementor-element-populated\">\n\t\t\t\t\t\t<div class=\"elementor-element elementor-element-6edf948 elementor-widget elementor-widget-text-editor\" data-id=\"6edf948\" data-element_type=\"widget\" data-e-type=\"widget\" data-widget_type=\"text-editor.default\">\n\t\t\t\t<div class=\"elementor-widget-container\">\n\t\t\t\t\t\t\t\t\t<p class=\"translation-block\">My native country, my French Riviera ! <br>\nA paradise of sun, sea and mountains, <br>\nfor an unforgettable trip !<\/p>\t\t\t\t\t\t\t\t<\/div>\n\t\t\t\t<\/div>\n\t\t\t\t\t<\/div>\n\t\t<\/div>\n\t\t\t\t\t<\/div>\n\t\t<\/section>\n\t\t\t\t<\/div>","protected":false},"excerpt":{"rendered":"<p>Mon pays natal, ma C\u00f4te d\u2019Azur !Le soleil, la mer et une nature surprenante, aux multiples facettes.La M\u00e9diterran\u00e9e et la montagne dans un mouchoir de poche, un bijou ! Mon pays natal, ma C\u00f4te d\u2019Azur !Le soleil, la mer et une nature surprenante, aux multiples facettes.La M\u00e9diterran\u00e9e et la montagne dans un mouchoir de poche, [&hellip;]<\/p>\n","protected":false},"author":6,"featured_media":0,"parent":0,"menu_order":0,"comment_status":"closed","ping_status":"closed","template":"","meta":{"footnotes":""},"class_list":["post-3271","page","type-page","status-publish","hentry"],"_links":{"self":[{"href":"https:\/\/photocmb.art\/en\/wp-json\/wp\/v2\/pages\/3271","targetHints":{"allow":["GET"]}}],"collection":[{"href":"https:\/\/photocmb.art\/en\/wp-json\/wp\/v2\/pages"}],"about":[{"href":"https:\/\/photocmb.art\/en\/wp-json\/wp\/v2\/types\/page"}],"author":[{"embeddable":true,"href":"https:\/\/photocmb.art\/en\/wp-json\/wp\/v2\/users\/6"}],"replies":[{"embeddable":true,"href":"https:\/\/photocmb.art\/en\/wp-json\/wp\/v2\/comments?post=3271"}],"version-history":[{"count":80,"href":"https:\/\/photocmb.art\/en\/wp-json\/wp\/v2\/pages\/3271\/revisions"}],"predecessor-version":[{"id":6038,"href":"https:\/\/photocmb.art\/en\/wp-json\/wp\/v2\/pages\/3271\/revisions\/6038"}],"wp:attachment":[{"href":"https:\/\/photocmb.art\/en\/wp-json\/wp\/v2\/media?parent=3271"}],"curies":[{"name":"wp","href":"https:\/\/api.w.org\/{rel}","templated":true}]}}