{"id":3267,"date":"2023-03-28T22:54:56","date_gmt":"2023-03-28T20:54:56","guid":{"rendered":"https:\/\/photocmb.art\/?page_id=3267"},"modified":"2023-04-02T19:46:37","modified_gmt":"2023-04-02T17:46:37","slug":"galerie-sakana-collection","status":"publish","type":"page","link":"https:\/\/photocmb.art\/en\/galerie-sakana-collection\/","title":{"rendered":"Galerie Sakana Collection"},"content":{"rendered":"<div data-elementor-type=\"wp-page\" data-elementor-id=\"3267\" class=\"elementor elementor-3267\">\n\t\t\t\t\t\t<section class=\"elementor-section elementor-top-section elementor-element elementor-element-4445952 elementor-section-boxed elementor-section-height-default elementor-section-height-default\" data-id=\"4445952\" data-element_type=\"section\" data-e-type=\"section\">\n\t\t\t\t\t\t<div class=\"elementor-container elementor-column-gap-default\">\n\t\t\t\t\t<div class=\"elementor-column elementor-col-100 elementor-top-column elementor-element elementor-element-1e9add5\" data-id=\"1e9add5\" data-element_type=\"column\" data-e-type=\"column\">\n\t\t\t<div class=\"elementor-widget-wrap elementor-element-populated\">\n\t\t\t\t\t\t<div class=\"elementor-element elementor-element-b7cd72e elementor-widget elementor-widget-image\" data-id=\"b7cd72e\" data-element_type=\"widget\" data-e-type=\"widget\" data-widget_type=\"image.default\">\n\t\t\t\t<div class=\"elementor-widget-container\">\n\t\t\t\t\t\t\t\t\t\t\t\t\t\t\t<img fetchpriority=\"high\" decoding=\"async\" width=\"493\" height=\"740\" src=\"https:\/\/photocmb.art\/wp-content\/uploads\/2010\/03\/Sak-S1-05.jpg\" class=\"attachment-large size-large wp-image-391\" alt=\"Tsukiji shijo \u2022 Fish Market - Tokyo - Japan\" srcset=\"https:\/\/photocmb.art\/wp-content\/uploads\/2010\/03\/Sak-S1-05.jpg 493w, https:\/\/photocmb.art\/wp-content\/uploads\/2010\/03\/Sak-S1-05-199x300.jpg 199w\" sizes=\"(max-width: 493px) 100vw, 493px\" \/>\t\t\t\t\t\t\t\t\t\t\t\t\t\t\t<\/div>\n\t\t\t\t<\/div>\n\t\t\t\t\t<\/div>\n\t\t<\/div>\n\t\t\t\t\t<\/div>\n\t\t<\/section>\n\t\t\t\t<section class=\"elementor-section elementor-top-section elementor-element elementor-element-055da18 elementor-section-boxed elementor-section-height-default elementor-section-height-default\" data-id=\"055da18\" data-element_type=\"section\" data-e-type=\"section\">\n\t\t\t\t\t\t<div class=\"elementor-container elementor-column-gap-default\">\n\t\t\t\t\t<div class=\"elementor-column elementor-col-100 elementor-top-column elementor-element elementor-element-8c6a30d\" data-id=\"8c6a30d\" data-element_type=\"column\" data-e-type=\"column\">\n\t\t\t<div class=\"elementor-widget-wrap elementor-element-populated\">\n\t\t\t\t\t\t<div class=\"elementor-element elementor-element-95d057a elementor-widget elementor-widget-shortcode\" data-id=\"95d057a\" data-element_type=\"widget\" data-e-type=\"widget\" data-widget_type=\"shortcode.default\">\n\t\t\t\t<div class=\"elementor-widget-container\">\n\t\t\t\t\t\t\t<div class=\"elementor-shortcode\"><style type=\"text\/css\">\n#foogallery-gallery-3420.fg-simple_portfolio { justify-content: center; --fg-gutter: 5px; }\n#foogallery-gallery-3420.fg-simple_portfolio .fg-item { flex-basis: 270px; }<\/style>\n\t\t\t<div class=\"foogallery foogallery-container foogallery-simple_portfolio foogallery-lightbox-foobox fg-simple_portfolio fg-ready fg-dark fg-border-thin fg-shadow-outline fg-loading-default fg-loaded-fade-in fg-caption-always fg-hover-fade fg-hover-zoom fg-caption-always\" id=\"foogallery-gallery-3420\" data-foogallery=\"{&quot;item&quot;:{&quot;showCaptionTitle&quot;:false,&quot;showCaptionDescription&quot;:false},&quot;lazy&quot;:true}\" style=\"--fg-title-line-clamp: 0; --fg-description-line-clamp: 0;\" >\n\t<div class=\"fg-item fg-type-image fg-idle\"><figure class=\"fg-item-inner\"><a href=\"https:\/\/photocmb.art\/wp-content\/uploads\/2010\/03\/Sak-S1-012.jpg\" data-attachment-id=\"388\" class=\"foogallery-thumb fg-thumb\" data-e-disable-page-transition=\"true\" data-type=\"image\"><span class=\"fg-image-wrap\"><img decoding=\"async\" alt=\"Tsukiji shijo \u2022 Fish Market - Tokyo - Japan\" class=\"bf-img skip-lazy fg-image\" height=\"200\" width=\"270\" data-src-fg=\"https:\/\/photocmb.art\/wp-content\/uploads\/cache\/2010\/03\/Sak-S1-012\/868647215.jpg\" src=\"data:image\/svg+xml,%3Csvg%20xmlns%3D%22http%3A%2F%2Fwww.w3.org%2F2000%2Fsvg%22%20width%3D%22270%22%20height%3D%22200%22%20viewBox%3D%220%200%20270%20200%22%3E%3C%2Fsvg%3E\" loading=\"eager\"><\/span><span class=\"fg-image-overlay\"><\/span><\/a><\/figure><div class=\"fg-loader\"><\/div><\/div><div class=\"fg-item fg-type-image fg-idle\"><figure class=\"fg-item-inner\"><a href=\"https:\/\/photocmb.art\/wp-content\/uploads\/2010\/03\/Sak-S1-03.jpg\" data-attachment-id=\"389\" class=\"foogallery-thumb fg-thumb\" data-e-disable-page-transition=\"true\" data-type=\"image\"><span class=\"fg-image-wrap\"><img decoding=\"async\" alt=\"Tsukiji shijo \u2022 Fish Market - Tokyo - Japan\" class=\"bf-img skip-lazy fg-image\" height=\"200\" width=\"270\" data-src-fg=\"https:\/\/photocmb.art\/wp-content\/uploads\/cache\/2010\/03\/Sak-S1-03\/3886155763.jpg\" src=\"data:image\/svg+xml,%3Csvg%20xmlns%3D%22http%3A%2F%2Fwww.w3.org%2F2000%2Fsvg%22%20width%3D%22270%22%20height%3D%22200%22%20viewBox%3D%220%200%20270%20200%22%3E%3C%2Fsvg%3E\" loading=\"eager\"><\/span><span class=\"fg-image-overlay\"><\/span><\/a><\/figure><div class=\"fg-loader\"><\/div><\/div><div class=\"fg-item fg-type-image fg-idle\"><figure class=\"fg-item-inner\"><a href=\"https:\/\/photocmb.art\/wp-content\/uploads\/2010\/03\/Sak-S1-04.jpg\" data-attachment-id=\"390\" class=\"foogallery-thumb fg-thumb\" data-e-disable-page-transition=\"true\" data-type=\"image\"><span class=\"fg-image-wrap\"><img decoding=\"async\" alt=\"Tsukiji shijo \u2022 Fish Market - Tokyo - Japan\" class=\"bf-img skip-lazy fg-image\" height=\"200\" width=\"270\" data-src-fg=\"https:\/\/photocmb.art\/wp-content\/uploads\/cache\/2010\/03\/Sak-S1-04\/1301654649.jpg\" src=\"data:image\/svg+xml,%3Csvg%20xmlns%3D%22http%3A%2F%2Fwww.w3.org%2F2000%2Fsvg%22%20width%3D%22270%22%20height%3D%22200%22%20viewBox%3D%220%200%20270%20200%22%3E%3C%2Fsvg%3E\" loading=\"eager\"><\/span><span class=\"fg-image-overlay\"><\/span><\/a><\/figure><div class=\"fg-loader\"><\/div><\/div><div class=\"fg-item fg-type-image fg-idle\"><figure class=\"fg-item-inner\"><a href=\"https:\/\/photocmb.art\/wp-content\/uploads\/2010\/03\/Sak-S1-05.jpg\" data-attachment-id=\"391\" class=\"foogallery-thumb fg-thumb\" data-e-disable-page-transition=\"true\" data-type=\"image\"><span class=\"fg-image-wrap\"><img decoding=\"async\" alt=\"Tsukiji shijo \u2022 Fish Market - Tokyo - Japan\" class=\"bf-img skip-lazy fg-image\" height=\"200\" width=\"270\" data-src-fg=\"https:\/\/photocmb.art\/wp-content\/uploads\/cache\/2010\/03\/Sak-S1-05\/4176570950.jpg\" src=\"data:image\/svg+xml,%3Csvg%20xmlns%3D%22http%3A%2F%2Fwww.w3.org%2F2000%2Fsvg%22%20width%3D%22270%22%20height%3D%22200%22%20viewBox%3D%220%200%20270%20200%22%3E%3C%2Fsvg%3E\" loading=\"eager\"><\/span><span class=\"fg-image-overlay\"><\/span><\/a><\/figure><div class=\"fg-loader\"><\/div><\/div><div class=\"fg-item fg-type-image fg-idle\"><figure class=\"fg-item-inner\"><a href=\"https:\/\/photocmb.art\/wp-content\/uploads\/2010\/03\/Sak-S1-06.jpg\" data-attachment-id=\"392\" class=\"foogallery-thumb fg-thumb\" data-e-disable-page-transition=\"true\" data-type=\"image\"><span class=\"fg-image-wrap\"><img decoding=\"async\" alt=\"Tsukiji shijo \u2022 Fish Market - Tokyo - Japan\" class=\"bf-img skip-lazy fg-image\" height=\"200\" width=\"270\" data-src-fg=\"https:\/\/photocmb.art\/wp-content\/uploads\/cache\/2010\/03\/Sak-S1-06\/4230817350.jpg\" src=\"data:image\/svg+xml,%3Csvg%20xmlns%3D%22http%3A%2F%2Fwww.w3.org%2F2000%2Fsvg%22%20width%3D%22270%22%20height%3D%22200%22%20viewBox%3D%220%200%20270%20200%22%3E%3C%2Fsvg%3E\" loading=\"eager\"><\/span><span class=\"fg-image-overlay\"><\/span><\/a><\/figure><div class=\"fg-loader\"><\/div><\/div><div class=\"fg-item fg-type-image fg-idle\"><figure class=\"fg-item-inner\"><a href=\"https:\/\/photocmb.art\/wp-content\/uploads\/2010\/03\/Sak-S1-07.jpg\" data-attachment-id=\"393\" class=\"foogallery-thumb fg-thumb\" data-e-disable-page-transition=\"true\" data-type=\"image\"><span class=\"fg-image-wrap\"><img decoding=\"async\" alt=\"Tsukiji shijo \u2022 Fish Market - Tokyo - Japan\" class=\"bf-img skip-lazy fg-image\" height=\"200\" width=\"270\" data-src-fg=\"https:\/\/photocmb.art\/wp-content\/uploads\/cache\/2010\/03\/Sak-S1-07\/1229578361.jpg\" src=\"data:image\/svg+xml,%3Csvg%20xmlns%3D%22http%3A%2F%2Fwww.w3.org%2F2000%2Fsvg%22%20width%3D%22270%22%20height%3D%22200%22%20viewBox%3D%220%200%20270%20200%22%3E%3C%2Fsvg%3E\" loading=\"eager\"><\/span><span class=\"fg-image-overlay\"><\/span><\/a><\/figure><div class=\"fg-loader\"><\/div><\/div><div class=\"fg-item fg-type-image fg-idle\"><figure class=\"fg-item-inner\"><a href=\"https:\/\/photocmb.art\/wp-content\/uploads\/2010\/03\/Sak-S1-08.jpg\" data-attachment-id=\"394\" class=\"foogallery-thumb fg-thumb\" data-e-disable-page-transition=\"true\" data-type=\"image\"><span class=\"fg-image-wrap\"><img decoding=\"async\" alt=\"Utoro-Koshiro \u2022 Japan\" class=\"bf-img skip-lazy fg-image\" height=\"200\" width=\"270\" data-src-fg=\"https:\/\/photocmb.art\/wp-content\/uploads\/cache\/2010\/03\/Sak-S1-08\/644916723.jpg\" src=\"data:image\/svg+xml,%3Csvg%20xmlns%3D%22http%3A%2F%2Fwww.w3.org%2F2000%2Fsvg%22%20width%3D%22270%22%20height%3D%22200%22%20viewBox%3D%220%200%20270%20200%22%3E%3C%2Fsvg%3E\" loading=\"eager\"><\/span><span class=\"fg-image-overlay\"><\/span><\/a><\/figure><div class=\"fg-loader\"><\/div><\/div><div class=\"fg-item fg-type-image fg-idle\"><figure class=\"fg-item-inner\"><a href=\"https:\/\/photocmb.art\/wp-content\/uploads\/2010\/03\/Sak-S1-09.jpg\" data-attachment-id=\"395\" class=\"foogallery-thumb fg-thumb\" data-e-disable-page-transition=\"true\" data-type=\"image\"><span class=\"fg-image-wrap\"><img decoding=\"async\" alt=\"Senjojiki \u2022 Japan\" class=\"bf-img skip-lazy fg-image\" height=\"200\" width=\"270\" data-src-fg=\"https:\/\/photocmb.art\/wp-content\/uploads\/cache\/2010\/03\/Sak-S1-09\/2467587020.jpg\" src=\"data:image\/svg+xml,%3Csvg%20xmlns%3D%22http%3A%2F%2Fwww.w3.org%2F2000%2Fsvg%22%20width%3D%22270%22%20height%3D%22200%22%20viewBox%3D%220%200%20270%20200%22%3E%3C%2Fsvg%3E\" loading=\"eager\"><\/span><span class=\"fg-image-overlay\"><\/span><\/a><\/figure><div class=\"fg-loader\"><\/div><\/div><div class=\"fg-item fg-type-image fg-idle\"><figure class=\"fg-item-inner\"><a href=\"https:\/\/photocmb.art\/wp-content\/uploads\/2010\/03\/Sak-S1-01.jpg\" data-attachment-id=\"246\" class=\"foogallery-thumb fg-thumb\" data-e-disable-page-transition=\"true\" data-type=\"image\"><span class=\"fg-image-wrap\"><img decoding=\"async\" alt=\"Poisson grill\u00e9 \u2022 Grilled fish\" class=\"bf-img skip-lazy fg-image\" height=\"200\" width=\"270\" data-src-fg=\"https:\/\/photocmb.art\/wp-content\/uploads\/cache\/2010\/03\/Sak-S1-01\/1211531237.jpg\" src=\"data:image\/svg+xml,%3Csvg%20xmlns%3D%22http%3A%2F%2Fwww.w3.org%2F2000%2Fsvg%22%20width%3D%22270%22%20height%3D%22200%22%20viewBox%3D%220%200%20270%20200%22%3E%3C%2Fsvg%3E\" loading=\"eager\"><\/span><span class=\"fg-image-overlay\"><\/span><\/a><\/figure><div class=\"fg-loader\"><\/div><\/div><\/div><\/div>\n\t\t\t\t\t\t<\/div>\n\t\t\t\t<\/div>\n\t\t\t\t\t<\/div>\n\t\t<\/div>\n\t\t\t\t\t<\/div>\n\t\t<\/section>\n\t\t\t\t<section class=\"elementor-section elementor-top-section elementor-element elementor-element-b5060ff elementor-section-boxed elementor-section-height-default elementor-section-height-default\" data-id=\"b5060ff\" data-element_type=\"section\" data-e-type=\"section\">\n\t\t\t\t\t\t<div class=\"elementor-container elementor-column-gap-default\">\n\t\t\t\t\t<div class=\"elementor-column elementor-col-100 elementor-top-column elementor-element elementor-element-aabd57c\" data-id=\"aabd57c\" data-element_type=\"column\" data-e-type=\"column\" data-settings=\"{&quot;background_background&quot;:&quot;classic&quot;}\">\n\t\t\t<div class=\"elementor-widget-wrap elementor-element-populated\">\n\t\t\t\t\t\t<div class=\"elementor-element elementor-element-276c7d3 elementor-widget elementor-widget-text-editor\" data-id=\"276c7d3\" data-element_type=\"widget\" data-e-type=\"widget\" data-widget_type=\"text-editor.default\">\n\t\t\t\t<div class=\"elementor-widget-container\">\n\t\t\t\t\t\t\t\t\t<p>Awake from dawn, taste the bustling activity<\/p><p>of the world\u2019s biggest fish market !<\/p>\t\t\t\t\t\t\t\t<\/div>\n\t\t\t\t<\/div>\n\t\t\t\t\t<\/div>\n\t\t<\/div>\n\t\t\t\t\t<\/div>\n\t\t<\/section>\n\t\t\t\t<\/div>","protected":false},"excerpt":{"rendered":"<p>D\u00e8s l\u2019aube, plongez dans l\u2019activit\u00e9 tr\u00e9pidante du plus grand march\u00e9 aux poissons du monde !<\/p>","protected":false},"author":6,"featured_media":0,"parent":0,"menu_order":0,"comment_status":"closed","ping_status":"closed","template":"","meta":{"footnotes":""},"class_list":["post-3267","page","type-page","status-publish","hentry"],"_links":{"self":[{"href":"https:\/\/photocmb.art\/en\/wp-json\/wp\/v2\/pages\/3267","targetHints":{"allow":["GET"]}}],"collection":[{"href":"https:\/\/photocmb.art\/en\/wp-json\/wp\/v2\/pages"}],"about":[{"href":"https:\/\/photocmb.art\/en\/wp-json\/wp\/v2\/types\/page"}],"author":[{"embeddable":true,"href":"https:\/\/photocmb.art\/en\/wp-json\/wp\/v2\/users\/6"}],"replies":[{"embeddable":true,"href":"https:\/\/photocmb.art\/en\/wp-json\/wp\/v2\/comments?post=3267"}],"version-history":[{"count":22,"href":"https:\/\/photocmb.art\/en\/wp-json\/wp\/v2\/pages\/3267\/revisions"}],"predecessor-version":[{"id":3777,"href":"https:\/\/photocmb.art\/en\/wp-json\/wp\/v2\/pages\/3267\/revisions\/3777"}],"wp:attachment":[{"href":"https:\/\/photocmb.art\/en\/wp-json\/wp\/v2\/media?parent=3267"}],"curies":[{"name":"wp","href":"https:\/\/api.w.org\/{rel}","templated":true}]}}