{"id":2816,"date":"2023-03-25T11:12:29","date_gmt":"2023-03-25T09:12:29","guid":{"rendered":"https:\/\/photocmb.art\/?page_id=2816"},"modified":"2024-05-02T23:33:25","modified_gmt":"2024-05-02T21:33:25","slug":"accueil","status":"publish","type":"page","link":"https:\/\/photocmb.art\/en\/","title":{"rendered":"Home"},"content":{"rendered":"<div data-elementor-type=\"wp-page\" data-elementor-id=\"2816\" class=\"elementor elementor-2816\">\n\t\t\t\t\t\t<section class=\"elementor-section elementor-top-section elementor-element elementor-element-675a96d elementor-section-full_width elementor-section-height-default elementor-section-height-default\" data-id=\"675a96d\" data-element_type=\"section\" data-e-type=\"section\">\n\t\t\t\t\t\t<div class=\"elementor-container elementor-column-gap-default\">\n\t\t\t\t\t<div class=\"elementor-column elementor-col-100 elementor-top-column elementor-element elementor-element-814fdb9\" data-id=\"814fdb9\" data-element_type=\"column\" data-e-type=\"column\">\n\t\t\t<div class=\"elementor-widget-wrap elementor-element-populated\">\n\t\t\t\t\t\t<div class=\"elementor-element elementor-element-42a9e8e elementor-widget elementor-widget-shortcode\" data-id=\"42a9e8e\" data-element_type=\"widget\" data-e-type=\"widget\" data-widget_type=\"shortcode.default\">\n\t\t\t\t<div class=\"elementor-widget-container\">\n\t\t\t\t\t\t\t<div class=\"elementor-shortcode\"><\/div>\n\t\t\t\t\t\t<\/div>\n\t\t\t\t<\/div>\n\t\t\t\t\t<\/div>\n\t\t<\/div>\n\t\t\t\t\t<\/div>\n\t\t<\/section>\n\t\t\t\t<section class=\"elementor-section elementor-top-section elementor-element elementor-element-7c4e0f1 elementor-section-boxed elementor-section-height-default elementor-section-height-default\" data-id=\"7c4e0f1\" data-element_type=\"section\" data-e-type=\"section\">\n\t\t\t\t\t\t<div class=\"elementor-container elementor-column-gap-default\">\n\t\t\t\t\t<div class=\"elementor-column elementor-col-50 elementor-top-column elementor-element elementor-element-67afeab\" data-id=\"67afeab\" data-element_type=\"column\" data-e-type=\"column\" data-settings=\"{&quot;background_background&quot;:&quot;classic&quot;}\">\n\t\t\t<div class=\"elementor-widget-wrap elementor-element-populated\">\n\t\t\t\t\t\t<div class=\"elementor-element elementor-element-25b1b18 elementor-widget elementor-widget-heading\" data-id=\"25b1b18\" data-element_type=\"widget\" data-e-type=\"widget\" data-widget_type=\"heading.default\">\n\t\t\t\t<div class=\"elementor-widget-container\">\n\t\t\t\t\t<h2 class=\"elementor-heading-title elementor-size-default\">INTERIOR ARCHITECTURE<br>\nPROFESSIONAL TRADE SHOWS<\/h2>\t\t\t\t<\/div>\n\t\t\t\t<\/div>\n\t\t\t\t<div class=\"elementor-element elementor-element-1a896af elementor-widget elementor-widget-text-editor\" data-id=\"1a896af\" data-element_type=\"widget\" data-e-type=\"widget\" data-widget_type=\"text-editor.default\">\n\t\t\t\t<div class=\"elementor-widget-container\">\n\t\t\t\t\t\t\t\t\tHigh resolution digital photo shooting <br>\nArchitects \u2013 Exhibitors \u2013 Booth builders\t\t\t\t\t\t\t\t<\/div>\n\t\t\t\t<\/div>\n\t\t\t\t\t<\/div>\n\t\t<\/div>\n\t\t\t\t<div class=\"elementor-column elementor-col-50 elementor-top-column elementor-element elementor-element-221f6e9\" data-id=\"221f6e9\" data-element_type=\"column\" data-e-type=\"column\">\n\t\t\t<div class=\"elementor-widget-wrap elementor-element-populated\">\n\t\t\t\t\t\t<div class=\"elementor-element elementor-element-8ad5c5b elementor-widget elementor-widget-image\" data-id=\"8ad5c5b\" data-element_type=\"widget\" data-e-type=\"widget\" data-widget_type=\"image.default\">\n\t\t\t\t<div class=\"elementor-widget-container\">\n\t\t\t\t\t\t\t\t\t\t\t\t\t\t\t\t<a href=\"https:\/\/photocmb.art\/en\/galerie-architecture-interieure\/\">\n\t\t\t\t\t\t\t<img fetchpriority=\"high\" decoding=\"async\" width=\"740\" height=\"494\" src=\"https:\/\/photocmb.art\/wp-content\/uploads\/2024\/05\/Stand-Dec-S1-07.jpg\" class=\"attachment-medium_large size-medium_large wp-image-5336\" alt=\"\" srcset=\"https:\/\/photocmb.art\/wp-content\/uploads\/2024\/05\/Stand-Dec-S1-07.jpg 740w, https:\/\/photocmb.art\/wp-content\/uploads\/2024\/05\/Stand-Dec-S1-07-300x200.jpg 300w, https:\/\/photocmb.art\/wp-content\/uploads\/2024\/05\/Stand-Dec-S1-07-18x12.jpg 18w\" sizes=\"(max-width: 740px) 100vw, 740px\" \/>\t\t\t\t\t\t\t\t<\/a>\n\t\t\t\t\t\t\t\t\t\t\t\t\t\t\t<\/div>\n\t\t\t\t<\/div>\n\t\t\t\t\t<\/div>\n\t\t<\/div>\n\t\t\t\t\t<\/div>\n\t\t<\/section>\n\t\t\t\t<section class=\"elementor-section elementor-top-section elementor-element elementor-element-acf447e elementor-section-boxed elementor-section-height-default elementor-section-height-default\" data-id=\"acf447e\" data-element_type=\"section\" data-e-type=\"section\">\n\t\t\t\t\t\t<div class=\"elementor-container elementor-column-gap-default\">\n\t\t\t\t\t<div class=\"elementor-column elementor-col-50 elementor-top-column elementor-element elementor-element-f525d58\" data-id=\"f525d58\" data-element_type=\"column\" data-e-type=\"column\" id=\"op-img\">\n\t\t\t<div class=\"elementor-widget-wrap elementor-element-populated\">\n\t\t\t\t\t\t<div class=\"elementor-element elementor-element-3aa8eaa elementor-widget elementor-widget-image\" data-id=\"3aa8eaa\" data-element_type=\"widget\" data-e-type=\"widget\" data-widget_type=\"image.default\">\n\t\t\t\t<div class=\"elementor-widget-container\">\n\t\t\t\t\t\t\t\t\t\t\t\t\t\t\t\t<a href=\"https:\/\/photocmb.art\/en\/galerie-opera\/\">\n\t\t\t\t\t\t\t<img decoding=\"async\" width=\"740\" height=\"493\" src=\"https:\/\/photocmb.art\/wp-content\/uploads\/2024\/05\/Opera-141-4113.jpg\" class=\"attachment-medium_large size-medium_large wp-image-5340\" alt=\"\" srcset=\"https:\/\/photocmb.art\/wp-content\/uploads\/2024\/05\/Opera-141-4113.jpg 740w, https:\/\/photocmb.art\/wp-content\/uploads\/2024\/05\/Opera-141-4113-300x200.jpg 300w, https:\/\/photocmb.art\/wp-content\/uploads\/2024\/05\/Opera-141-4113-18x12.jpg 18w\" sizes=\"(max-width: 740px) 100vw, 740px\" \/>\t\t\t\t\t\t\t\t<\/a>\n\t\t\t\t\t\t\t\t\t\t\t\t\t\t\t<\/div>\n\t\t\t\t<\/div>\n\t\t\t\t\t<\/div>\n\t\t<\/div>\n\t\t\t\t<div class=\"elementor-column elementor-col-50 elementor-top-column elementor-element elementor-element-b7a88ea\" data-id=\"b7a88ea\" data-element_type=\"column\" data-e-type=\"column\" id=\"op-txt\" data-settings=\"{&quot;background_background&quot;:&quot;classic&quot;}\">\n\t\t\t<div class=\"elementor-widget-wrap elementor-element-populated\">\n\t\t\t\t\t\t<div class=\"elementor-element elementor-element-ad43476 elementor-widget elementor-widget-heading\" data-id=\"ad43476\" data-element_type=\"widget\" data-e-type=\"widget\" data-widget_type=\"heading.default\">\n\t\t\t\t<div class=\"elementor-widget-container\">\n\t\t\t\t\t<h2 class=\"elementor-heading-title elementor-size-default\">OPERA<\/h2>\t\t\t\t<\/div>\n\t\t\t\t<\/div>\n\t\t\t\t<div class=\"elementor-element elementor-element-9883250 elementor-widget elementor-widget-text-editor\" data-id=\"9883250\" data-element_type=\"widget\" data-e-type=\"widget\" data-widget_type=\"text-editor.default\">\n\t\t\t\t<div class=\"elementor-widget-container\">\n\t\t\t\t\t\t\t\t\t<p>Verdi, Puccini, Wagner, Mozart, Strauss, Donizetti, Poulenc, Berg,<br \/>Dukas, Vivaldi, Gounod, Bizet, Berlioz, Massenet, Tcha\u00efkovsky&#8230;<br \/>Listen to the photos !<\/p>\t\t\t\t\t\t\t\t<\/div>\n\t\t\t\t<\/div>\n\t\t\t\t\t<\/div>\n\t\t<\/div>\n\t\t\t\t\t<\/div>\n\t\t<\/section>\n\t\t\t\t<section class=\"elementor-section elementor-top-section elementor-element elementor-element-a1e18b7 elementor-section-boxed elementor-section-height-default elementor-section-height-default\" data-id=\"a1e18b7\" data-element_type=\"section\" data-e-type=\"section\">\n\t\t\t\t\t\t<div class=\"elementor-container elementor-column-gap-default\">\n\t\t\t\t\t<div class=\"elementor-column elementor-col-50 elementor-top-column elementor-element elementor-element-75798ea\" data-id=\"75798ea\" data-element_type=\"column\" data-e-type=\"column\" data-settings=\"{&quot;background_background&quot;:&quot;classic&quot;}\">\n\t\t\t<div class=\"elementor-widget-wrap elementor-element-populated\">\n\t\t\t\t\t\t<div class=\"elementor-element elementor-element-21851a9 elementor-widget elementor-widget-heading\" data-id=\"21851a9\" data-element_type=\"widget\" data-e-type=\"widget\" data-widget_type=\"heading.default\">\n\t\t\t\t<div class=\"elementor-widget-container\">\n\t\t\t\t\t<h2 class=\"elementor-heading-title elementor-size-default\">VISIONS<\/h2>\t\t\t\t<\/div>\n\t\t\t\t<\/div>\n\t\t\t\t<div class=\"elementor-element elementor-element-3eb0bad elementor-widget elementor-widget-text-editor\" data-id=\"3eb0bad\" data-element_type=\"widget\" data-e-type=\"widget\" data-widget_type=\"text-editor.default\">\n\t\t\t\t<div class=\"elementor-widget-container\">\n\t\t\t\t\t\t\t\t\t<p class=\"translation-block\">Psychologic \u00ab tuning \u00bb of eye and imagination,<br>\nboomerang effect, syllabes of light,<br>\nsomething else, opening door\u2026<br>\ntintamarre of colors, emotion.<\/p>\t\t\t\t\t\t\t\t<\/div>\n\t\t\t\t<\/div>\n\t\t\t\t\t<\/div>\n\t\t<\/div>\n\t\t\t\t<div class=\"elementor-column elementor-col-50 elementor-top-column elementor-element elementor-element-3ecb4ab\" data-id=\"3ecb4ab\" data-element_type=\"column\" data-e-type=\"column\">\n\t\t\t<div class=\"elementor-widget-wrap elementor-element-populated\">\n\t\t\t\t\t\t<div class=\"elementor-element elementor-element-186a050 elementor-widget elementor-widget-image\" data-id=\"186a050\" data-element_type=\"widget\" data-e-type=\"widget\" data-widget_type=\"image.default\">\n\t\t\t\t<div class=\"elementor-widget-container\">\n\t\t\t\t\t\t\t\t\t\t\t\t\t\t\t\t<a href=\"https:\/\/photocmb.art\/en\/galerie-visions\/\">\n\t\t\t\t\t\t\t<img decoding=\"async\" width=\"740\" height=\"740\" src=\"https:\/\/photocmb.art\/wp-content\/uploads\/2010\/03\/Vis-S1-011.jpg\" class=\"attachment-medium_large size-medium_large wp-image-1640\" alt=\"\" srcset=\"https:\/\/photocmb.art\/wp-content\/uploads\/2010\/03\/Vis-S1-011.jpg 740w, https:\/\/photocmb.art\/wp-content\/uploads\/2010\/03\/Vis-S1-011-150x150.jpg 150w, https:\/\/photocmb.art\/wp-content\/uploads\/2010\/03\/Vis-S1-011-300x300.jpg 300w\" sizes=\"(max-width: 740px) 100vw, 740px\" \/>\t\t\t\t\t\t\t\t<\/a>\n\t\t\t\t\t\t\t\t\t\t\t\t\t\t\t<\/div>\n\t\t\t\t<\/div>\n\t\t\t\t\t<\/div>\n\t\t<\/div>\n\t\t\t\t\t<\/div>\n\t\t<\/section>\n\t\t\t\t<section class=\"elementor-section elementor-top-section elementor-element elementor-element-fb37c30 elementor-section-boxed elementor-section-height-default elementor-section-height-default\" data-id=\"fb37c30\" data-element_type=\"section\" data-e-type=\"section\">\n\t\t\t\t\t\t<div class=\"elementor-container elementor-column-gap-default\">\n\t\t\t\t\t<div class=\"elementor-column elementor-col-50 elementor-top-column elementor-element elementor-element-0c51f37\" data-id=\"0c51f37\" data-element_type=\"column\" data-e-type=\"column\" id=\"jap-img\">\n\t\t\t<div class=\"elementor-widget-wrap elementor-element-populated\">\n\t\t\t\t\t\t<div class=\"elementor-element elementor-element-91f6cbb elementor-widget elementor-widget-image\" data-id=\"91f6cbb\" data-element_type=\"widget\" data-e-type=\"widget\" data-widget_type=\"image.default\">\n\t\t\t\t<div class=\"elementor-widget-container\">\n\t\t\t\t\t\t\t\t\t\t\t\t\t\t\t\t<a href=\"https:\/\/photocmb.art\/en\/galerie-welcome-to-japan\/\">\n\t\t\t\t\t\t\t<img loading=\"lazy\" decoding=\"async\" width=\"740\" height=\"493\" src=\"https:\/\/photocmb.art\/wp-content\/uploads\/2024\/05\/Japon-Jap-S1-05.jpg\" class=\"attachment-medium_large size-medium_large wp-image-5339\" alt=\"\" srcset=\"https:\/\/photocmb.art\/wp-content\/uploads\/2024\/05\/Japon-Jap-S1-05.jpg 740w, https:\/\/photocmb.art\/wp-content\/uploads\/2024\/05\/Japon-Jap-S1-05-300x200.jpg 300w, https:\/\/photocmb.art\/wp-content\/uploads\/2024\/05\/Japon-Jap-S1-05-18x12.jpg 18w\" sizes=\"(max-width: 740px) 100vw, 740px\" \/>\t\t\t\t\t\t\t\t<\/a>\n\t\t\t\t\t\t\t\t\t\t\t\t\t\t\t<\/div>\n\t\t\t\t<\/div>\n\t\t\t\t\t<\/div>\n\t\t<\/div>\n\t\t\t\t<div class=\"elementor-column elementor-col-50 elementor-top-column elementor-element elementor-element-6719736\" data-id=\"6719736\" data-element_type=\"column\" data-e-type=\"column\" id=\"jap-txt\" data-settings=\"{&quot;background_background&quot;:&quot;classic&quot;}\">\n\t\t\t<div class=\"elementor-widget-wrap elementor-element-populated\">\n\t\t\t\t\t\t<div class=\"elementor-element elementor-element-0935252 elementor-widget elementor-widget-heading\" data-id=\"0935252\" data-element_type=\"widget\" data-e-type=\"widget\" data-widget_type=\"heading.default\">\n\t\t\t\t<div class=\"elementor-widget-container\">\n\t\t\t\t\t<h2 class=\"elementor-heading-title elementor-size-default\">WELCOME TO JAPAN !<\/h2>\t\t\t\t<\/div>\n\t\t\t\t<\/div>\n\t\t\t\t<div class=\"elementor-element elementor-element-4262048 elementor-widget elementor-widget-text-editor\" data-id=\"4262048\" data-element_type=\"widget\" data-e-type=\"widget\" data-widget_type=\"text-editor.default\">\n\t\t\t\t<div class=\"elementor-widget-container translation-block\">Amazing journey ! Striking contrast between modern life<br>\nand deep rooted, passionately maintained traditions.<\/div>\n\t\t\t\t<\/div>\n\t\t\t\t\t<\/div>\n\t\t<\/div>\n\t\t\t\t\t<\/div>\n\t\t<\/section>\n\t\t\t\t<section class=\"elementor-section elementor-top-section elementor-element elementor-element-fefdd99 elementor-section-boxed elementor-section-height-default elementor-section-height-default\" data-id=\"fefdd99\" data-element_type=\"section\" data-e-type=\"section\">\n\t\t\t\t\t\t<div class=\"elementor-container elementor-column-gap-default\">\n\t\t\t\t\t<div class=\"elementor-column elementor-col-50 elementor-top-column elementor-element elementor-element-8d472da\" data-id=\"8d472da\" data-element_type=\"column\" data-e-type=\"column\" data-settings=\"{&quot;background_background&quot;:&quot;classic&quot;}\">\n\t\t\t<div class=\"elementor-widget-wrap elementor-element-populated\">\n\t\t\t\t\t\t<div class=\"elementor-element elementor-element-5db5f59 elementor-widget elementor-widget-heading\" data-id=\"5db5f59\" data-element_type=\"widget\" data-e-type=\"widget\" data-widget_type=\"heading.default\">\n\t\t\t\t<div class=\"elementor-widget-container\">\n\t\t\t\t\t<h2 class=\"elementor-heading-title elementor-size-default\">SAKANA COLLECTION<\/h2>\t\t\t\t<\/div>\n\t\t\t\t<\/div>\n\t\t\t\t<div class=\"elementor-element elementor-element-60a5016 elementor-widget elementor-widget-text-editor\" data-id=\"60a5016\" data-element_type=\"widget\" data-e-type=\"widget\" data-widget_type=\"text-editor.default\">\n\t\t\t\t<div class=\"elementor-widget-container\">\n\t\t\t\t\t\t\t\t\tAwake from dawn, taste the bustling activity<br>\nof the world\u2019s biggest fish market !\t\t\t\t\t\t\t\t<\/div>\n\t\t\t\t<\/div>\n\t\t\t\t\t<\/div>\n\t\t<\/div>\n\t\t\t\t<div class=\"elementor-column elementor-col-50 elementor-top-column elementor-element elementor-element-4680c9c\" data-id=\"4680c9c\" data-element_type=\"column\" data-e-type=\"column\">\n\t\t\t<div class=\"elementor-widget-wrap elementor-element-populated\">\n\t\t\t\t\t\t<div class=\"elementor-element elementor-element-1807e94 elementor-widget elementor-widget-image\" data-id=\"1807e94\" data-element_type=\"widget\" data-e-type=\"widget\" data-widget_type=\"image.default\">\n\t\t\t\t<div class=\"elementor-widget-container\">\n\t\t\t\t\t\t\t\t\t\t\t\t\t\t\t\t<a href=\"https:\/\/photocmb.art\/en\/galerie-sakana-collection\/\">\n\t\t\t\t\t\t\t<img loading=\"lazy\" decoding=\"async\" width=\"493\" height=\"740\" src=\"https:\/\/photocmb.art\/wp-content\/uploads\/2024\/05\/Sakana-Sak-S1-01.jpg\" class=\"attachment-medium_large size-medium_large wp-image-5334\" alt=\"\" srcset=\"https:\/\/photocmb.art\/wp-content\/uploads\/2024\/05\/Sakana-Sak-S1-01.jpg 493w, https:\/\/photocmb.art\/wp-content\/uploads\/2024\/05\/Sakana-Sak-S1-01-200x300.jpg 200w, https:\/\/photocmb.art\/wp-content\/uploads\/2024\/05\/Sakana-Sak-S1-01-8x12.jpg 8w\" sizes=\"(max-width: 493px) 100vw, 493px\" \/>\t\t\t\t\t\t\t\t<\/a>\n\t\t\t\t\t\t\t\t\t\t\t\t\t\t\t<\/div>\n\t\t\t\t<\/div>\n\t\t\t\t\t<\/div>\n\t\t<\/div>\n\t\t\t\t\t<\/div>\n\t\t<\/section>\n\t\t\t\t<section class=\"elementor-section elementor-top-section elementor-element elementor-element-11acc20 elementor-section-boxed elementor-section-height-default elementor-section-height-default\" data-id=\"11acc20\" data-element_type=\"section\" data-e-type=\"section\">\n\t\t\t\t\t\t<div class=\"elementor-container elementor-column-gap-default\">\n\t\t\t\t\t<div class=\"elementor-column elementor-col-50 elementor-top-column elementor-element elementor-element-87f852e\" data-id=\"87f852e\" data-element_type=\"column\" data-e-type=\"column\" id=\"mon-img\">\n\t\t\t<div class=\"elementor-widget-wrap elementor-element-populated\">\n\t\t\t\t\t\t<div class=\"elementor-element elementor-element-2bd1391 elementor-widget elementor-widget-image\" data-id=\"2bd1391\" data-element_type=\"widget\" data-e-type=\"widget\" data-widget_type=\"image.default\">\n\t\t\t\t<div class=\"elementor-widget-container\">\n\t\t\t\t\t\t\t\t\t\t\t\t\t\t\t\t<a href=\"https:\/\/photocmb.art\/en\/galerie-montgolfieres\/\">\n\t\t\t\t\t\t\t<img loading=\"lazy\" decoding=\"async\" width=\"493\" height=\"740\" src=\"https:\/\/photocmb.art\/wp-content\/uploads\/2024\/05\/Ballon-Lor07-0600.jpg\" class=\"attachment-medium_large size-medium_large wp-image-5335\" alt=\"\" srcset=\"https:\/\/photocmb.art\/wp-content\/uploads\/2024\/05\/Ballon-Lor07-0600.jpg 493w, https:\/\/photocmb.art\/wp-content\/uploads\/2024\/05\/Ballon-Lor07-0600-200x300.jpg 200w, https:\/\/photocmb.art\/wp-content\/uploads\/2024\/05\/Ballon-Lor07-0600-8x12.jpg 8w\" sizes=\"(max-width: 493px) 100vw, 493px\" \/>\t\t\t\t\t\t\t\t<\/a>\n\t\t\t\t\t\t\t\t\t\t\t\t\t\t\t<\/div>\n\t\t\t\t<\/div>\n\t\t\t\t\t<\/div>\n\t\t<\/div>\n\t\t\t\t<div class=\"elementor-column elementor-col-50 elementor-top-column elementor-element elementor-element-d49bc32\" data-id=\"d49bc32\" data-element_type=\"column\" data-e-type=\"column\" id=\"mon-txt\" data-settings=\"{&quot;background_background&quot;:&quot;classic&quot;}\">\n\t\t\t<div class=\"elementor-widget-wrap elementor-element-populated\">\n\t\t\t\t\t\t<div class=\"elementor-element elementor-element-d5ac9e2 elementor-widget elementor-widget-heading\" data-id=\"d5ac9e2\" data-element_type=\"widget\" data-e-type=\"widget\" data-widget_type=\"heading.default\">\n\t\t\t\t<div class=\"elementor-widget-container\">\n\t\t\t\t\t<h2 class=\"elementor-heading-title elementor-size-default\">HOT AIR BALLOONS<\/h2>\t\t\t\t<\/div>\n\t\t\t\t<\/div>\n\t\t\t\t<div class=\"elementor-element elementor-element-21ba704 elementor-widget elementor-widget-text-editor\" data-id=\"21ba704\" data-element_type=\"widget\" data-e-type=\"widget\" data-widget_type=\"text-editor.default\">\n\t\t\t\t<div class=\"elementor-widget-container\">\n\t\t\t\t\t\t\t\t\tGEMAB &#8211; Grand Est Mondial Air Ballon <br>\nThe biggest event in the world dedicated to hot air balloons, since 1989 !\t\t\t\t\t\t\t\t<\/div>\n\t\t\t\t<\/div>\n\t\t\t\t\t<\/div>\n\t\t<\/div>\n\t\t\t\t\t<\/div>\n\t\t<\/section>\n\t\t\t\t<section class=\"elementor-section elementor-top-section elementor-element elementor-element-6329283 elementor-section-boxed elementor-section-height-default elementor-section-height-default\" data-id=\"6329283\" data-element_type=\"section\" data-e-type=\"section\">\n\t\t\t\t\t\t<div class=\"elementor-container elementor-column-gap-default\">\n\t\t\t\t\t<div class=\"elementor-column elementor-col-50 elementor-top-column elementor-element elementor-element-c89ba27\" data-id=\"c89ba27\" data-element_type=\"column\" data-e-type=\"column\" data-settings=\"{&quot;background_background&quot;:&quot;classic&quot;}\">\n\t\t\t<div class=\"elementor-widget-wrap elementor-element-populated\">\n\t\t\t\t\t\t<div class=\"elementor-element elementor-element-7a9121c elementor-widget elementor-widget-heading\" data-id=\"7a9121c\" data-element_type=\"widget\" data-e-type=\"widget\" data-widget_type=\"heading.default\">\n\t\t\t\t<div class=\"elementor-widget-container\">\n\t\t\t\t\t<h2 class=\"elementor-heading-title elementor-size-default\">VISIT MY COUNTRY !<\/h2>\t\t\t\t<\/div>\n\t\t\t\t<\/div>\n\t\t\t\t<div class=\"elementor-element elementor-element-54de19c elementor-widget elementor-widget-text-editor\" data-id=\"54de19c\" data-element_type=\"widget\" data-e-type=\"widget\" data-widget_type=\"text-editor.default\">\n\t\t\t\t<div class=\"elementor-widget-container translation-block\">My native country, my French Riviera !<br>\nA paradise of sun, sea and mountains,<br>\nfor an unforgettable trip !<\/div>\n\t\t\t\t<\/div>\n\t\t\t\t\t<\/div>\n\t\t<\/div>\n\t\t\t\t<div class=\"elementor-column elementor-col-50 elementor-top-column elementor-element elementor-element-a626194\" data-id=\"a626194\" data-element_type=\"column\" data-e-type=\"column\">\n\t\t\t<div class=\"elementor-widget-wrap elementor-element-populated\">\n\t\t\t\t\t\t<div class=\"elementor-element elementor-element-539b112 elementor-widget elementor-widget-image\" data-id=\"539b112\" data-element_type=\"widget\" data-e-type=\"widget\" data-widget_type=\"image.default\">\n\t\t\t\t<div class=\"elementor-widget-container\">\n\t\t\t\t\t\t\t\t\t\t\t\t\t\t\t\t<a href=\"https:\/\/photocmb.art\/en\/galerie-visit-my-country\/\">\n\t\t\t\t\t\t\t<img loading=\"lazy\" decoding=\"async\" width=\"740\" height=\"492\" src=\"https:\/\/photocmb.art\/wp-content\/uploads\/2024\/05\/Bienvenue-CA-S1-03.jpg\" class=\"attachment-medium_large size-medium_large wp-image-5337\" alt=\"\" srcset=\"https:\/\/photocmb.art\/wp-content\/uploads\/2024\/05\/Bienvenue-CA-S1-03.jpg 740w, https:\/\/photocmb.art\/wp-content\/uploads\/2024\/05\/Bienvenue-CA-S1-03-300x199.jpg 300w, https:\/\/photocmb.art\/wp-content\/uploads\/2024\/05\/Bienvenue-CA-S1-03-18x12.jpg 18w\" sizes=\"(max-width: 740px) 100vw, 740px\" \/>\t\t\t\t\t\t\t\t<\/a>\n\t\t\t\t\t\t\t\t\t\t\t\t\t\t\t<\/div>\n\t\t\t\t<\/div>\n\t\t\t\t\t<\/div>\n\t\t<\/div>\n\t\t\t\t\t<\/div>\n\t\t<\/section>\n\t\t\t\t<section class=\"elementor-section elementor-top-section elementor-element elementor-element-57a4738 elementor-section-boxed elementor-section-height-default elementor-section-height-default\" data-id=\"57a4738\" data-element_type=\"section\" data-e-type=\"section\">\n\t\t\t\t\t\t<div class=\"elementor-container elementor-column-gap-default\">\n\t\t\t\t\t<div class=\"elementor-column elementor-col-50 elementor-top-column elementor-element elementor-element-b0c9be3\" data-id=\"b0c9be3\" data-element_type=\"column\" data-e-type=\"column\" id=\"cha-img\">\n\t\t\t<div class=\"elementor-widget-wrap elementor-element-populated\">\n\t\t\t\t\t\t<div class=\"elementor-element elementor-element-6eb25d1 elementor-widget elementor-widget-image\" data-id=\"6eb25d1\" data-element_type=\"widget\" data-e-type=\"widget\" data-widget_type=\"image.default\">\n\t\t\t\t<div class=\"elementor-widget-container\">\n\t\t\t\t\t\t\t\t\t\t\t\t\t\t\t\t<a href=\"https:\/\/photocmb.art\/en\/galerie-je-suis-charlie\/\">\n\t\t\t\t\t\t\t<img loading=\"lazy\" decoding=\"async\" width=\"740\" height=\"493\" src=\"https:\/\/photocmb.art\/wp-content\/uploads\/2024\/05\/CHARLIE-Nice-020.jpg\" class=\"attachment-medium_large size-medium_large wp-image-5338\" alt=\"\" srcset=\"https:\/\/photocmb.art\/wp-content\/uploads\/2024\/05\/CHARLIE-Nice-020.jpg 740w, https:\/\/photocmb.art\/wp-content\/uploads\/2024\/05\/CHARLIE-Nice-020-300x200.jpg 300w, https:\/\/photocmb.art\/wp-content\/uploads\/2024\/05\/CHARLIE-Nice-020-18x12.jpg 18w\" sizes=\"(max-width: 740px) 100vw, 740px\" \/>\t\t\t\t\t\t\t\t<\/a>\n\t\t\t\t\t\t\t\t\t\t\t\t\t\t\t<\/div>\n\t\t\t\t<\/div>\n\t\t\t\t\t<\/div>\n\t\t<\/div>\n\t\t\t\t<div class=\"elementor-column elementor-col-50 elementor-top-column elementor-element elementor-element-a8400ee\" data-id=\"a8400ee\" data-element_type=\"column\" data-e-type=\"column\" id=\"cha-txt\" data-settings=\"{&quot;background_background&quot;:&quot;classic&quot;}\">\n\t\t\t<div class=\"elementor-widget-wrap elementor-element-populated\">\n\t\t\t\t\t\t<div class=\"elementor-element elementor-element-0ebdbb9 elementor-widget elementor-widget-heading\" data-id=\"0ebdbb9\" data-element_type=\"widget\" data-e-type=\"widget\" data-widget_type=\"heading.default\">\n\t\t\t\t<div class=\"elementor-widget-container\">\n\t\t\t\t\t<h2 class=\"elementor-heading-title elementor-size-default\">JE SUIS CHARLIE !<\/h2>\t\t\t\t<\/div>\n\t\t\t\t<\/div>\n\t\t\t\t<div class=\"elementor-element elementor-element-c2f258c elementor-widget elementor-widget-text-editor\" data-id=\"c2f258c\" data-element_type=\"widget\" data-e-type=\"widget\" data-widget_type=\"text-editor.default\">\n\t\t\t\t<div class=\"elementor-widget-container translation-block\">Showing their solidarity,<br> the people of Nice pay tribute to victims :<br>\nCharlie Hebdo, National Police, Jewish Community.<\/div>\n\t\t\t\t<\/div>\n\t\t\t\t\t<\/div>\n\t\t<\/div>\n\t\t\t\t\t<\/div>\n\t\t<\/section>\n\t\t\t\t<\/div>","protected":false},"excerpt":{"rendered":"<p>ARCHITECTURE INT\u00c9RIEURE SALONS PROFESSIONNELS Prise de vue photo num\u00e9rique haute r\u00e9solution Architectes &#8211; Exposants &#8211; Standistes OP\u00c9RA Verdi, Puccini, Wagner, Mozart, Strauss, Donizetti, Poulenc, Berg,Dukas, Vivaldi, Gounod, Bizet, Berlioz, Massenet, Tcha\u00efkovsky&#8230;\u00c9coutez les images ! VISIONS Syntonisation de l\u2019\u0153il et de l\u2019imaginaire, effet boomerang, syllabes de lumi\u00e8re, autre chose, porte ouverte,tintamarre de couleurs, \u00e9motion. WELCOME TO [&hellip;]<\/p>\n","protected":false},"author":6,"featured_media":0,"parent":0,"menu_order":0,"comment_status":"closed","ping_status":"closed","template":"","meta":{"footnotes":""},"class_list":["post-2816","page","type-page","status-publish","hentry"],"_links":{"self":[{"href":"https:\/\/photocmb.art\/en\/wp-json\/wp\/v2\/pages\/2816","targetHints":{"allow":["GET"]}}],"collection":[{"href":"https:\/\/photocmb.art\/en\/wp-json\/wp\/v2\/pages"}],"about":[{"href":"https:\/\/photocmb.art\/en\/wp-json\/wp\/v2\/types\/page"}],"author":[{"embeddable":true,"href":"https:\/\/photocmb.art\/en\/wp-json\/wp\/v2\/users\/6"}],"replies":[{"embeddable":true,"href":"https:\/\/photocmb.art\/en\/wp-json\/wp\/v2\/comments?post=2816"}],"version-history":[{"count":336,"href":"https:\/\/photocmb.art\/en\/wp-json\/wp\/v2\/pages\/2816\/revisions"}],"predecessor-version":[{"id":5349,"href":"https:\/\/photocmb.art\/en\/wp-json\/wp\/v2\/pages\/2816\/revisions\/5349"}],"wp:attachment":[{"href":"https:\/\/photocmb.art\/en\/wp-json\/wp\/v2\/media?parent=2816"}],"curies":[{"name":"wp","href":"https:\/\/api.w.org\/{rel}","templated":true}]}}