{"id":2792,"date":"2023-03-26T00:14:41","date_gmt":"2023-03-25T22:14:41","guid":{"rendered":"https:\/\/photocmb.art\/?page_id=2792"},"modified":"2023-04-15T17:26:56","modified_gmt":"2023-04-15T15:26:56","slug":"mentions-legales","status":"publish","type":"page","link":"https:\/\/photocmb.art\/en\/mentions-legales\/","title":{"rendered":"Mentions l\u00e9gales"},"content":{"rendered":"<div data-elementor-type=\"wp-page\" data-elementor-id=\"2792\" class=\"elementor elementor-2792\">\n\t\t\t\t\t\t<section class=\"elementor-section elementor-top-section elementor-element elementor-element-d978ec4 elementor-section-boxed elementor-section-height-default elementor-section-height-default\" data-id=\"d978ec4\" data-element_type=\"section\" data-e-type=\"section\">\n\t\t\t\t\t\t<div class=\"elementor-container elementor-column-gap-default\">\n\t\t\t\t\t<div class=\"elementor-column elementor-col-100 elementor-top-column elementor-element elementor-element-270bfa3\" data-id=\"270bfa3\" data-element_type=\"column\" data-e-type=\"column\" data-settings=\"{&quot;background_background&quot;:&quot;classic&quot;}\">\n\t\t\t<div class=\"elementor-widget-wrap elementor-element-populated\">\n\t\t\t\t\t\t<div class=\"elementor-element elementor-element-f306aa7 elementor-widget elementor-widget-heading\" data-id=\"f306aa7\" data-element_type=\"widget\" data-e-type=\"widget\" data-widget_type=\"heading.default\">\n\t\t\t\t<div class=\"elementor-widget-container\">\n\t\t\t\t\t<h1 class=\"elementor-heading-title elementor-size-default\">Legal Notices<\/h1>\t\t\t\t<\/div>\n\t\t\t\t<\/div>\n\t\t\t\t<div class=\"elementor-element elementor-element-3beb372 elementor-widget elementor-widget-heading\" data-id=\"3beb372\" data-element_type=\"widget\" data-e-type=\"widget\" data-widget_type=\"heading.default\">\n\t\t\t\t<div class=\"elementor-widget-container\">\n\t\t\t\t\t<h2 class=\"elementor-heading-title elementor-size-default\">Publisher<\/h2>\t\t\t\t<\/div>\n\t\t\t\t<\/div>\n\t\t\t\t<div class=\"elementor-element elementor-element-44e6133 elementor-widget elementor-widget-text-editor\" data-id=\"44e6133\" data-element_type=\"widget\" data-e-type=\"widget\" data-widget_type=\"text-editor.default\">\n\t\t\t\t<div class=\"elementor-widget-container\">\n\t\t\t\t\t\t\t\t\t<p>McBURNIE COMMUNICATION<br>\n<span style=\"color: var( --e-global-color-text ); font-family: var( --e-global-typography-text-font-family ), Sans-serif; font-size: var( --e-global-typography-text-font-size ); font-weight: var( --e-global-typography-text-font-weight ); background-color: var( --e-global-color-secondary );\">Claude MacBurnie<\/span><br><span style=\"background-color: var( --e-global-color-secondary ); color: var( --e-global-color-text ); font-family: var( --e-global-typography-text-font-family ), Sans-serif; font-size: var( --e-global-typography-text-font-size ); font-weight: var( --e-global-typography-text-font-weight );\">Individual entrepreneur&nbsp;<\/span><br><span style=\"background-color: var( --e-global-color-secondary ); color: var( --e-global-color-text ); font-family: var( --e-global-typography-text-font-family ), Sans-serif; font-size: var( --e-global-typography-text-font-size ); font-weight: var( --e-global-typography-text-font-weight );\">28, rue de Paris&nbsp;<\/span><br><span style=\"background-color: var( --e-global-color-secondary ); color: var( --e-global-color-text ); font-family: var( --e-global-typography-text-font-family ), Sans-serif; font-size: var( --e-global-typography-text-font-size ); font-weight: var( --e-global-typography-text-font-weight );\">06000 Nice<\/span><br><\/p>\n<p class=\"translation-block\">SIRET number : 32564769100022<\/p>\n<p>APE Code : Activit\u00e9s photographiques (7420Z)<\/p>\n<p>Intercommunity VAT n\u00b0 : FR19325647691<\/p>\n<p>Phone : +33 (0)6 14 63 21 20<\/p>\n<p>Email :&nbsp;<a style=\"font-family: var( --e-global-typography-text-font-family ), Sans-serif; font-size: var( --e-global-typography-text-font-size ); font-weight: var( --e-global-typography-text-font-weight );\" href=\"mailto: claude@photocmb.art\" target=\"_blank\" rel=\"noopener\">claude@photocmb.art<\/a>&nbsp;<\/p>\t\t\t\t\t\t\t\t<\/div>\n\t\t\t\t<\/div>\n\t\t\t\t<div class=\"elementor-element elementor-element-d79a089 elementor-widget elementor-widget-heading\" data-id=\"d79a089\" data-element_type=\"widget\" data-e-type=\"widget\" data-widget_type=\"heading.default\">\n\t\t\t\t<div class=\"elementor-widget-container\">\n\t\t\t\t\t<h2 class=\"elementor-heading-title elementor-size-default\">Web Hosting<\/h2>\t\t\t\t<\/div>\n\t\t\t\t<\/div>\n\t\t\t\t<div class=\"elementor-element elementor-element-ec2e126 elementor-widget elementor-widget-text-editor\" data-id=\"ec2e126\" data-element_type=\"widget\" data-e-type=\"widget\" data-widget_type=\"text-editor.default\">\n\t\t\t\t<div class=\"elementor-widget-container\">\n\t\t\t\t\t\t\t\t\t<p>1&amp;1 IONOS SARL<br \/>\u00a0<span style=\"color: var( --e-global-color-text ); font-family: var( --e-global-typography-text-font-family ), Sans-serif; font-size: var( --e-global-typography-text-font-size ); font-weight: var( --e-global-typography-text-font-weight ); background-color: var( --e-global-color-secondary );\">7, place de la Gare<br \/>BP 70109<br \/>57201 Sarreguemines Cedex<\/span><\/p><p>Phone : 09 70 80 89 11<\/p><p>support@1and1.fr<\/p><p>www.1and1.fr<\/p><p>RCS : Sarreguemines B 431 303 775<\/p><p>SIRET : 431 303 775 000 16\u00a0<\/p>\t\t\t\t\t\t\t\t<\/div>\n\t\t\t\t<\/div>\n\t\t\t\t<div class=\"elementor-element elementor-element-bb8bfa4 elementor-widget elementor-widget-heading\" data-id=\"bb8bfa4\" data-element_type=\"widget\" data-e-type=\"widget\" data-widget_type=\"heading.default\">\n\t\t\t\t<div class=\"elementor-widget-container\">\n\t\t\t\t\t<h2 class=\"elementor-heading-title elementor-size-default\">Realisation<\/h2>\t\t\t\t<\/div>\n\t\t\t\t<\/div>\n\t\t\t\t<div class=\"elementor-element elementor-element-473899e elementor-widget elementor-widget-text-editor\" data-id=\"473899e\" data-element_type=\"widget\" data-e-type=\"widget\" data-widget_type=\"text-editor.default\">\n\t\t\t\t<div class=\"elementor-widget-container\">\n\t\t\t\t\t\t\t\t\t<a style=\"all: unset; cursor: pointer;\" href=\"https:\/\/aquaketa.net\/\" target=\"_blank\" rel=\"noopener\">Aquaketa, Web Strategy and Development<\/a>\t\t\t\t\t\t\t\t<\/div>\n\t\t\t\t<\/div>\n\t\t\t\t<div class=\"elementor-element elementor-element-ede63d0 elementor-widget elementor-widget-heading\" data-id=\"ede63d0\" data-element_type=\"widget\" data-e-type=\"widget\" data-widget_type=\"heading.default\">\n\t\t\t\t<div class=\"elementor-widget-container\">\n\t\t\t\t\t<h2 class=\"elementor-heading-title elementor-size-default\">Intellectual property<\/h2>\t\t\t\t<\/div>\n\t\t\t\t<\/div>\n\t\t\t\t<div class=\"elementor-element elementor-element-0a92be7 elementor-widget elementor-widget-text-editor\" data-id=\"0a92be7\" data-element_type=\"widget\" data-e-type=\"widget\" data-widget_type=\"text-editor.default\">\n\t\t\t\t<div class=\"elementor-widget-container translation-block\">With the exception of private use for strictly personal purposes, any reproduction, any total or partial representation,<br>\nany use, any adaptation, any provision or modification of works, images, texts, downloadable documents,<br>\nvideo or sound files from the website, by any process whatsoever, by any person whatsoever and by any means<br>\nwhatsoever (including sale, marketing, etc.) without the express authorization of McBURNIE COMMUNICATION,<br>\npotential authors or their successors, is strictly prohibited and constitutes an offense of counterfeiting within the meaning<br>\nof the code intellectual property.<\/div>\n\t\t\t\t<\/div>\n\t\t\t\t<div class=\"elementor-element elementor-element-7ca0de3 elementor-widget elementor-widget-heading\" data-id=\"7ca0de3\" data-element_type=\"widget\" data-e-type=\"widget\" data-widget_type=\"heading.default\">\n\t\t\t\t<div class=\"elementor-widget-container\">\n\t\t\t\t\t<h2 class=\"elementor-heading-title elementor-size-default\">Moral right<\/h2>\t\t\t\t<\/div>\n\t\t\t\t<\/div>\n\t\t\t\t<div class=\"elementor-element elementor-element-abc8e3c elementor-widget elementor-widget-text-editor\" data-id=\"abc8e3c\" data-element_type=\"widget\" data-e-type=\"widget\" data-widget_type=\"text-editor.default\">\n\t\t\t\t<div class=\"elementor-widget-container translation-block\">In accordance with the intellectual property code, all authors have the right to respect for their name and the integrity<br>\nof their work. Thus any use of content protected as a work by the intellectual property code must be made without<br>\nmodification and include the name of its author and of the assignee of the rights, if applicable.<\/div>\n\t\t\t\t<\/div>\n\t\t\t\t<div class=\"elementor-element elementor-element-043795b elementor-widget elementor-widget-heading\" data-id=\"043795b\" data-element_type=\"widget\" data-e-type=\"widget\" data-widget_type=\"heading.default\">\n\t\t\t\t<div class=\"elementor-widget-container\">\n\t\t\t\t\t<h2 class=\"elementor-heading-title elementor-size-default\">Hypertext links<\/h2>\t\t\t\t<\/div>\n\t\t\t\t<\/div>\n\t\t\t\t<div class=\"elementor-element elementor-element-424d759 elementor-widget elementor-widget-text-editor\" data-id=\"424d759\" data-element_type=\"widget\" data-e-type=\"widget\" data-widget_type=\"text-editor.default\">\n\t\t\t\t<div class=\"elementor-widget-container\">\n\t\t\t\t\t\t\t\t\t<p class=\"translation-block\">The establishment of a hypertext link pointing to the content of the McBURNIE COMMUNICATION website<br>\nor one of its elements, is authorized subject to :<\/p><ul><li style=\"list-style-type: none;\"><ul><li>Make it accessible by opening a new window<\/li><li>Mention the source which will point via a hypertext link directly to the targeted content<\/li><li>Do not use this information for commercial or advertising purposes.<\/li><\/ul><\/li><\/ul><p><span style=\"color: var( --e-global-color-text ); font-family: var( --e-global-typography-text-font-family ), Sans-serif; font-size: var( --e-global-typography-text-font-size ); font-weight: var( --e-global-typography-text-font-weight ); background-color: var( --e-global-color-secondary );\"><br \/>This authorization does not apply to websites disseminating information of a controversial, pornographic or xenophobic nature<br \/>or may, to a greater extent, affect the sensitivity of the greatest number.<\/span><\/p><p class=\"translation-block\">The www.photocmb.art site offers many links to other sites, mainly official sites (institutions, public bodies, etc.)<br>\nbut also to the sites of associations or partner companies. These web pages, whose addresses are regularly checked,<br>\nare not part of the public and official site www.photocmb.art.<\/p><p>McBURNIE COMMUNICATION is not responsible for the content of said other sites, and will not be liable for any damage<br \/>or damage resulting therefrom.\u00a0<\/p>\t\t\t\t\t\t\t\t<\/div>\n\t\t\t\t<\/div>\n\t\t\t\t\t<\/div>\n\t\t<\/div>\n\t\t\t\t\t<\/div>\n\t\t<\/section>\n\t\t\t\t<\/div>","protected":false},"excerpt":{"rendered":"<p>Mentions L\u00e9gales \u00c9diteur McBURNIE COMMUNICATION Claude MacBurnieEntrepreneur Individuel&nbsp;28, rue de Paris&nbsp;06000 Nice Num\u00e9ro&nbsp;SIRET : 32564769100022 Code APE : Activit\u00e9s photographiques (7420Z) TVA intracommunautaire : FR19325647691 T\u00e9l\u00e9phone : +33 (0)6 14 63 21 20 Email :&nbsp;claude@photocmb.art&nbsp; H\u00e9bergement 1&amp;1 IONOS SARL\u00a07, place de la GareBP 7010957201 Sarreguemines Cedex Tel : 09 70 80 89 11 support@1and1.fr www.1and1.fr [&hellip;]<\/p>\n","protected":false},"author":4,"featured_media":0,"parent":0,"menu_order":0,"comment_status":"closed","ping_status":"closed","template":"","meta":{"_monsterinsights_skip_tracking":false,"_monsterinsights_sitenote_active":false,"_monsterinsights_sitenote_note":"","_monsterinsights_sitenote_category":0,"footnotes":""},"class_list":["post-2792","page","type-page","status-publish","hentry"],"yoast_head":"<!-- This site is optimized with the Yoast SEO plugin v27.3 - https:\/\/yoast.com\/product\/yoast-seo-wordpress\/ -->\n<title>Mentions l\u00e9gales<\/title>\n<meta name=\"robots\" content=\"index, follow, max-snippet:-1, max-image-preview:large, max-video-preview:-1\" \/>\n<link rel=\"canonical\" href=\"https:\/\/photocmb.art\/en\/mentions-legales\/\" \/>\n<meta property=\"og:locale\" content=\"en_GB\" \/>\n<meta property=\"og:type\" content=\"article\" \/>\n<meta property=\"og:title\" content=\"Mentions l\u00e9gales\" \/>\n<meta property=\"og:description\" content=\"Mentions L\u00e9gales \u00c9diteur McBURNIE COMMUNICATION Claude MacBurnieEntrepreneur Individuel&nbsp;28, rue de Paris&nbsp;06000 Nice Num\u00e9ro&nbsp;SIRET : 32564769100022 Code APE : Activit\u00e9s photographiques (7420Z) TVA intracommunautaire : FR19325647691 T\u00e9l\u00e9phone : +33 (0)6 14 63 21 20 Email :&nbsp;claude@photocmb.art&nbsp; H\u00e9bergement 1&amp;1 IONOS SARL\u00a07, place de la GareBP 7010957201 Sarreguemines Cedex Tel : 09 70 80 89 11 support@1and1.fr www.1and1.fr [&hellip;]\" \/>\n<meta property=\"og:url\" content=\"https:\/\/photocmb.art\/en\/mentions-legales\/\" \/>\n<meta property=\"og:site_name\" content=\"McBurnie Communication\" \/>\n<meta property=\"article:modified_time\" content=\"2023-04-15T15:26:56+00:00\" \/>\n<meta name=\"twitter:label1\" content=\"Estimated reading time\" \/>\n\t<meta name=\"twitter:data1\" content=\"3 minutes\" \/>\n<script type=\"application\/ld+json\" class=\"yoast-schema-graph\">{\"@context\":\"https:\\\/\\\/schema.org\",\"@graph\":[{\"@type\":\"WebPage\",\"@id\":\"https:\\\/\\\/photocmb.art\\\/mentions-legales\\\/\",\"url\":\"https:\\\/\\\/photocmb.art\\\/mentions-legales\\\/\",\"name\":\"Mentions l\u00e9gales\",\"isPartOf\":{\"@id\":\"https:\\\/\\\/photocmb.art\\\/#website\"},\"datePublished\":\"2023-03-25T22:14:41+00:00\",\"dateModified\":\"2023-04-15T15:26:56+00:00\",\"breadcrumb\":{\"@id\":\"https:\\\/\\\/photocmb.art\\\/mentions-legales\\\/#breadcrumb\"},\"inLanguage\":\"en-GB\",\"potentialAction\":[{\"@type\":\"ReadAction\",\"target\":[\"https:\\\/\\\/photocmb.art\\\/mentions-legales\\\/\"]}]},{\"@type\":\"BreadcrumbList\",\"@id\":\"https:\\\/\\\/photocmb.art\\\/mentions-legales\\\/#breadcrumb\",\"itemListElement\":[{\"@type\":\"ListItem\",\"position\":1,\"name\":\"Accueil\",\"item\":\"https:\\\/\\\/photocmb.art\\\/\"},{\"@type\":\"ListItem\",\"position\":2,\"name\":\"Mentions l\u00e9gales\"}]},{\"@type\":\"WebSite\",\"@id\":\"https:\\\/\\\/photocmb.art\\\/#website\",\"url\":\"https:\\\/\\\/photocmb.art\\\/\",\"name\":\"McBurnie Communication\",\"description\":\"Claude MacBurnie... capteur d&#039;\u00e9motions\",\"publisher\":{\"@id\":\"https:\\\/\\\/photocmb.art\\\/#organization\"},\"potentialAction\":[{\"@type\":\"SearchAction\",\"target\":{\"@type\":\"EntryPoint\",\"urlTemplate\":\"https:\\\/\\\/photocmb.art\\\/?s={search_term_string}\"},\"query-input\":{\"@type\":\"PropertyValueSpecification\",\"valueRequired\":true,\"valueName\":\"search_term_string\"}}],\"inLanguage\":\"en-GB\"},{\"@type\":\"Organization\",\"@id\":\"https:\\\/\\\/photocmb.art\\\/#organization\",\"name\":\"McBurnie Communication\",\"url\":\"https:\\\/\\\/photocmb.art\\\/\",\"logo\":{\"@type\":\"ImageObject\",\"inLanguage\":\"en-GB\",\"@id\":\"https:\\\/\\\/photocmb.art\\\/#\\\/schema\\\/logo\\\/image\\\/\",\"url\":\"https:\\\/\\\/photocmb.art\\\/wp-content\\\/uploads\\\/2023\\\/03\\\/photocmb-Logo2024-WebTxBlanc_350.png?wsr\",\"contentUrl\":\"https:\\\/\\\/photocmb.art\\\/wp-content\\\/uploads\\\/2023\\\/03\\\/photocmb-Logo2024-WebTxBlanc_350.png?wsr\",\"width\":350,\"height\":140,\"caption\":\"McBurnie Communication\"},\"image\":{\"@id\":\"https:\\\/\\\/photocmb.art\\\/#\\\/schema\\\/logo\\\/image\\\/\"}}]}<\/script>\n<!-- \/ Yoast SEO plugin. -->","yoast_head_json":{"title":"Mentions l\u00e9gales","robots":{"index":"index","follow":"follow","max-snippet":"max-snippet:-1","max-image-preview":"max-image-preview:large","max-video-preview":"max-video-preview:-1"},"canonical":"https:\/\/photocmb.art\/en\/mentions-legales\/","og_locale":"en_GB","og_type":"article","og_title":"Mentions l\u00e9gales","og_description":"Mentions L\u00e9gales \u00c9diteur McBURNIE COMMUNICATION Claude MacBurnieEntrepreneur Individuel&nbsp;28, rue de Paris&nbsp;06000 Nice Num\u00e9ro&nbsp;SIRET : 32564769100022 Code APE : Activit\u00e9s photographiques (7420Z) TVA intracommunautaire : FR19325647691 T\u00e9l\u00e9phone : +33 (0)6 14 63 21 20 Email :&nbsp;claude@photocmb.art&nbsp; H\u00e9bergement 1&amp;1 IONOS SARL\u00a07, place de la GareBP 7010957201 Sarreguemines Cedex Tel : 09 70 80 89 11 support@1and1.fr www.1and1.fr [&hellip;]","og_url":"https:\/\/photocmb.art\/en\/mentions-legales\/","og_site_name":"McBurnie Communication","article_modified_time":"2023-04-15T15:26:56+00:00","twitter_misc":{"Estimated reading time":"3 minutes"},"schema":{"@context":"https:\/\/schema.org","@graph":[{"@type":"WebPage","@id":"https:\/\/photocmb.art\/mentions-legales\/","url":"https:\/\/photocmb.art\/mentions-legales\/","name":"Mentions l\u00e9gales","isPartOf":{"@id":"https:\/\/photocmb.art\/#website"},"datePublished":"2023-03-25T22:14:41+00:00","dateModified":"2023-04-15T15:26:56+00:00","breadcrumb":{"@id":"https:\/\/photocmb.art\/mentions-legales\/#breadcrumb"},"inLanguage":"en-GB","potentialAction":[{"@type":"ReadAction","target":["https:\/\/photocmb.art\/mentions-legales\/"]}]},{"@type":"BreadcrumbList","@id":"https:\/\/photocmb.art\/mentions-legales\/#breadcrumb","itemListElement":[{"@type":"ListItem","position":1,"name":"Accueil","item":"https:\/\/photocmb.art\/"},{"@type":"ListItem","position":2,"name":"Mentions l\u00e9gales"}]},{"@type":"WebSite","@id":"https:\/\/photocmb.art\/#website","url":"https:\/\/photocmb.art\/","name":"McBurnie Communication","description":"Claude MacBurnie... capteur d&#039;\u00e9motions","publisher":{"@id":"https:\/\/photocmb.art\/#organization"},"potentialAction":[{"@type":"SearchAction","target":{"@type":"EntryPoint","urlTemplate":"https:\/\/photocmb.art\/?s={search_term_string}"},"query-input":{"@type":"PropertyValueSpecification","valueRequired":true,"valueName":"search_term_string"}}],"inLanguage":"en-GB"},{"@type":"Organization","@id":"https:\/\/photocmb.art\/#organization","name":"McBurnie Communication","url":"https:\/\/photocmb.art\/","logo":{"@type":"ImageObject","inLanguage":"en-GB","@id":"https:\/\/photocmb.art\/#\/schema\/logo\/image\/","url":"https:\/\/photocmb.art\/wp-content\/uploads\/2023\/03\/photocmb-Logo2024-WebTxBlanc_350.png?wsr","contentUrl":"https:\/\/photocmb.art\/wp-content\/uploads\/2023\/03\/photocmb-Logo2024-WebTxBlanc_350.png?wsr","width":350,"height":140,"caption":"McBurnie Communication"},"image":{"@id":"https:\/\/photocmb.art\/#\/schema\/logo\/image\/"}}]}},"_links":{"self":[{"href":"https:\/\/photocmb.art\/en\/wp-json\/wp\/v2\/pages\/2792","targetHints":{"allow":["GET"]}}],"collection":[{"href":"https:\/\/photocmb.art\/en\/wp-json\/wp\/v2\/pages"}],"about":[{"href":"https:\/\/photocmb.art\/en\/wp-json\/wp\/v2\/types\/page"}],"author":[{"embeddable":true,"href":"https:\/\/photocmb.art\/en\/wp-json\/wp\/v2\/users\/4"}],"replies":[{"embeddable":true,"href":"https:\/\/photocmb.art\/en\/wp-json\/wp\/v2\/comments?post=2792"}],"version-history":[{"count":83,"href":"https:\/\/photocmb.art\/en\/wp-json\/wp\/v2\/pages\/2792\/revisions"}],"predecessor-version":[{"id":4689,"href":"https:\/\/photocmb.art\/en\/wp-json\/wp\/v2\/pages\/2792\/revisions\/4689"}],"wp:attachment":[{"href":"https:\/\/photocmb.art\/en\/wp-json\/wp\/v2\/media?parent=2792"}],"curies":[{"name":"wp","href":"https:\/\/api.w.org\/{rel}","templated":true}]}}